{"id":116683,"date":"2024-11-05T17:13:27","date_gmt":"2024-11-05T16:13:27","guid":{"rendered":"https:\/\/secureus.se\/?post_type=product&#038;p=116683"},"modified":"2026-01-12T12:55:22","modified_gmt":"2026-01-12T11:55:22","slug":"tablet-holder-table-xl","status":"publish","type":"product","link":"https:\/\/secureus.se\/fr\/tablet-holder-table-xl\/","title":{"rendered":"PORTE-TABLETTE TABLE XL"},"content":{"rendered":"<p>Support de tablette au design \u00e9l\u00e9gant et fonctionnel pour tablettes de tailles 7&quot;-13&quot; (160-275 mm). Pour une utilisation dans l&#039;industrie, les entrep\u00f4ts et le secteur des transports, o\u00f9 les tablettes sont utilis\u00e9es avec une housse de protection ou une housse. Support de table stable et stable qui peut \u00eatre inclin\u00e9 en continu de 0\u00b0 \u00e0 88\u00b0. Le support, pour tablettes sans ou avec \u00e9tui jusqu&#039;\u00e0 23 mm d&#039;\u00e9paisseur, est orientable \u00e0 360\u00b0 avec quatre positions d&#039;arr\u00eat tous les 90\u00b0, pour une utilisation en format portrait ou paysage. La tablette peut \u00eatre facilement retir\u00e9e du support et emport\u00e9e avec elle pour des contr\u00f4les, processus et analyses num\u00e9riques. Le c\u00e2ble de chargement est connect\u00e9 via une ouverture dans le support.<br \/>\nPoids maximum de la tablette 1 kg.<br \/>\nMat\u00e9riaux : t\u00f4le, aluminium, plastique ABS<br \/>\nDimensions : 155 x 242 x 183 mm (L x H x P)<\/p>","protected":false},"excerpt":{"rendered":"<p>Support de tablette adapt\u00e9 aux tablettes dot\u00e9es d&#039;une coque de protection jusqu&#039;\u00e0 23 mm d&#039;\u00e9paisseur. Support de table pour une utilisation dans des environnements o\u00f9 les tablettes sont utilis\u00e9es avec un \u00e9tui ou une coque de protection, par exemple dans les installations de production, dans les entrep\u00f4ts et dans le secteur des transports.<\/p>","protected":false},"featured_media":136563,"template":"","meta":{"_acf_changed":false},"product_brand":[],"product_cat":[4236],"product_tag":[4382],"class_list":{"0":"post-116683","1":"product","2":"type-product","3":"status-publish","4":"has-post-thumbnail","6":"product_cat-surfplattehallare","7":"product_tag-silver","8":"product_shipping_class-tunga-paket","9":"pa_brands-durable","10":"pa_farg-silver","11":"tm-no-options","13":"first","14":"instock","15":"sale","16":"taxable","17":"shipping-taxable","18":"purchasable","19":"product-type-simple"},"acf":[],"_links":{"self":[{"href":"https:\/\/secureus.se\/fr\/wp-json\/wp\/v2\/product\/116683","targetHints":{"allow":["GET"]}}],"collection":[{"href":"https:\/\/secureus.se\/fr\/wp-json\/wp\/v2\/product"}],"about":[{"href":"https:\/\/secureus.se\/fr\/wp-json\/wp\/v2\/types\/product"}],"wp:featuredmedia":[{"embeddable":true,"href":"https:\/\/secureus.se\/fr\/wp-json\/wp\/v2\/media\/136563"}],"wp:attachment":[{"href":"https:\/\/secureus.se\/fr\/wp-json\/wp\/v2\/media?parent=116683"}],"wp:term":[{"taxonomy":"product_brand","embeddable":true,"href":"https:\/\/secureus.se\/fr\/wp-json\/wp\/v2\/product_brand?post=116683"},{"taxonomy":"product_cat","embeddable":true,"href":"https:\/\/secureus.se\/fr\/wp-json\/wp\/v2\/product_cat?post=116683"},{"taxonomy":"product_tag","embeddable":true,"href":"https:\/\/secureus.se\/fr\/wp-json\/wp\/v2\/product_tag?post=116683"}],"curies":[{"name":"wp","href":"https:\/\/api.w.org\/{rel}","templated":true}]}}