{"id":116709,"date":"2024-12-07T15:21:16","date_gmt":"2024-12-07T14:21:16","guid":{"rendered":"https:\/\/secureus.se\/?post_type=product&#038;p=116709"},"modified":"2025-12-31T21:22:24","modified_gmt":"2025-12-31T20:22:24","slug":"sherpa-floor-10","status":"publish","type":"product","link":"https:\/\/secureus.se\/fr\/sherpa-floor-10\/","title":{"rendered":"SHERPA\u00ae \u00c9TAGE 10"},"content":{"rendered":"<p>Des stands d\u2019information et de pr\u00e9sentation qui portent de nombreux noms diff\u00e9rents ; panneau, afficheur, syst\u00e8me de vue d&#039;ensemble, registre d&#039;aile, porte document, lat dog.... Quel que soit son nom, il a de nombreuses utilisations dans les bureaux, les magasins, les expositions, etc. Les informations fr\u00e9quemment utilis\u00e9es sont rapidement trouv\u00e9es et faciles \u00e0 consulter dans le syst\u00e8me de synth\u00e8se. SHERPA\u00ae FLOOR est un support de sol complet dot\u00e9 de 10 pochettes en plastique polypropyl\u00e8ne antireflet et num\u00e9risables (noires) pour documents au format A4 et de supports en-t\u00eate amovibles de 58 mm. Lors de l&#039;insertion et du retrait des pochettes, il est bon de plier l\u00e9g\u00e8rement la pochette au milieu le long du c\u00f4t\u00e9 long int\u00e9rieur, afin qu&#039;il soit facile d&#039;ins\u00e9rer et de retirer la pochette sans endommager les pointes du support. La base lourde rend le support stable. Hauteur r\u00e9glable entre 87 et 138 cm, peut \u00eatre inclin\u00e9 vers le haut ou vers le bas pour ajuster l&#039;angle de lecture de 5\u00b0 \u00e0 90\u00b0. Garantie 5 ans. Les conditions de garantie peuvent \u00eatre consult\u00e9es ici\u00a0: https:\/\/www.durable.se\/sv_SE\/service\/garanti\/garanti-foer-sherpa-vario\/<\/p>","protected":false},"excerpt":{"rendered":"<p>Support de sol complet avec 10 panneaux d\u00e9roulants pour avoir rapidement et clairement les informations fr\u00e9quemment utilis\u00e9es \u00e0 port\u00e9e de main. <\/p>","protected":false},"featured_media":135662,"template":"","meta":{"_acf_changed":false},"product_brand":[],"product_cat":[4298],"product_tag":[4381],"class_list":{"0":"post-116709","1":"product","2":"type-product","3":"status-publish","4":"has-post-thumbnail","6":"product_cat-bladderstall-bord","7":"product_tag-svart","8":"product_shipping_class-tunga-paket","9":"pa_brands-durable","10":"pa_farg-svart","11":"tm-no-options","13":"first","14":"instock","15":"sale","16":"taxable","17":"shipping-taxable","18":"purchasable","19":"product-type-simple"},"acf":[],"_links":{"self":[{"href":"https:\/\/secureus.se\/fr\/wp-json\/wp\/v2\/product\/116709","targetHints":{"allow":["GET"]}}],"collection":[{"href":"https:\/\/secureus.se\/fr\/wp-json\/wp\/v2\/product"}],"about":[{"href":"https:\/\/secureus.se\/fr\/wp-json\/wp\/v2\/types\/product"}],"wp:featuredmedia":[{"embeddable":true,"href":"https:\/\/secureus.se\/fr\/wp-json\/wp\/v2\/media\/135662"}],"wp:attachment":[{"href":"https:\/\/secureus.se\/fr\/wp-json\/wp\/v2\/media?parent=116709"}],"wp:term":[{"taxonomy":"product_brand","embeddable":true,"href":"https:\/\/secureus.se\/fr\/wp-json\/wp\/v2\/product_brand?post=116709"},{"taxonomy":"product_cat","embeddable":true,"href":"https:\/\/secureus.se\/fr\/wp-json\/wp\/v2\/product_cat?post=116709"},{"taxonomy":"product_tag","embeddable":true,"href":"https:\/\/secureus.se\/fr\/wp-json\/wp\/v2\/product_tag?post=116709"}],"curies":[{"name":"wp","href":"https:\/\/api.w.org\/{rel}","templated":true}]}}