{"id":116770,"date":"2024-11-05T17:00:03","date_gmt":"2024-11-05T16:00:03","guid":{"rendered":"https:\/\/secureus.se\/?post_type=product&#038;p=116770"},"modified":"2026-01-12T12:55:39","modified_gmt":"2026-01-12T11:55:39","slug":"vaggskydd-s20","status":"publish","type":"product","link":"https:\/\/secureus.se\/fr\/vaggskydd-s20\/","title":{"rendered":"Protection murale S20"},"content":{"rendered":"<p>Les profils d&#039;avertissement et de protection tels que ce protecteur mural sont utilis\u00e9s dans les industries et autres environnements int\u00e9rieurs pour prot\u00e9ger les personnes, les v\u00e9hicules et les meubles en cas de collisions l\u00e9g\u00e8res. Les rayures noires\/jaunes avertissent des surfaces saillantes et la mousse de polyur\u00e9thane \u00e0 partir de laquelle le profil\u00e9 de protection est constitu\u00e9 absorbe les chocs. Le protecteur mural autocollant est coup\u00e9 \u00e0 la longueur souhait\u00e9e \u00e0 l&#039;aide d&#039;un couteau bien aiguis\u00e9. Surface adh\u00e9sive solide et auto-adh\u00e9sive de bonne qualit\u00e9 qui adh\u00e8re, entre autres, au m\u00e9tal, au bois, au carton et au carrelage avec de meilleurs r\u00e9sultats si la temp\u00e9rature est de 10 \u00e0 30\u00b0C. Nuances de couleur selon ASR A1.3 similaires \u00e0 RAL 1004\/9003 (jaune s\u00e9curit\u00e9\/noir s\u00e9curit\u00e9).<br \/>\nTest\u00e9 selon la classification incendie DIN EN 13501-1 classe E.<br \/>\nR\u00e9sistant aux temp\u00e9ratures de -30\u00b0C \u00e0 + 70\u00b0C.<br \/>\nLongueur 1 m. Le profil mesure 60 mm de large et 20 mm d&#039;\u00e9paisseur<\/p>","protected":false},"excerpt":{"rendered":"<p>Protection murale autocollante avec effet amortisseur. Les rayures noires\/jaunes avertissent et attirent l&#039;attention sur les risques potentiels.<\/p>","protected":false},"featured_media":136296,"template":"","meta":{"_acf_changed":false},"product_brand":[],"product_cat":[4239],"product_tag":[4386],"class_list":{"0":"post-116770","1":"product","2":"type-product","3":"status-publish","4":"has-post-thumbnail","6":"product_cat-varnings-skyddsprofiler","7":"product_tag-gul-svart","8":"product_shipping_class-tunga-paket","9":"pa_brands-durable","10":"pa_farg-gul-svart","11":"tm-no-options","13":"first","14":"instock","15":"sale","16":"taxable","17":"shipping-taxable","18":"purchasable","19":"product-type-simple"},"acf":[],"_links":{"self":[{"href":"https:\/\/secureus.se\/fr\/wp-json\/wp\/v2\/product\/116770","targetHints":{"allow":["GET"]}}],"collection":[{"href":"https:\/\/secureus.se\/fr\/wp-json\/wp\/v2\/product"}],"about":[{"href":"https:\/\/secureus.se\/fr\/wp-json\/wp\/v2\/types\/product"}],"wp:featuredmedia":[{"embeddable":true,"href":"https:\/\/secureus.se\/fr\/wp-json\/wp\/v2\/media\/136296"}],"wp:attachment":[{"href":"https:\/\/secureus.se\/fr\/wp-json\/wp\/v2\/media?parent=116770"}],"wp:term":[{"taxonomy":"product_brand","embeddable":true,"href":"https:\/\/secureus.se\/fr\/wp-json\/wp\/v2\/product_brand?post=116770"},{"taxonomy":"product_cat","embeddable":true,"href":"https:\/\/secureus.se\/fr\/wp-json\/wp\/v2\/product_cat?post=116770"},{"taxonomy":"product_tag","embeddable":true,"href":"https:\/\/secureus.se\/fr\/wp-json\/wp\/v2\/product_tag?post=116770"}],"curies":[{"name":"wp","href":"https:\/\/api.w.org\/{rel}","templated":true}]}}