{"id":116792,"date":"2024-11-05T17:25:08","date_gmt":"2024-11-05T16:25:08","guid":{"rendered":"https:\/\/secureus.se\/?post_type=product&#038;p=116792"},"modified":"2026-01-12T12:38:12","modified_gmt":"2026-01-12T11:38:12","slug":"sherpa-swing-arm-10","status":"publish","type":"product","link":"https:\/\/secureus.se\/fr\/sherpa-swing-arm-10\/","title":{"rendered":"BRAS OSCILLANT SHERPA\u00ae 10"},"content":{"rendered":"<p>Bras aluminium 3 articulations SHERPA\u00ae SWING ARM pour 10 panneaux au format A4. Le bras est orientable \u00e0 360\u00b0, longueur du bras 316 \u2013 714 mm. Le bouton verrouille les trois articulations dans la position souhait\u00e9e. Le support de panneau peut \u00eatre pivot\u00e9 vers la droite et la gauche et peut \u00eatre tourn\u00e9 pour une utilisation en format portrait ou paysage. Pour montage sur le bord de la table (espace 19-74 mm). Les pochettes (cadres, panneaux) sont command\u00e9es s\u00e9par\u00e9ment. Garantie 5 ans. Les conditions de garantie peuvent \u00eatre consult\u00e9es ici\u00a0: https:\/\/www.durable.se\/sv_SE\/service\/garanti\/garanti-foer-sherpa-vario\/<br \/>\nAccessoires : SHERPA\u00b0PANEL num\u00e9ro d&#039;article 5606 en diff\u00e9rentes couleurs. Support de collecteur 560919 ou 560319. <\/p>","protected":false},"excerpt":{"rendered":"<p>Bras de table articul\u00e9 pour 10 panneaux au format A4. Bras pivotant, support de panneau inclinable et rotatif. Livr\u00e9 sans panneaux.<\/p>","protected":false},"featured_media":135313,"template":"","meta":{"_acf_changed":false},"product_brand":[],"product_cat":[4298],"product_tag":[4393],"class_list":{"0":"post-116792","1":"product","2":"type-product","3":"status-publish","4":"has-post-thumbnail","6":"product_cat-bladderstall-bord","7":"product_tag-gra","8":"product_shipping_class-tunga-paket","9":"pa_brands-durable","10":"pa_farg-gra","11":"tm-no-options","13":"first","14":"instock","15":"sale","16":"taxable","17":"shipping-taxable","18":"purchasable","19":"product-type-simple"},"acf":[],"_links":{"self":[{"href":"https:\/\/secureus.se\/fr\/wp-json\/wp\/v2\/product\/116792","targetHints":{"allow":["GET"]}}],"collection":[{"href":"https:\/\/secureus.se\/fr\/wp-json\/wp\/v2\/product"}],"about":[{"href":"https:\/\/secureus.se\/fr\/wp-json\/wp\/v2\/types\/product"}],"wp:featuredmedia":[{"embeddable":true,"href":"https:\/\/secureus.se\/fr\/wp-json\/wp\/v2\/media\/135313"}],"wp:attachment":[{"href":"https:\/\/secureus.se\/fr\/wp-json\/wp\/v2\/media?parent=116792"}],"wp:term":[{"taxonomy":"product_brand","embeddable":true,"href":"https:\/\/secureus.se\/fr\/wp-json\/wp\/v2\/product_brand?post=116792"},{"taxonomy":"product_cat","embeddable":true,"href":"https:\/\/secureus.se\/fr\/wp-json\/wp\/v2\/product_cat?post=116792"},{"taxonomy":"product_tag","embeddable":true,"href":"https:\/\/secureus.se\/fr\/wp-json\/wp\/v2\/product_tag?post=116792"}],"curies":[{"name":"wp","href":"https:\/\/api.w.org\/{rel}","templated":true}]}}