{"id":116810,"date":"2024-11-20T14:11:40","date_gmt":"2024-11-20T13:11:40","guid":{"rendered":"https:\/\/secureus.se\/?post_type=product&#038;p=116810"},"modified":"2026-01-12T12:03:47","modified_gmt":"2026-01-12T11:03:47","slug":"magnetetikett-c-profile-40-5-pack","status":"publish","type":"product","link":"https:\/\/secureus.se\/fr\/magnetetikett-c-profile-40-5-pack\/","title":{"rendered":"\u00c9tiquette magn\u00e9tique C-PROFILE 40, paquet de 5"},"content":{"rendered":"<p>Porte-\u00e9tiquette magn\u00e9tique incl. \u00e9tiquette et plastique transparent qui prot\u00e8ge de la salet\u00e9. Pour marquer et scanner, par exemple, les prix et les codes-barres sur les bords des \u00e9tag\u00e8res, les rayonnages \u00e0 palettes, les armoires, les vestiaires et les bo\u00eetes m\u00e9talliques. Facile \u00e0 d\u00e9placer lorsque les marchandises changent d\u2019emplacement d\u2019entrep\u00f4t pour toujours avoir un \u00e9tiquetage \u00e0 jour. Des mod\u00e8les gratuits pour concevoir et imprimer des \u00e9tiquettes \u00e9l\u00e9gantes sont disponibles sur www.duraprint.se.<br \/>\nDimensions : 200 x 40 mm (L x H)<br \/>\nAccessoires:<br \/>\n\u00c9tiquettes suppl\u00e9mentaires sur feuilles A5 pour impression dans une imprimante, r\u00e9f.<\/p>","protected":false},"excerpt":{"rendered":"<p>Porte-\u00e9tiquette magn\u00e9tique avec \u00e9tiquettes blanches et plastique de protection transparent. Hauteur d&#039;\u00e9criture 4 cm, longueur 20 cm.<\/p>","protected":false},"featured_media":133669,"template":"","meta":{"_acf_changed":false},"product_brand":[],"product_cat":[4269],"product_tag":[4390],"class_list":{"0":"post-116810","1":"product","2":"type-product","3":"status-publish","4":"has-post-thumbnail","6":"product_cat-magnetisk-fastsattning","7":"product_tag-morkgra","8":"product_shipping_class-tunga-paket","9":"pa_brands-durable","10":"pa_farg-morkgra","11":"tm-no-options","13":"first","14":"instock","15":"sale","16":"taxable","17":"shipping-taxable","18":"purchasable","19":"product-type-simple"},"acf":[],"_links":{"self":[{"href":"https:\/\/secureus.se\/fr\/wp-json\/wp\/v2\/product\/116810","targetHints":{"allow":["GET"]}}],"collection":[{"href":"https:\/\/secureus.se\/fr\/wp-json\/wp\/v2\/product"}],"about":[{"href":"https:\/\/secureus.se\/fr\/wp-json\/wp\/v2\/types\/product"}],"wp:featuredmedia":[{"embeddable":true,"href":"https:\/\/secureus.se\/fr\/wp-json\/wp\/v2\/media\/133669"}],"wp:attachment":[{"href":"https:\/\/secureus.se\/fr\/wp-json\/wp\/v2\/media?parent=116810"}],"wp:term":[{"taxonomy":"product_brand","embeddable":true,"href":"https:\/\/secureus.se\/fr\/wp-json\/wp\/v2\/product_brand?post=116810"},{"taxonomy":"product_cat","embeddable":true,"href":"https:\/\/secureus.se\/fr\/wp-json\/wp\/v2\/product_cat?post=116810"},{"taxonomy":"product_tag","embeddable":true,"href":"https:\/\/secureus.se\/fr\/wp-json\/wp\/v2\/product_tag?post=116810"}],"curies":[{"name":"wp","href":"https:\/\/api.w.org\/{rel}","templated":true}]}}