{"id":116833,"date":"2024-11-20T14:11:57","date_gmt":"2024-11-20T13:11:57","guid":{"rendered":"https:\/\/secureus.se\/?post_type=product&#038;p=116833"},"modified":"2026-01-12T12:43:14","modified_gmt":"2026-01-12T11:43:14","slug":"namnskylt-40x75-akryl-nalfaste","status":"publish","type":"product","link":"https:\/\/secureus.se\/fr\/namnskylt-40x75-akryl-nalfaste\/","title":{"rendered":"Plaque signal\u00e9tique 40\u00d775 acrylique, montage par broche"},"content":{"rendered":"<p>Participants \u00e0 des conf\u00e9rences, visiteurs d&#039;entreprises, collaborateurs de salons, de magasins, professions de service et vendeurs - la liste peut \u00eatre \u00e9tendue l\u00e0 o\u00f9 l&#039;on a besoin d&#039;insignes nominatifs de diff\u00e9rentes tailles, mod\u00e8les et options de fixation. Il s&#039;agit d&#039;une \u00e9tiquette nominative classique de 40 x 75 mm en acrylique avec une aiguille solide dont la pointe de l&#039;aiguille est prot\u00e9g\u00e9e afin qu&#039;elle ne pique pas le porteur et une poign\u00e9e pour le pouce qui facilite le retrait de la carte. En plus d&#039;\u00eatre fix\u00e9 \u00e0 l&#039;aide d&#039;une \u00e9pingle, il peut \u00e9galement \u00eatre pouss\u00e9 vers le bas sur le bord de la poche poitrine afin que l&#039;\u00e9tiquette nominative soit visible et que le dos se trouve \u00e0 l&#039;int\u00e9rieur de la poche. Des \u00e9tiquettes blanches en bande sont incluses. Les \u00e9tiquettes sur feuilles A4 pour impression dans les imprimantes peuvent \u00eatre command\u00e9es s\u00e9par\u00e9ment. Utilisez le programme gratuit DURAPRINT\u00ae disponible sur www.duraprint.se pour cr\u00e9er et imprimer des \u00e9tiquettes nominatives \u00e9l\u00e9gantes.<br \/>\nAccessoires:<br \/>\n\u00c9tiquettes Badgemaker\u00ae sur feuilles A4 \u00e0 imprimer avec une imprimante, r\u00e9f.<\/p>","protected":false},"excerpt":{"rendered":"<p>Plaque signal\u00e9tique en acrylique fix\u00e9e avec une \u00e9pingle de s\u00fbret\u00e9. Discret mais toujours enti\u00e8rement visible format 40x75mm. 100 pi\u00e8ces\/bo\u00eete<\/p>","protected":false},"featured_media":133731,"template":"","meta":{"_acf_changed":false},"product_brand":[],"product_cat":[4282],"product_tag":[4376],"class_list":{"0":"post-116833","1":"product","2":"type-product","3":"status-publish","4":"has-post-thumbnail","6":"product_cat-namnskyltar-med-nal","7":"product_tag-transparent","8":"product_shipping_class-tunga-paket","9":"pa_brands-durable","10":"pa_farg-transparent","11":"tm-no-options","13":"first","14":"instock","15":"sale","16":"taxable","17":"shipping-taxable","18":"purchasable","19":"product-type-simple"},"acf":[],"_links":{"self":[{"href":"https:\/\/secureus.se\/fr\/wp-json\/wp\/v2\/product\/116833","targetHints":{"allow":["GET"]}}],"collection":[{"href":"https:\/\/secureus.se\/fr\/wp-json\/wp\/v2\/product"}],"about":[{"href":"https:\/\/secureus.se\/fr\/wp-json\/wp\/v2\/types\/product"}],"wp:featuredmedia":[{"embeddable":true,"href":"https:\/\/secureus.se\/fr\/wp-json\/wp\/v2\/media\/133731"}],"wp:attachment":[{"href":"https:\/\/secureus.se\/fr\/wp-json\/wp\/v2\/media?parent=116833"}],"wp:term":[{"taxonomy":"product_brand","embeddable":true,"href":"https:\/\/secureus.se\/fr\/wp-json\/wp\/v2\/product_brand?post=116833"},{"taxonomy":"product_cat","embeddable":true,"href":"https:\/\/secureus.se\/fr\/wp-json\/wp\/v2\/product_cat?post=116833"},{"taxonomy":"product_tag","embeddable":true,"href":"https:\/\/secureus.se\/fr\/wp-json\/wp\/v2\/product_tag?post=116833"}],"curies":[{"name":"wp","href":"https:\/\/api.w.org\/{rel}","templated":true}]}}