{"id":116880,"date":"2024-11-05T17:23:28","date_gmt":"2024-11-05T16:23:28","guid":{"rendered":"https:\/\/secureus.se\/?post_type=product&#038;p=116880"},"modified":"2026-01-12T12:49:49","modified_gmt":"2026-01-12T11:49:49","slug":"sjalvhaftande-ficka-pocketfix-101x61-100-st","status":"publish","type":"product","link":"https:\/\/secureus.se\/fr\/sjalvhaftande-ficka-pocketfix-101x61-100-st\/","title":{"rendered":"Pochette autocollante POCKETFIX\u00ae 101\u00d761 100 pcs"},"content":{"rendered":"<p>Classeurs \u00e0 \u00e9tiquettes, chemises, bo\u00eetes\u2026 avec \u00e9tiquettes \u00e0 ins\u00e9rer dans une pochette POCKETFIX\u00ae autocollante. La pochette transparente est en plastique polypropyl\u00e8ne. Cette poche a une ouverture sur un c\u00f4t\u00e9 long. Livr\u00e9 sans \u00e9tiquette. Dimensions int\u00e9rieures : 101\u00d761. Dimensions ext\u00e9rieures : 105\u00d765 mm (LxH). Paquet de 100 pochettes.<\/p>","protected":false},"excerpt":{"rendered":"<p>Pochette autocollante avec ouverture sur un c\u00f4t\u00e9 long. Pour les \u00e9tiquettes au format 101\u00d761.<\/p>","protected":false},"featured_media":135344,"template":"","meta":{"_acf_changed":false},"product_brand":[],"product_cat":[4252],"product_tag":[4376],"class_list":{"0":"post-116880","1":"product","2":"type-product","3":"status-publish","4":"has-post-thumbnail","6":"product_cat-sjalvhaftande-fickor","7":"product_tag-transparent","8":"product_shipping_class-tunga-paket","9":"pa_brands-durable","10":"pa_farg-transparent","11":"tm-no-options","13":"first","14":"instock","15":"sale","16":"taxable","17":"shipping-taxable","18":"purchasable","19":"product-type-simple"},"acf":[],"_links":{"self":[{"href":"https:\/\/secureus.se\/fr\/wp-json\/wp\/v2\/product\/116880","targetHints":{"allow":["GET"]}}],"collection":[{"href":"https:\/\/secureus.se\/fr\/wp-json\/wp\/v2\/product"}],"about":[{"href":"https:\/\/secureus.se\/fr\/wp-json\/wp\/v2\/types\/product"}],"wp:featuredmedia":[{"embeddable":true,"href":"https:\/\/secureus.se\/fr\/wp-json\/wp\/v2\/media\/135344"}],"wp:attachment":[{"href":"https:\/\/secureus.se\/fr\/wp-json\/wp\/v2\/media?parent=116880"}],"wp:term":[{"taxonomy":"product_brand","embeddable":true,"href":"https:\/\/secureus.se\/fr\/wp-json\/wp\/v2\/product_brand?post=116880"},{"taxonomy":"product_cat","embeddable":true,"href":"https:\/\/secureus.se\/fr\/wp-json\/wp\/v2\/product_cat?post=116880"},{"taxonomy":"product_tag","embeddable":true,"href":"https:\/\/secureus.se\/fr\/wp-json\/wp\/v2\/product_tag?post=116880"}],"curies":[{"name":"wp","href":"https:\/\/api.w.org\/{rel}","templated":true}]}}