{"id":116888,"date":"2024-11-05T16:56:54","date_gmt":"2024-11-05T15:56:54","guid":{"rendered":"https:\/\/secureus.se\/?post_type=product&#038;p=116888"},"modified":"2026-01-12T12:56:30","modified_gmt":"2026-01-12T11:56:30","slug":"markeringstejp-duraline-basic-50-016-6","status":"publish","type":"product","link":"https:\/\/secureus.se\/fr\/markeringstejp-duraline-basic-50-016-6\/","title":{"rendered":"Ruban de marquage DURALINE\u00ae BASIC 50\/016"},"content":{"rendered":"<p>Ruban d&#039;avertissement autocollant jaune\/noir qui peut \u00eatre fa\u00e7onn\u00e9 sur des surfaces in\u00e9gales ou autour des bords et des coins. L&#039;adh\u00e9sif en caoutchouc du ruban, en plus d&#039;\u00eatre mall\u00e9able, le rend \u00e9galement facile \u00e0 enlever sans laisser de r\u00e9sidus d&#039;adh\u00e9sif, ce qui le rend parfait pour attirer l&#039;attention sur les dangers et les risques temporaires ainsi que plus permanents. Pour une utilisation en int\u00e9rieur sur des surfaces propres, sans huile et sans poussi\u00e8re. Assurez-vous que les sols, piliers, balustrades, portes, etc., qui peuvent pr\u00e9senter un risque, sont clairement marqu\u00e9s et correctement remarqu\u00e9s par ceux qui les entourent. Le ruban est lisse et n&#039;a aucune classe antid\u00e9rapante. Instructions de montage incluses. Largeur : 50 mm \u00c9paisseur : 0,16 mm Longueur : 33 m<\/p>","protected":false},"excerpt":{"rendered":"<p>Ruban d&#039;avertissement pour marquer, coder par couleur et attirer l&#039;attention, par exemple, sur les dangers et les risques \u00e0 l&#039;int\u00e9rieur<\/p>","protected":false},"featured_media":135655,"template":"","meta":{"_acf_changed":false},"product_brand":[],"product_cat":[4303],"product_tag":[4386],"class_list":{"0":"post-116888","1":"product","2":"type-product","3":"status-publish","4":"has-post-thumbnail","6":"product_cat-golvtejp","7":"product_tag-gul-svart","8":"product_shipping_class-tunga-paket","9":"pa_brands-durable","10":"pa_farg-gul-svart","11":"tm-no-options","13":"first","14":"instock","15":"sale","16":"taxable","17":"shipping-taxable","18":"purchasable","19":"product-type-simple"},"acf":[],"_links":{"self":[{"href":"https:\/\/secureus.se\/fr\/wp-json\/wp\/v2\/product\/116888","targetHints":{"allow":["GET"]}}],"collection":[{"href":"https:\/\/secureus.se\/fr\/wp-json\/wp\/v2\/product"}],"about":[{"href":"https:\/\/secureus.se\/fr\/wp-json\/wp\/v2\/types\/product"}],"wp:featuredmedia":[{"embeddable":true,"href":"https:\/\/secureus.se\/fr\/wp-json\/wp\/v2\/media\/135655"}],"wp:attachment":[{"href":"https:\/\/secureus.se\/fr\/wp-json\/wp\/v2\/media?parent=116888"}],"wp:term":[{"taxonomy":"product_brand","embeddable":true,"href":"https:\/\/secureus.se\/fr\/wp-json\/wp\/v2\/product_brand?post=116888"},{"taxonomy":"product_cat","embeddable":true,"href":"https:\/\/secureus.se\/fr\/wp-json\/wp\/v2\/product_cat?post=116888"},{"taxonomy":"product_tag","embeddable":true,"href":"https:\/\/secureus.se\/fr\/wp-json\/wp\/v2\/product_tag?post=116888"}],"curies":[{"name":"wp","href":"https:\/\/api.w.org\/{rel}","templated":true}]}}