{"id":116928,"date":"2024-11-05T16:46:42","date_gmt":"2024-11-05T15:46:42","guid":{"rendered":"https:\/\/secureus.se\/?post_type=product&#038;p=116928"},"modified":"2026-01-12T12:56:13","modified_gmt":"2026-01-12T11:56:13","slug":"surfplattehallare-tough-clamp","status":"publish","type":"product","link":"https:\/\/secureus.se\/fr\/surfplattehallare-tough-clamp\/","title":{"rendered":"Support pour planche de surf TOUGH CLAMP"},"content":{"rendered":"<p>Support pour planche de surf pouvant \u00eatre mont\u00e9 sur des \u00e9tag\u00e8res (max. 40 mm) ou des tuyaux et tiges (\u00d8 15-40 mm), par exemple sur la poign\u00e9e d&#039;un chariot de nettoyage ou de stockage. Convient aux tablettes avec ou sans \u00e9tui de taille 7\u2033-13\u2033 (160-275 mm) avec une \u00e9paisseur maximale de 23 mm. Pour instructions, plans de travail et autres choses pour l&#039;industrie, les installations de production, les entreprises de nettoyage, etc. Le support, dot\u00e9 de surfaces recouvertes de caoutchouc qui prot\u00e8gent la tablette des rayures et des dommages, peut pivoter \u00e0 360\u00b0.<br \/>\nPoids maximum de la tablette 1 kg.<br \/>\nDimensions : 130 x 177 x 82 mm (L x H x P)<\/p>","protected":false},"excerpt":{"rendered":"<p>Support de planche de surf avec support pour \u00e9tag\u00e8re ou barre. Convient aux tablettes de 7 \u00e0 13\u2033 avec ou sans housse de protection. Avec col de cygne pliable et rotule.<\/p>","protected":false},"featured_media":135807,"template":"","meta":{"_acf_changed":false},"product_brand":[],"product_cat":[4236],"product_tag":[4381],"class_list":{"0":"post-116928","1":"product","2":"type-product","3":"status-publish","4":"has-post-thumbnail","6":"product_cat-surfplattehallare","7":"product_tag-svart","8":"product_shipping_class-tunga-paket","9":"pa_brands-durable","10":"pa_farg-svart","11":"tm-no-options","13":"first","14":"instock","15":"sale","16":"taxable","17":"shipping-taxable","18":"purchasable","19":"product-type-simple"},"acf":[],"_links":{"self":[{"href":"https:\/\/secureus.se\/fr\/wp-json\/wp\/v2\/product\/116928","targetHints":{"allow":["GET"]}}],"collection":[{"href":"https:\/\/secureus.se\/fr\/wp-json\/wp\/v2\/product"}],"about":[{"href":"https:\/\/secureus.se\/fr\/wp-json\/wp\/v2\/types\/product"}],"wp:featuredmedia":[{"embeddable":true,"href":"https:\/\/secureus.se\/fr\/wp-json\/wp\/v2\/media\/135807"}],"wp:attachment":[{"href":"https:\/\/secureus.se\/fr\/wp-json\/wp\/v2\/media?parent=116928"}],"wp:term":[{"taxonomy":"product_brand","embeddable":true,"href":"https:\/\/secureus.se\/fr\/wp-json\/wp\/v2\/product_brand?post=116928"},{"taxonomy":"product_cat","embeddable":true,"href":"https:\/\/secureus.se\/fr\/wp-json\/wp\/v2\/product_cat?post=116928"},{"taxonomy":"product_tag","embeddable":true,"href":"https:\/\/secureus.se\/fr\/wp-json\/wp\/v2\/product_tag?post=116928"}],"curies":[{"name":"wp","href":"https:\/\/api.w.org\/{rel}","templated":true}]}}