{"id":116993,"date":"2024-11-05T17:21:13","date_gmt":"2024-11-05T16:21:13","guid":{"rendered":"https:\/\/secureus.se\/?post_type=product&#038;p=116993"},"modified":"2026-01-12T12:45:18","modified_gmt":"2026-01-12T11:45:18","slug":"sjalvhaftande-ficka-pocketfix-a5-5-st","status":"publish","type":"product","link":"https:\/\/secureus.se\/fr\/sjalvhaftande-ficka-pocketfix-a5-5-st\/","title":{"rendered":"Pochette autocollante POCKETFIX\u00ae A5 5 pcs"},"content":{"rendered":"<p>Classeurs \u00e0 \u00e9tiquettes, chemises, bo\u00eetes\u2026 avec \u00e9tiquettes \u00e0 ins\u00e9rer dans une pochette POCKETFIX\u00ae autocollante. La pochette transparente est en plastique polypropyl\u00e8ne. Cette pochette pour documents A5 poss\u00e8de une ouverture sur un c\u00f4t\u00e9 court. Dimensions ext\u00e9rieures : 154\u00d7216 mm (LxH). Sac avec 5 poches.<\/p>","protected":false},"excerpt":{"rendered":"<p>Pochette autocollante avec ouverture sur un petit c\u00f4t\u00e9. Pour les documents au format A5.<\/p>","protected":false},"featured_media":135557,"template":"","meta":{"_acf_changed":false},"product_brand":[],"product_cat":[4252],"product_tag":[4376],"class_list":{"0":"post-116993","1":"product","2":"type-product","3":"status-publish","4":"has-post-thumbnail","6":"product_cat-sjalvhaftande-fickor","7":"product_tag-transparent","8":"product_shipping_class-tunga-paket","9":"pa_brands-durable","10":"pa_farg-transparent","11":"tm-no-options","13":"first","14":"instock","15":"sale","16":"taxable","17":"shipping-taxable","18":"purchasable","19":"product-type-simple"},"acf":[],"_links":{"self":[{"href":"https:\/\/secureus.se\/fr\/wp-json\/wp\/v2\/product\/116993","targetHints":{"allow":["GET"]}}],"collection":[{"href":"https:\/\/secureus.se\/fr\/wp-json\/wp\/v2\/product"}],"about":[{"href":"https:\/\/secureus.se\/fr\/wp-json\/wp\/v2\/types\/product"}],"wp:featuredmedia":[{"embeddable":true,"href":"https:\/\/secureus.se\/fr\/wp-json\/wp\/v2\/media\/135557"}],"wp:attachment":[{"href":"https:\/\/secureus.se\/fr\/wp-json\/wp\/v2\/media?parent=116993"}],"wp:term":[{"taxonomy":"product_brand","embeddable":true,"href":"https:\/\/secureus.se\/fr\/wp-json\/wp\/v2\/product_brand?post=116993"},{"taxonomy":"product_cat","embeddable":true,"href":"https:\/\/secureus.se\/fr\/wp-json\/wp\/v2\/product_cat?post=116993"},{"taxonomy":"product_tag","embeddable":true,"href":"https:\/\/secureus.se\/fr\/wp-json\/wp\/v2\/product_tag?post=116993"}],"curies":[{"name":"wp","href":"https:\/\/api.w.org\/{rel}","templated":true}]}}