{"id":117053,"date":"2024-11-05T17:20:23","date_gmt":"2024-11-05T16:20:23","guid":{"rendered":"https:\/\/secureus.se\/?post_type=product&#038;p=117053"},"modified":"2026-01-12T12:30:28","modified_gmt":"2026-01-12T11:30:28","slug":"sjalvhaftande-kabelhallare-cavoline-clip-2","status":"publish","type":"product","link":"https:\/\/secureus.se\/fr\/sjalvhaftande-kabelhallare-cavoline-clip-2\/","title":{"rendered":"Support de c\u00e2ble autocollant CAVOLINE\u00ae CLIP 2"},"content":{"rendered":"<p>Gardez les c\u00e2bles en ordre avec CAVOLINE\u00ae aussi bien au bureau qu&#039;\u00e0 la maison. R\u00e9cup\u00e9rez les c\u00e2bles et cela semble plus soign\u00e9 et est \u00e9galement plus facile \u00e0 nettoyer.<br \/>\nSupport de c\u00e2ble rond autocollant en plastique souple pour 2 c\u00e2bles USB ou t\u00e9l\u00e9phoniques d&#039;un diam\u00e8tre maximum de 5 mm. Se fixe sur des surfaces lisses et propres. Dimensions : 20 x 12 mm (\u00f8 x H)<\/p>","protected":false},"excerpt":{"rendered":"<p>Serre-c\u00e2ble autocollant pour 2 c\u00e2bles t\u00e9l\u00e9phoniques ou USB.<\/p>","protected":false},"featured_media":135883,"template":"","meta":{"_acf_changed":false},"product_brand":[],"product_cat":[4287,4252],"product_tag":[4393],"class_list":{"0":"post-117053","1":"product","2":"type-product","3":"status-publish","4":"has-post-thumbnail","6":"product_cat-kabelsamlare","7":"product_cat-sjalvhaftande-fickor","8":"product_tag-gra","9":"product_shipping_class-tunga-paket","10":"pa_brands-durable","11":"pa_farg-gra","12":"tm-no-options","14":"first","15":"instock","16":"sale","17":"taxable","18":"shipping-taxable","19":"purchasable","20":"product-type-simple"},"acf":[],"_links":{"self":[{"href":"https:\/\/secureus.se\/fr\/wp-json\/wp\/v2\/product\/117053","targetHints":{"allow":["GET"]}}],"collection":[{"href":"https:\/\/secureus.se\/fr\/wp-json\/wp\/v2\/product"}],"about":[{"href":"https:\/\/secureus.se\/fr\/wp-json\/wp\/v2\/types\/product"}],"wp:featuredmedia":[{"embeddable":true,"href":"https:\/\/secureus.se\/fr\/wp-json\/wp\/v2\/media\/135883"}],"wp:attachment":[{"href":"https:\/\/secureus.se\/fr\/wp-json\/wp\/v2\/media?parent=117053"}],"wp:term":[{"taxonomy":"product_brand","embeddable":true,"href":"https:\/\/secureus.se\/fr\/wp-json\/wp\/v2\/product_brand?post=117053"},{"taxonomy":"product_cat","embeddable":true,"href":"https:\/\/secureus.se\/fr\/wp-json\/wp\/v2\/product_cat?post=117053"},{"taxonomy":"product_tag","embeddable":true,"href":"https:\/\/secureus.se\/fr\/wp-json\/wp\/v2\/product_tag?post=117053"}],"curies":[{"name":"wp","href":"https:\/\/api.w.org\/{rel}","templated":true}]}}