{"id":117054,"date":"2024-11-05T16:53:25","date_gmt":"2024-11-05T15:53:25","guid":{"rendered":"https:\/\/secureus.se\/?post_type=product&#038;p=117054"},"modified":"2026-01-12T12:01:38","modified_gmt":"2026-01-12T11:01:38","slug":"plastficka-magnetisk-hard-cover-a5-l","status":"publish","type":"product","link":"https:\/\/secureus.se\/fr\/plastficka-magnetisk-hard-cover-a5-l\/","title":{"rendered":"Pochette plastique magn\u00e9tique HARD COVER A5 L"},"content":{"rendered":"<p>Un \u00e9tiquetage clair et complet des \u00e9tag\u00e8res, armoires, portes, conteneurs et autres espaces am\u00e9liore et rationalise le processus de travail dans les entrep\u00f4ts et les installations de production. Les pochettes transparentes et magn\u00e9tiques en plastique PET rigide peuvent \u00eatre lues avec un scanner. Les \u00e9tiquettes sont faciles \u00e0 changer car les pochettes sont ouvertes en haut et des deux c\u00f4t\u00e9s et disposent \u00e9galement de coins chanfrein\u00e9s pour un acc\u00e8s facile \u00e0 l&#039;insert. Deux bandes magn\u00e9tiques au dos maintiennent la poche fermement en place. Chaque porte-\u00e9tiquette est recouvert d&#039;un film plastique transparent qui prot\u00e8ge des rayures lors du transport et du stockage. Le film protecteur s\u2019enl\u00e8ve facilement lors de l\u2019utilisation du produit. Un mod\u00e8le gratuit d&#039;\u00e9tiquette est disponible sur www.duraprint.se.<br \/>\nDimensions int\u00e9rieures\u00a0: A5L (210\u00d7148 mm L x H)<br \/>\nDimensions ext\u00e9rieures : 213 x 153 mm (L x H)<br \/>\nAccessoires : \u00c9tiquettes sur feuilles A4, art. N\u00b0 485502<\/p>","protected":false},"excerpt":{"rendered":"<p>Pochette plastique en plastique PET au format paysage A5 avec deux bandes magn\u00e9tiques au dos. \u00c0 utiliser sur des surfaces m\u00e9talliques telles que des \u00e9tag\u00e8res de rangement et des conteneurs m\u00e9talliques.<\/p>","protected":false},"featured_media":136139,"template":"","meta":{"_acf_changed":false},"product_brand":[],"product_cat":[4306],"product_tag":[4376],"class_list":{"0":"post-117054","1":"product","2":"type-product","3":"status-publish","4":"has-post-thumbnail","6":"product_cat-markning-pallstall","7":"product_tag-transparent","8":"product_shipping_class-tunga-paket","9":"pa_brands-durable","10":"pa_farg-transparent","11":"tm-no-options","13":"first","14":"instock","15":"sale","16":"taxable","17":"shipping-taxable","18":"purchasable","19":"product-type-simple"},"acf":[],"_links":{"self":[{"href":"https:\/\/secureus.se\/fr\/wp-json\/wp\/v2\/product\/117054","targetHints":{"allow":["GET"]}}],"collection":[{"href":"https:\/\/secureus.se\/fr\/wp-json\/wp\/v2\/product"}],"about":[{"href":"https:\/\/secureus.se\/fr\/wp-json\/wp\/v2\/types\/product"}],"wp:featuredmedia":[{"embeddable":true,"href":"https:\/\/secureus.se\/fr\/wp-json\/wp\/v2\/media\/136139"}],"wp:attachment":[{"href":"https:\/\/secureus.se\/fr\/wp-json\/wp\/v2\/media?parent=117054"}],"wp:term":[{"taxonomy":"product_brand","embeddable":true,"href":"https:\/\/secureus.se\/fr\/wp-json\/wp\/v2\/product_brand?post=117054"},{"taxonomy":"product_cat","embeddable":true,"href":"https:\/\/secureus.se\/fr\/wp-json\/wp\/v2\/product_cat?post=117054"},{"taxonomy":"product_tag","embeddable":true,"href":"https:\/\/secureus.se\/fr\/wp-json\/wp\/v2\/product_tag?post=117054"}],"curies":[{"name":"wp","href":"https:\/\/api.w.org\/{rel}","templated":true}]}}