{"id":117060,"date":"2024-11-05T17:04:49","date_gmt":"2024-11-05T16:04:49","guid":{"rendered":"https:\/\/secureus.se\/?post_type=product&#038;p=117060"},"modified":"2026-01-12T12:37:20","modified_gmt":"2026-01-12T11:37:20","slug":"vario-magnet-wall-5","status":"publish","type":"product","link":"https:\/\/secureus.se\/fr\/vario-magnet-wall-5\/","title":{"rendered":"MUR AIMANT\u00c9 VARIO\u00ae 5"},"content":{"rendered":"<p>Des stands d\u2019information et de pr\u00e9sentation qui portent de nombreux noms diff\u00e9rents ; panneau, afficheur, syst\u00e8me de vue d&#039;ensemble, registre d&#039;aile, porte PLU, porte document, lat dog.... Quel que soit son nom, il a de nombreuses utilisations dans les entrep\u00f4ts, les magasins, les expositions, etc. Les informations fr\u00e9quemment utilis\u00e9es sont stock\u00e9es, rapidement trouv\u00e9es et facilement consultables dans le syst\u00e8me de synth\u00e8se. VARIO\u00ae MAGNET WALL est un support mural complet dot\u00e9 de 5 pochettes en plastique polypropyl\u00e8ne antireflet et num\u00e9risables (noires) pour documents au format A4. Aimant puissant au dos pour \u00eatre install\u00e9 par exemple sur des \u00e9tag\u00e8res m\u00e9talliques, des rayonnages \u00e0 palettes ou des machines. Lors de l&#039;insertion et du retrait des pochettes, il est bon de plier l\u00e9g\u00e8rement la pochette au milieu le long du c\u00f4t\u00e9 long int\u00e9rieur, afin qu&#039;il soit facile d&#039;ins\u00e9rer et de retirer la pochette sans endommager les pointes du support. Garantie 5 ans. Les conditions de garantie peuvent \u00eatre consult\u00e9es ici\u00a0: https:\/\/www.durable.se\/sv_SE\/service\/garanti\/garanti-foer-sherpa-vario\/<br \/>\nAccessoires : Support de collecteur 560919 ou 560319<\/p>","protected":false},"excerpt":{"rendered":"<p>Support mural complet en m\u00e9tal avec aimant puissant au dos et 5 panneaux A4 rabattables.<\/p>","protected":false},"featured_media":136838,"template":"","meta":{"_acf_changed":false},"product_brand":[],"product_cat":[4298],"product_tag":[4381],"class_list":{"0":"post-117060","1":"product","2":"type-product","3":"status-publish","4":"has-post-thumbnail","6":"product_cat-bladderstall-bord","7":"product_tag-svart","8":"product_shipping_class-tunga-paket","9":"pa_brands-durable","10":"pa_farg-svart","11":"tm-no-options","13":"first","14":"instock","15":"sale","16":"taxable","17":"shipping-taxable","18":"purchasable","19":"product-type-simple"},"acf":[],"_links":{"self":[{"href":"https:\/\/secureus.se\/fr\/wp-json\/wp\/v2\/product\/117060","targetHints":{"allow":["GET"]}}],"collection":[{"href":"https:\/\/secureus.se\/fr\/wp-json\/wp\/v2\/product"}],"about":[{"href":"https:\/\/secureus.se\/fr\/wp-json\/wp\/v2\/types\/product"}],"wp:featuredmedia":[{"embeddable":true,"href":"https:\/\/secureus.se\/fr\/wp-json\/wp\/v2\/media\/136838"}],"wp:attachment":[{"href":"https:\/\/secureus.se\/fr\/wp-json\/wp\/v2\/media?parent=117060"}],"wp:term":[{"taxonomy":"product_brand","embeddable":true,"href":"https:\/\/secureus.se\/fr\/wp-json\/wp\/v2\/product_brand?post=117060"},{"taxonomy":"product_cat","embeddable":true,"href":"https:\/\/secureus.se\/fr\/wp-json\/wp\/v2\/product_cat?post=117060"},{"taxonomy":"product_tag","embeddable":true,"href":"https:\/\/secureus.se\/fr\/wp-json\/wp\/v2\/product_tag?post=117060"}],"curies":[{"name":"wp","href":"https:\/\/api.w.org\/{rel}","templated":true}]}}