{"id":117083,"date":"2024-11-05T17:19:58","date_gmt":"2024-11-05T16:19:58","guid":{"rendered":"https:\/\/secureus.se\/?post_type=product&#038;p=117083"},"modified":"2026-01-12T12:30:51","modified_gmt":"2026-01-12T11:30:51","slug":"sjalvhaftande-kabelhallare-cavoline-clip-3-2","status":"publish","type":"product","link":"https:\/\/secureus.se\/fr\/sjalvhaftande-kabelhallare-cavoline-clip-3-2\/","title":{"rendered":"Support de c\u00e2ble autocollant CAVOLINE\u00ae CLIP 3"},"content":{"rendered":"<p>Gardez les c\u00e2bles en ordre avec CAVOLINE\u00ae aussi bien au bureau qu&#039;\u00e0 la maison. R\u00e9cup\u00e9rez les c\u00e2bles et cela semble plus soign\u00e9 et est \u00e9galement plus facile \u00e0 nettoyer.<br \/>\nSupport de c\u00e2ble autocollant en plastique souple pour 3 c\u00e2bles USB ou t\u00e9l\u00e9phoniques d&#039;un diam\u00e8tre maximum de 5 mm. Se fixe sur des surfaces lisses et propres. Dimensions : 20 x 12 x 52 mm (L x H x P)<\/p>","protected":false},"excerpt":{"rendered":"<p>Serre-c\u00e2ble autocollant pour 3 c\u00e2bles t\u00e9l\u00e9phoniques ou USB.<\/p>","protected":false},"featured_media":135422,"template":"","meta":{"_acf_changed":false},"product_brand":[],"product_cat":[4287,4252],"product_tag":[4404],"class_list":{"0":"post-117083","1":"product","2":"type-product","3":"status-publish","4":"has-post-thumbnail","6":"product_cat-kabelsamlare","7":"product_cat-sjalvhaftande-fickor","8":"product_tag-grafitgra","9":"product_shipping_class-tunga-paket","10":"pa_brands-durable","11":"pa_farg-grafitgra","12":"tm-no-options","14":"first","15":"instock","16":"sale","17":"taxable","18":"shipping-taxable","19":"purchasable","20":"product-type-simple"},"acf":[],"_links":{"self":[{"href":"https:\/\/secureus.se\/fr\/wp-json\/wp\/v2\/product\/117083","targetHints":{"allow":["GET"]}}],"collection":[{"href":"https:\/\/secureus.se\/fr\/wp-json\/wp\/v2\/product"}],"about":[{"href":"https:\/\/secureus.se\/fr\/wp-json\/wp\/v2\/types\/product"}],"wp:featuredmedia":[{"embeddable":true,"href":"https:\/\/secureus.se\/fr\/wp-json\/wp\/v2\/media\/135422"}],"wp:attachment":[{"href":"https:\/\/secureus.se\/fr\/wp-json\/wp\/v2\/media?parent=117083"}],"wp:term":[{"taxonomy":"product_brand","embeddable":true,"href":"https:\/\/secureus.se\/fr\/wp-json\/wp\/v2\/product_brand?post=117083"},{"taxonomy":"product_cat","embeddable":true,"href":"https:\/\/secureus.se\/fr\/wp-json\/wp\/v2\/product_cat?post=117083"},{"taxonomy":"product_tag","embeddable":true,"href":"https:\/\/secureus.se\/fr\/wp-json\/wp\/v2\/product_tag?post=117083"}],"curies":[{"name":"wp","href":"https:\/\/api.w.org\/{rel}","templated":true}]}}