{"id":117096,"date":"2024-11-05T17:04:12","date_gmt":"2024-11-05T16:04:12","guid":{"rendered":"https:\/\/secureus.se\/?post_type=product&#038;p=117096"},"modified":"2026-01-12T12:36:32","modified_gmt":"2026-01-12T11:36:32","slug":"bladderpanelsystem-vario-table-10-3","status":"publish","type":"product","link":"https:\/\/secureus.se\/fr\/bladderpanelsystem-vario-table-10-3\/","title":{"rendered":"Syst\u00e8me de panneaux rabattables VARIO\u00ae TABLE 10"},"content":{"rendered":"<p>Des stands d\u2019information et de pr\u00e9sentation qui portent de nombreux noms diff\u00e9rents ; panneau, afficheur, syst\u00e8me de vue d&#039;ensemble, registre d&#039;aile, porte PLU, porte document, lat dog.... Quel que soit son nom, il a de nombreuses utilisations dans les bureaux, magasins, cuisines, caisses, expositions, etc. Les informations fr\u00e9quemment utilis\u00e9es sont stock\u00e9es dans le syst\u00e8me de synth\u00e8se, claires et faciles \u00e0 trouver. VARIO\u00ae TABLE 10 est un support de table complet dot\u00e9 de 10 pochettes plastiques num\u00e9risables et antireflet (blanches) en polypropyl\u00e8ne pour documents au format A4. Support d&#039;en-t\u00eate amovible de 58 mm inclus. Lors de l&#039;insertion et du retrait des poches, il est bon de plier l\u00e9g\u00e8rement la poche au milieu le long du c\u00f4t\u00e9 long int\u00e9rieur, afin qu&#039;il soit facile d&#039;ins\u00e9rer et de retirer la poche sans endommager les pointes du support. Les pieds en caoutchouc lui permettent de tenir fermement. Garantie 5 ans. Les conditions de garantie peuvent \u00eatre consult\u00e9es ici\u00a0: https:\/\/www.durable.se\/sv_SE\/service\/garanti\/garanti-foer-sherpa-vario\/<\/p>","protected":false},"excerpt":{"rendered":"<p>Support de table complet en m\u00e9tal avec 10 panneaux A4 rabattables. Les informations fr\u00e9quemment utilis\u00e9es sont rapidement et clairement \u00e0 port\u00e9e de main. <\/p>","protected":false},"featured_media":136882,"template":"","meta":{"_acf_changed":false},"product_brand":[],"product_cat":[4298],"product_tag":[4396],"class_list":{"0":"post-117096","1":"product","2":"type-product","3":"status-publish","4":"has-post-thumbnail","6":"product_cat-bladderstall-bord","7":"product_tag-vit","8":"product_shipping_class-tunga-paket","9":"pa_brands-durable","10":"pa_farg-vit","11":"tm-no-options","13":"first","14":"instock","15":"sale","16":"taxable","17":"shipping-taxable","18":"purchasable","19":"product-type-simple"},"acf":[],"_links":{"self":[{"href":"https:\/\/secureus.se\/fr\/wp-json\/wp\/v2\/product\/117096","targetHints":{"allow":["GET"]}}],"collection":[{"href":"https:\/\/secureus.se\/fr\/wp-json\/wp\/v2\/product"}],"about":[{"href":"https:\/\/secureus.se\/fr\/wp-json\/wp\/v2\/types\/product"}],"wp:featuredmedia":[{"embeddable":true,"href":"https:\/\/secureus.se\/fr\/wp-json\/wp\/v2\/media\/136882"}],"wp:attachment":[{"href":"https:\/\/secureus.se\/fr\/wp-json\/wp\/v2\/media?parent=117096"}],"wp:term":[{"taxonomy":"product_brand","embeddable":true,"href":"https:\/\/secureus.se\/fr\/wp-json\/wp\/v2\/product_brand?post=117096"},{"taxonomy":"product_cat","embeddable":true,"href":"https:\/\/secureus.se\/fr\/wp-json\/wp\/v2\/product_cat?post=117096"},{"taxonomy":"product_tag","embeddable":true,"href":"https:\/\/secureus.se\/fr\/wp-json\/wp\/v2\/product_tag?post=117096"}],"curies":[{"name":"wp","href":"https:\/\/api.w.org\/{rel}","templated":true}]}}