{"id":117112,"date":"2024-11-20T14:13:11","date_gmt":"2024-11-20T13:13:11","guid":{"rendered":"https:\/\/secureus.se\/?post_type=product&#038;p=117112"},"modified":"2026-01-12T12:51:47","modified_gmt":"2026-01-12T11:51:47","slug":"namnskylt-a6-utan-faste","status":"publish","type":"product","link":"https:\/\/secureus.se\/fr\/namnskylt-a6-utan-faste\/","title":{"rendered":"Plaque signal\u00e9tique A6 sans support"},"content":{"rendered":"<p>Pour les participants aux conf\u00e9rences, aux \u00e9v\u00e9nements et aux lancements, il est pratique de disposer d&#039;un panneau d&#039;\u00e9v\u00e9nement qui peut \u00eatre utilis\u00e9 comme panneau nominatif, mais aussi pour les \u00e9l\u00e9ments du programme et d&#039;autres informations. Il s&#039;agit d&#039;une pochette A6 avec une pochette pour cartes de visite au dos. Trois trous pour votre choix de fixation\u00a0; collier textile, clip porte-jarretelles ou yo-yo extensible. Des \u00e9tiquettes blanches en bande sont incluses. Les \u00e9tiquettes sur feuilles A4 pour impression dans les imprimantes peuvent \u00eatre command\u00e9es s\u00e9par\u00e9ment. Utilisez le programme gratuit DURAPRINT\u00ae disponible sur www.duraprint.se pour cr\u00e9er et imprimer des \u00e9tiquettes nominatives \u00e9l\u00e9gantes.<br \/>\nAccessoires:<br \/>\n\u00c9tiquettes Badgemaker\u00ae sur feuilles A4 \u00e0 imprimer avec une imprimante, r\u00e9f.<\/p>","protected":false},"excerpt":{"rendered":"<p>Plaque signal\u00e9tique pour \u00e9v\u00e9nements avec une pochette A6 avec espace pour par exemple les \u00e9l\u00e9ments du programme.<\/p>","protected":false},"featured_media":133784,"template":"","meta":{"_acf_changed":false},"product_brand":[],"product_cat":[4273],"product_tag":[4376],"class_list":{"0":"post-117112","1":"product","2":"type-product","3":"status-publish","4":"has-post-thumbnail","6":"product_cat-namnskyltar-utan-faste","7":"product_tag-transparent","8":"product_shipping_class-tunga-paket","9":"pa_brands-durable","10":"pa_farg-transparent","11":"tm-no-options","13":"first","14":"instock","15":"sale","16":"taxable","17":"shipping-taxable","18":"purchasable","19":"product-type-simple"},"acf":[],"_links":{"self":[{"href":"https:\/\/secureus.se\/fr\/wp-json\/wp\/v2\/product\/117112","targetHints":{"allow":["GET"]}}],"collection":[{"href":"https:\/\/secureus.se\/fr\/wp-json\/wp\/v2\/product"}],"about":[{"href":"https:\/\/secureus.se\/fr\/wp-json\/wp\/v2\/types\/product"}],"wp:featuredmedia":[{"embeddable":true,"href":"https:\/\/secureus.se\/fr\/wp-json\/wp\/v2\/media\/133784"}],"wp:attachment":[{"href":"https:\/\/secureus.se\/fr\/wp-json\/wp\/v2\/media?parent=117112"}],"wp:term":[{"taxonomy":"product_brand","embeddable":true,"href":"https:\/\/secureus.se\/fr\/wp-json\/wp\/v2\/product_brand?post=117112"},{"taxonomy":"product_cat","embeddable":true,"href":"https:\/\/secureus.se\/fr\/wp-json\/wp\/v2\/product_cat?post=117112"},{"taxonomy":"product_tag","embeddable":true,"href":"https:\/\/secureus.se\/fr\/wp-json\/wp\/v2\/product_tag?post=117112"}],"curies":[{"name":"wp","href":"https:\/\/api.w.org\/{rel}","templated":true}]}}