{"id":117141,"date":"2024-11-05T16:51:16","date_gmt":"2024-11-05T15:51:16","guid":{"rendered":"https:\/\/secureus.se\/?post_type=product&#038;p=117141"},"modified":"2026-03-11T14:45:08","modified_gmt":"2026-03-11T13:45:08","slug":"surfplattehallare-twist-floor","status":"publish","type":"product","link":"https:\/\/secureus.se\/fr\/surfplattehallare-twist-floor\/","title":{"rendered":"Support pour planche de surf TWIST FLOOR"},"content":{"rendered":"<p>Le support de sol TWIST FLOOR est con\u00e7u pour accueillir une tablette ou un t\u00e9l\u00e9phone portable et permet de regarder des films et de partager des informations dans les lieux publics, les salons, les expositions, les h\u00f4tels et les restaurants. La gamme TWIST est dot\u00e9e d&#039;un support avec des patins antid\u00e9rapants qui maintiennent l&#039;appareil en place et le prot\u00e8gent des rayures. Ce support est compatible avec les tablettes et les t\u00e9l\u00e9phones portables tels que l&#039;iPhone, l&#039;iPad et les Samsung, de 4,7&quot; \u00e0 13&quot; (jusqu&#039;\u00e0 800 g), et est fix\u00e9 \u00e0 une rotule pivotante \u00e0 360\u00b0. Une ouverture est \u00e9galement pr\u00e9vue pour le c\u00e2ble de chargement. Le support de sol t\u00e9lescopique \u00e0 trois pieds du TWIST FLOOR offre une grande amplitude de r\u00e9glage en hauteur, de 1,12 m \u00e0 1,69 m. Une fois repli\u00e9, le support mesure 70 cm et sa housse de transport incluse facilite son transport. Son bras flexible robuste permet un r\u00e9glage continu de la hauteur et de l&#039;angle de lecture, avec blocage dans la position souhait\u00e9e. Fabriqu\u00e9 \u00e0 partir de mat\u00e9riaux recycl\u00e9s 40% et est recyclable \u00e0 100 % en fin de vie du produit.<\/p>","protected":false},"excerpt":{"rendered":"<p>Support pour tablette ou mobile 4,7-13\u2033. Support au sol avec col de cygne pliable et rotule.<\/p>","protected":false},"featured_media":135731,"template":"","meta":{"_acf_changed":false},"product_brand":[],"product_cat":[4236],"product_tag":[4381],"class_list":{"0":"post-117141","1":"product","2":"type-product","3":"status-publish","4":"has-post-thumbnail","6":"product_cat-surfplattehallare","7":"product_tag-svart","8":"product_shipping_class-tunga-paket","9":"pa_brands-durable","10":"pa_farg-svart","11":"tm-no-options","13":"first","14":"instock","15":"sale","16":"taxable","17":"shipping-taxable","18":"purchasable","19":"product-type-simple"},"acf":[],"_links":{"self":[{"href":"https:\/\/secureus.se\/fr\/wp-json\/wp\/v2\/product\/117141","targetHints":{"allow":["GET"]}}],"collection":[{"href":"https:\/\/secureus.se\/fr\/wp-json\/wp\/v2\/product"}],"about":[{"href":"https:\/\/secureus.se\/fr\/wp-json\/wp\/v2\/types\/product"}],"wp:featuredmedia":[{"embeddable":true,"href":"https:\/\/secureus.se\/fr\/wp-json\/wp\/v2\/media\/135731"}],"wp:attachment":[{"href":"https:\/\/secureus.se\/fr\/wp-json\/wp\/v2\/media?parent=117141"}],"wp:term":[{"taxonomy":"product_brand","embeddable":true,"href":"https:\/\/secureus.se\/fr\/wp-json\/wp\/v2\/product_brand?post=117141"},{"taxonomy":"product_cat","embeddable":true,"href":"https:\/\/secureus.se\/fr\/wp-json\/wp\/v2\/product_cat?post=117141"},{"taxonomy":"product_tag","embeddable":true,"href":"https:\/\/secureus.se\/fr\/wp-json\/wp\/v2\/product_tag?post=117141"}],"curies":[{"name":"wp","href":"https:\/\/api.w.org\/{rel}","templated":true}]}}