{"id":117159,"date":"2024-11-20T14:13:39","date_gmt":"2024-11-20T13:13:39","guid":{"rendered":"https:\/\/secureus.se\/?post_type=product&#038;p=117159"},"modified":"2026-01-12T12:51:16","modified_gmt":"2026-01-12T11:51:16","slug":"namnskylt-classic-34x74-magnetfaste","status":"publish","type":"product","link":"https:\/\/secureus.se\/fr\/namnskylt-classic-34x74-magnetfaste\/","title":{"rendered":"Plaque signal\u00e9tique CLASSIC 34\u00d774, fixation magn\u00e9tique"},"content":{"rendered":"<p>Participants \u00e0 des conf\u00e9rences, visiteurs d&#039;entreprises, collaborateurs de salons, de magasins, professions de service et vendeurs - la liste peut \u00eatre \u00e9tendue l\u00e0 o\u00f9 l&#039;on a besoin d&#039;insignes nominatifs de diff\u00e9rentes tailles, mod\u00e8les et options de fixation. Cette \u00e9l\u00e9gante plaque de 34\u00d774 mm au look aluminium et dot\u00e9e d&#039;un cadre r\u00e9sistant aux rayures est l\u00e9g\u00e8rement convexe, ce qui rend le texte tr\u00e8s lisible. Fixation magn\u00e9tique respectueuse des textiles qui fonctionne bien sur les v\u00eatements d\u00e9licats. ATTENTION! Ne convient pas aux personnes portant un stimulateur cardiaque. Facile \u00e0 retirer et \u00e0 remplacer l&#039;\u00e9tiquette de nom. \u00c9tiquettes blanches incluses. Les \u00e9tiquettes sur feuilles A4 pour impression dans les imprimantes peuvent \u00eatre command\u00e9es s\u00e9par\u00e9ment. Utilisez le programme gratuit DURAPRINT\u00ae disponible sur www.duraprint.se pour cr\u00e9er et imprimer des \u00e9tiquettes nominatives \u00e9l\u00e9gantes.<br \/>\nAccessoires:<br \/>\n\u00c9tiquettes Badgemaker\u00ae sur feuilles A4 \u00e0 imprimer avec une imprimante, r\u00e9f.<\/p>","protected":false},"excerpt":{"rendered":"<p>Plaque signal\u00e9tique convexe l\u00e9g\u00e8re avec cadre galvanis\u00e9 avec fixation magn\u00e9tique. Aspect aluminium \u00e9l\u00e9gant en taille 34x74mm. 10 pi\u00e8ces\/bo\u00eete<\/p>","protected":false},"featured_media":133571,"template":"","meta":{"_acf_changed":false},"product_brand":[],"product_cat":[4286],"product_tag":[4382],"class_list":{"0":"post-117159","1":"product","2":"type-product","3":"status-publish","4":"has-post-thumbnail","6":"product_cat-namnskyltar-med-magnet","7":"product_tag-silver","8":"product_shipping_class-tunga-paket","9":"pa_brands-durable","10":"pa_farg-silver","11":"tm-no-options","13":"first","14":"instock","15":"sale","16":"taxable","17":"shipping-taxable","18":"purchasable","19":"product-type-simple"},"acf":[],"_links":{"self":[{"href":"https:\/\/secureus.se\/fr\/wp-json\/wp\/v2\/product\/117159","targetHints":{"allow":["GET"]}}],"collection":[{"href":"https:\/\/secureus.se\/fr\/wp-json\/wp\/v2\/product"}],"about":[{"href":"https:\/\/secureus.se\/fr\/wp-json\/wp\/v2\/types\/product"}],"wp:featuredmedia":[{"embeddable":true,"href":"https:\/\/secureus.se\/fr\/wp-json\/wp\/v2\/media\/133571"}],"wp:attachment":[{"href":"https:\/\/secureus.se\/fr\/wp-json\/wp\/v2\/media?parent=117159"}],"wp:term":[{"taxonomy":"product_brand","embeddable":true,"href":"https:\/\/secureus.se\/fr\/wp-json\/wp\/v2\/product_brand?post=117159"},{"taxonomy":"product_cat","embeddable":true,"href":"https:\/\/secureus.se\/fr\/wp-json\/wp\/v2\/product_cat?post=117159"},{"taxonomy":"product_tag","embeddable":true,"href":"https:\/\/secureus.se\/fr\/wp-json\/wp\/v2\/product_tag?post=117159"}],"curies":[{"name":"wp","href":"https:\/\/api.w.org\/{rel}","templated":true}]}}