{"id":117178,"date":"2024-11-05T17:18:50","date_gmt":"2024-11-05T16:18:50","guid":{"rendered":"https:\/\/secureus.se\/?post_type=product&#038;p=117178"},"modified":"2026-01-12T12:49:00","modified_gmt":"2026-01-12T11:49:00","slug":"sjalvlaminerande-sjalvhaftande-ficka-seal-it-a4-10-fp","status":"publish","type":"product","link":"https:\/\/secureus.se\/fr\/sjalvlaminerande-sjalvhaftande-ficka-seal-it-a4-10-fp\/","title":{"rendered":"Pochette autocollante et plastifi\u00e9e SEAL IT A4 10\/fp"},"content":{"rendered":"<p>En plastifiant les photos, documents, instructions, etc., ils sont prot\u00e9g\u00e9s de la salet\u00e9, de l&#039;humidit\u00e9 et d&#039;autres dommages. SEAL IT est une s\u00e9rie de pochettes plastifi\u00e9es \u00e0 froid, c&#039;est-\u00e0-dire qu&#039;aucune machine \u00e0 plastifier n&#039;est n\u00e9cessaire. Placez le papier entre les feuilles et d\u00e9collez le papier de protection de haut en bas sur la feuille du dessus et assemblez pi\u00e8ce par pi\u00e8ce et la feuille est envelopp\u00e9e ! Cette pochette est autocollante au dos. Se fixe sur des surfaces fermes et lisses, peut \u00eatre retir\u00e9 et refix\u00e9. Pour feuilles au format A4. Emballage de 10 pi\u00e8ces.<\/p>","protected":false},"excerpt":{"rendered":"<p>Pochette pour emballer des feuilles A4 sans plastifieuse. Support autocollant.<\/p>","protected":false},"featured_media":135919,"template":"","meta":{"_acf_changed":false},"product_brand":[],"product_cat":[4311],"product_tag":[4376],"class_list":{"0":"post-117178","1":"product","2":"type-product","3":"status-publish","4":"has-post-thumbnail","6":"product_cat-lamineringsfickor","7":"product_tag-transparent","8":"product_shipping_class-tunga-paket","9":"pa_brands-durable","10":"pa_farg-transparent","11":"tm-no-options","13":"first","14":"instock","15":"sale","16":"taxable","17":"shipping-taxable","18":"purchasable","19":"product-type-simple"},"acf":[],"_links":{"self":[{"href":"https:\/\/secureus.se\/fr\/wp-json\/wp\/v2\/product\/117178","targetHints":{"allow":["GET"]}}],"collection":[{"href":"https:\/\/secureus.se\/fr\/wp-json\/wp\/v2\/product"}],"about":[{"href":"https:\/\/secureus.se\/fr\/wp-json\/wp\/v2\/types\/product"}],"wp:featuredmedia":[{"embeddable":true,"href":"https:\/\/secureus.se\/fr\/wp-json\/wp\/v2\/media\/135919"}],"wp:attachment":[{"href":"https:\/\/secureus.se\/fr\/wp-json\/wp\/v2\/media?parent=117178"}],"wp:term":[{"taxonomy":"product_brand","embeddable":true,"href":"https:\/\/secureus.se\/fr\/wp-json\/wp\/v2\/product_brand?post=117178"},{"taxonomy":"product_cat","embeddable":true,"href":"https:\/\/secureus.se\/fr\/wp-json\/wp\/v2\/product_cat?post=117178"},{"taxonomy":"product_tag","embeddable":true,"href":"https:\/\/secureus.se\/fr\/wp-json\/wp\/v2\/product_tag?post=117178"}],"curies":[{"name":"wp","href":"https:\/\/api.w.org\/{rel}","templated":true}]}}