{"id":117182,"date":"2024-11-20T14:14:11","date_gmt":"2024-11-20T13:14:11","guid":{"rendered":"https:\/\/secureus.se\/?post_type=product&#038;p=117182"},"modified":"2026-01-12T12:48:59","modified_gmt":"2026-01-12T11:48:59","slug":"namnskylt-click-fold-54x90-med-magnet-fix-placehold","status":"publish","type":"product","link":"https:\/\/secureus.se\/fr\/namnskylt-click-fold-54x90-med-magnet-fix-placehold\/","title":{"rendered":"Plaque signal\u00e9tique CLICK FOLD 54\u00d790 avec fixation magn\u00e9tique (place&amp;hold)"},"content":{"rendered":"<p>Participants \u00e0 des conf\u00e9rences, visiteurs d&#039;entreprises, collaborateurs de salons, de magasins, professions de service et vendeurs - la liste peut \u00eatre \u00e9tendue l\u00e0 o\u00f9 l&#039;on a besoin d&#039;insignes nominatifs de diff\u00e9rentes tailles, mod\u00e8les et options de fixation. La s\u00e9rie Clic Fold est fabriqu\u00e9e en plastique polypropyl\u00e8ne recycl\u00e9 70%, pliable avec un \u00ab snap lock \u00bb pour un remplacement facile de l&#039;\u00e9tiquette, qui reste n\u00e9anmoins toujours bien en place. Cette \u00e9tiquette nominative de 40 x 75 mm est dot\u00e9e d&#039;une fixation magn\u00e9tique respectueuse des textiles qui fonctionne bien sur les v\u00eatements d\u00e9licats. La fixation magn\u00e9tique est fix\u00e9e de mani\u00e8re \u00e0 ce que la plaque signal\u00e9tique reste dans la position souhait\u00e9e et ne tourne dans aucune direction. ATTENTION! Ne convient pas aux personnes portant un stimulateur cardiaque. Des \u00e9tiquettes blanches en bande sont incluses. Les \u00e9tiquettes sur feuilles A4 pour impression dans les imprimantes peuvent \u00eatre command\u00e9es s\u00e9par\u00e9ment. Utilisez le programme gratuit DURAPRINT\u00ae disponible sur www.duraprint.se pour cr\u00e9er et imprimer des \u00e9tiquettes nominatives \u00e9l\u00e9gantes.<br \/>\nAccessoires:<br \/>\n\u00c9tiquettes Badgemaker\u00ae sur feuilles A4 \u00e0 imprimer avec une imprimante, r\u00e9f.<\/p>","protected":false},"excerpt":{"rendered":"<p>Plaque signal\u00e9tique convexe l\u00e9g\u00e8re 54\u00d790 avec &quot;snap lock&quot; pour que l&#039;\u00e9tiquette ne puisse pas tomber. Fixation magn\u00e9tique fixe qui maintient la plaque signal\u00e9tique dans la position souhait\u00e9e. 10 pi\u00e8ces\/bo\u00eete<\/p>","protected":false},"featured_media":133913,"template":"","meta":{"_acf_changed":false},"product_brand":[],"product_cat":[4286],"product_tag":[4376],"class_list":{"0":"post-117182","1":"product","2":"type-product","3":"status-publish","4":"has-post-thumbnail","6":"product_cat-namnskyltar-med-magnet","7":"product_tag-transparent","8":"product_shipping_class-tunga-paket","9":"pa_brands-durable","10":"pa_farg-transparent","11":"tm-no-options","13":"first","14":"instock","15":"sale","16":"taxable","17":"shipping-taxable","18":"purchasable","19":"product-type-simple"},"acf":[],"_links":{"self":[{"href":"https:\/\/secureus.se\/fr\/wp-json\/wp\/v2\/product\/117182","targetHints":{"allow":["GET"]}}],"collection":[{"href":"https:\/\/secureus.se\/fr\/wp-json\/wp\/v2\/product"}],"about":[{"href":"https:\/\/secureus.se\/fr\/wp-json\/wp\/v2\/types\/product"}],"wp:featuredmedia":[{"embeddable":true,"href":"https:\/\/secureus.se\/fr\/wp-json\/wp\/v2\/media\/133913"}],"wp:attachment":[{"href":"https:\/\/secureus.se\/fr\/wp-json\/wp\/v2\/media?parent=117182"}],"wp:term":[{"taxonomy":"product_brand","embeddable":true,"href":"https:\/\/secureus.se\/fr\/wp-json\/wp\/v2\/product_brand?post=117182"},{"taxonomy":"product_cat","embeddable":true,"href":"https:\/\/secureus.se\/fr\/wp-json\/wp\/v2\/product_cat?post=117182"},{"taxonomy":"product_tag","embeddable":true,"href":"https:\/\/secureus.se\/fr\/wp-json\/wp\/v2\/product_tag?post=117182"}],"curies":[{"name":"wp","href":"https:\/\/api.w.org\/{rel}","templated":true}]}}