{"id":117227,"date":"2024-11-05T17:01:57","date_gmt":"2024-11-05T16:01:57","guid":{"rendered":"https:\/\/secureus.se\/?post_type=product&#038;p=117227"},"modified":"2026-01-12T12:04:41","modified_gmt":"2026-01-12T11:04:41","slug":"varseldekal-tilltrade-forbjudet","status":"publish","type":"product","link":"https:\/\/secureus.se\/fr\/varseldekal-tilltrade-forbjudet\/","title":{"rendered":"Autocollant d\u2019avertissement \u00ab\u00a0Acc\u00e8s interdit\u00a0\u00bb"},"content":{"rendered":"<p>Un grand autocollant de sol autocollant \u00ab Acc\u00e8s interdit \u00bb informe clairement les visiteurs et le personnel de l&#039;interdiction en vigueur et cr\u00e9e un environnement de travail plus s\u00fbr. Se fixe sur des sols en b\u00e9ton propres et secs. Durable et durable avec indice antid\u00e9rapant R9 selon DIN 51130. Les panneaux r\u00e9pondent aux exigences de la norme ISO 7010.<br \/>\nDimensions : \u00d8 430 mm, \u00e9paisseur 0,4 mm<\/p>","protected":false},"excerpt":{"rendered":"<p>Panneau d&#039;interdiction autocollant pour application au sol. Informe clairement qu&#039;il n&#039;est pas permis de rester dans la zone et contribue \u00e0 accro\u00eetre la s\u00e9curit\u00e9 et la sensibilisation aux risques.<\/p>","protected":false},"featured_media":136953,"template":"","meta":{"_acf_changed":false},"product_brand":[],"product_cat":[4307],"product_tag":[4389],"class_list":{"0":"post-117227","1":"product","2":"type-product","3":"status-publish","4":"has-post-thumbnail","6":"product_cat-sakerhetsmarkning","7":"product_tag-rod","8":"product_shipping_class-tunga-paket","9":"pa_brands-durable","10":"pa_farg-rod","11":"tm-no-options","13":"first","14":"instock","15":"sale","16":"taxable","17":"shipping-taxable","18":"purchasable","19":"product-type-simple"},"acf":[],"_links":{"self":[{"href":"https:\/\/secureus.se\/fr\/wp-json\/wp\/v2\/product\/117227","targetHints":{"allow":["GET"]}}],"collection":[{"href":"https:\/\/secureus.se\/fr\/wp-json\/wp\/v2\/product"}],"about":[{"href":"https:\/\/secureus.se\/fr\/wp-json\/wp\/v2\/types\/product"}],"wp:featuredmedia":[{"embeddable":true,"href":"https:\/\/secureus.se\/fr\/wp-json\/wp\/v2\/media\/136953"}],"wp:attachment":[{"href":"https:\/\/secureus.se\/fr\/wp-json\/wp\/v2\/media?parent=117227"}],"wp:term":[{"taxonomy":"product_brand","embeddable":true,"href":"https:\/\/secureus.se\/fr\/wp-json\/wp\/v2\/product_brand?post=117227"},{"taxonomy":"product_cat","embeddable":true,"href":"https:\/\/secureus.se\/fr\/wp-json\/wp\/v2\/product_cat?post=117227"},{"taxonomy":"product_tag","embeddable":true,"href":"https:\/\/secureus.se\/fr\/wp-json\/wp\/v2\/product_tag?post=117227"}],"curies":[{"name":"wp","href":"https:\/\/api.w.org\/{rel}","templated":true}]}}