{"id":117272,"date":"2024-11-05T17:01:08","date_gmt":"2024-11-05T16:01:08","guid":{"rendered":"https:\/\/secureus.se\/?post_type=product&#038;p=117272"},"modified":"2026-01-12T12:55:04","modified_gmt":"2026-01-12T11:55:04","slug":"vagghallare-for-surfplatta-visioclip","status":"publish","type":"product","link":"https:\/\/secureus.se\/fr\/vagghallare-for-surfplatta-visioclip\/","title":{"rendered":"Support mural pour tablette VISIOCLIP"},"content":{"rendered":"<p>Ce support mural, compos\u00e9 de deux clips\/attaches, s&#039;installe facilement et permet \u00e0 la tablette de s&#039;int\u00e9grer discr\u00e8tement au bureau, aux industries ou \u00e0 la maison - la cuisine, le salon et le hall, par exemple pour une utilisation op\u00e9rationnelle ou un rangement. il est donc facile de le trouver en cas de besoin. Peut \u00e9galement \u00eatre utilis\u00e9 comme station de recharge pour smartphones.<br \/>\nLes supports sont configur\u00e9s pour que la tablette puisse \u00eatre utilis\u00e9e en format portrait ou paysage. Fix\u00e9 au mur avec des vis (gabarit pour les trous de per\u00e7age inclus) ou avec un grand tampon de fixation autocollant qui peut \u00eatre retir\u00e9 sans laisser de traces sur le mur. La tablette tient fermement dans VISIOCLIP lors de son utilisation et est destin\u00e9e aux appareils pesant au maximum 1 kg et ayant une profondeur maximale de 10 mm. La tablette est facile \u00e0 ins\u00e9rer ou \u00e0 retirer les supports qui sont durables gr\u00e2ce \u00e0 leur conception avec des crochets int\u00e9gr\u00e9s qui les emp\u00eachent de se casser.<\/p>","protected":false},"excerpt":{"rendered":"<p>Support mural pour tablettes et smartphones qui peut \u00eatre facilement ins\u00e9r\u00e9 et retir\u00e9.<\/p>","protected":false},"featured_media":135768,"template":"","meta":{"_acf_changed":false},"product_brand":[],"product_cat":[4236],"product_tag":[4390],"class_list":{"0":"post-117272","1":"product","2":"type-product","3":"status-publish","4":"has-post-thumbnail","6":"product_cat-surfplattehallare","7":"product_tag-morkgra","8":"product_shipping_class-tunga-paket","9":"pa_brands-durable","10":"pa_farg-morkgra","11":"tm-no-options","13":"first","14":"instock","15":"sale","16":"taxable","17":"shipping-taxable","18":"purchasable","19":"product-type-simple"},"acf":[],"_links":{"self":[{"href":"https:\/\/secureus.se\/fr\/wp-json\/wp\/v2\/product\/117272","targetHints":{"allow":["GET"]}}],"collection":[{"href":"https:\/\/secureus.se\/fr\/wp-json\/wp\/v2\/product"}],"about":[{"href":"https:\/\/secureus.se\/fr\/wp-json\/wp\/v2\/types\/product"}],"wp:featuredmedia":[{"embeddable":true,"href":"https:\/\/secureus.se\/fr\/wp-json\/wp\/v2\/media\/135768"}],"wp:attachment":[{"href":"https:\/\/secureus.se\/fr\/wp-json\/wp\/v2\/media?parent=117272"}],"wp:term":[{"taxonomy":"product_brand","embeddable":true,"href":"https:\/\/secureus.se\/fr\/wp-json\/wp\/v2\/product_brand?post=117272"},{"taxonomy":"product_cat","embeddable":true,"href":"https:\/\/secureus.se\/fr\/wp-json\/wp\/v2\/product_cat?post=117272"},{"taxonomy":"product_tag","embeddable":true,"href":"https:\/\/secureus.se\/fr\/wp-json\/wp\/v2\/product_tag?post=117272"}],"curies":[{"name":"wp","href":"https:\/\/api.w.org\/{rel}","templated":true}]}}