{"id":117328,"date":"2024-11-05T17:13:51","date_gmt":"2024-11-05T16:13:51","guid":{"rendered":"https:\/\/secureus.se\/?post_type=product&#038;p=117328"},"modified":"2026-01-12T12:54:44","modified_gmt":"2026-01-12T11:54:44","slug":"tablet-holder-floor","status":"publish","type":"product","link":"https:\/\/secureus.se\/fr\/tablet-holder-floor\/","title":{"rendered":"PORTE-TABLETTE AU SOL"},"content":{"rendered":"<p>Support de tablette au design \u00e9l\u00e9gant et fonctionnel pour tablettes de tailles 7&quot;-13&quot; (160-275 mm). Pour les pr\u00e9sentations et le partage d&#039;informations dans des environnements publics, lors de foires, d&#039;expositions, d&#039;h\u00f4tels et de restaurants. Support de sol stable et stable dont la partie sup\u00e9rieure peut \u00eatre inclin\u00e9e \u00e0 l&#039;infini de 0\u00b0 \u00e0 88\u00b0. Le support, dot\u00e9 de surfaces recouvertes de caoutchouc qui prot\u00e8gent la tablette des rayures et des dommages, peut pivoter \u00e0 360\u00b0 avec quatre positions d&#039;arr\u00eat tous les 90\u00b0, pour une utilisation en format portrait ou paysage. La tablette est facile \u00e0 ins\u00e9rer et \u00e0 retirer du support, qui est verrouill\u00e9 avec une cl\u00e9 sp\u00e9ciale pour \u00e9viter le vol. De plus, l&#039;ensemble du support au sol peut \u00eatre verrouill\u00e9 \u00e0 l&#039;aide d&#039;un c\u00e2ble antivol externe. Le c\u00e2ble de chargement est connect\u00e9 via une ouverture dans le support. Au dos du support se trouve un support de c\u00e2ble r\u00e9glable en hauteur. C\u00e2ble USB de 2 m\u00e8tres inclus.<br \/>\nPoids maximum de la tablette 1 kg.<br \/>\nMat\u00e9riaux : t\u00f4le, aluminium, plastique ABS<br \/>\nDimensions : 270 x 1215 x 270 mm (L x H x P)<\/p>","protected":false},"excerpt":{"rendered":"<p>Support de tablette. Support au sol pour pr\u00e9sentations et informations dans des environnements publics, dans des foires, des expositions, des h\u00f4tels et des restaurants.<\/p>","protected":false},"featured_media":135712,"template":"","meta":{"_acf_changed":false},"product_brand":[],"product_cat":[4236],"product_tag":[4382],"class_list":{"0":"post-117328","1":"product","2":"type-product","3":"status-publish","4":"has-post-thumbnail","6":"product_cat-surfplattehallare","7":"product_tag-silver","8":"product_shipping_class-tunga-paket","9":"pa_brands-durable","10":"pa_farg-silver","11":"tm-no-options","13":"first","14":"instock","15":"sale","16":"taxable","17":"shipping-taxable","18":"purchasable","19":"product-type-simple"},"acf":[],"_links":{"self":[{"href":"https:\/\/secureus.se\/fr\/wp-json\/wp\/v2\/product\/117328","targetHints":{"allow":["GET"]}}],"collection":[{"href":"https:\/\/secureus.se\/fr\/wp-json\/wp\/v2\/product"}],"about":[{"href":"https:\/\/secureus.se\/fr\/wp-json\/wp\/v2\/types\/product"}],"wp:featuredmedia":[{"embeddable":true,"href":"https:\/\/secureus.se\/fr\/wp-json\/wp\/v2\/media\/135712"}],"wp:attachment":[{"href":"https:\/\/secureus.se\/fr\/wp-json\/wp\/v2\/media?parent=117328"}],"wp:term":[{"taxonomy":"product_brand","embeddable":true,"href":"https:\/\/secureus.se\/fr\/wp-json\/wp\/v2\/product_brand?post=117328"},{"taxonomy":"product_cat","embeddable":true,"href":"https:\/\/secureus.se\/fr\/wp-json\/wp\/v2\/product_cat?post=117328"},{"taxonomy":"product_tag","embeddable":true,"href":"https:\/\/secureus.se\/fr\/wp-json\/wp\/v2\/product_tag?post=117328"}],"curies":[{"name":"wp","href":"https:\/\/api.w.org\/{rel}","templated":true}]}}