{"id":117352,"date":"2024-11-05T16:47:45","date_gmt":"2024-11-05T15:47:45","guid":{"rendered":"https:\/\/secureus.se\/?post_type=product&#038;p=117352"},"modified":"2026-01-12T12:34:45","modified_gmt":"2026-01-12T11:34:45","slug":"sekretessfilter-magnetic-16-1610","status":"publish","type":"product","link":"https:\/\/secureus.se\/fr\/sekretessfilter-magnetic-16-1610\/","title":{"rendered":"Filtre de confidentialit\u00e9 MAGN\u00c9TIQUE 16\u2033 16:10"},"content":{"rendered":"<p>Comme il est courant de travailler dans plus d&#039;endroits que le bureau \u2013 dans les trains, les avions ou les lieux publics tr\u00e8s fr\u00e9quent\u00e9s comme les caf\u00e9s, le risque que des personnes non autoris\u00e9es aper\u00e7oivent ou voient des informations que nous ne voulons pas ou ne devrions pas partager augmente \u00e9galement. Prot\u00e9gez l&#039;\u00e9cran de votre ordinateur avec des filtres de confidentialit\u00e9 contre le piratage visuel et les regards indiscrets. Retirez le plastique de protection des aimants situ\u00e9s sur les bords sup\u00e9rieurs droit et gauche du filtre et fixez le filtre au PC. Il suffit ensuite de retirer le filtre qui se fixe magn\u00e9tiquement sur les deux aimants fix\u00e9s au PC. Lorsque le filtre n&#039;est pas utilis\u00e9, il peut \u00eatre stock\u00e9 dans le dossier de stockage inclus. Le filtre de confidentialit\u00e9 assombrit l&#039;\u00e9cran des deux c\u00f4t\u00e9s \u00e0 un angle de 30\u00b0, mais donne \u00e0 l&#039;utilisateur une image claire de l&#039;\u00e9cran de face. Vu de c\u00f4t\u00e9, le filtre de confidentialit\u00e9 emp\u00eache les \u00ab aper\u00e7us \u00bb \u00e0 un angle de 60\u00b0. La finition mate du filtre r\u00e9duit la fatigue oculaire et r\u00e9duit la lumi\u00e8re bleue nocive. L&#039;\u00e9cran de l&#039;ordinateur est prot\u00e9g\u00e9 contre les rayures et la poussi\u00e8re gr\u00e2ce au filtre de confidentialit\u00e9 et peut \u00e9galement \u00eatre utilis\u00e9 sur les \u00e9crans tactiles. Un chiffon en microfibre est inclus pour nettoyer l&#039;\u00e9cran de l&#039;ordinateur et le filtre de confidentialit\u00e9.<br \/>\nCe filtre de confidentialit\u00e9 est destin\u00e9 aux \u00e9crans 16,0&quot; 16:10 de dimensions 345 x 215 mm \/13,6&quot; x 8,5&quot; (LxH). Les dimensions du filtre de confidentialit\u00e9 sont de 345 x 224 mm.<\/p>","protected":false},"excerpt":{"rendered":"<p>Filtre de confidentialit\u00e9 avec fixation magn\u00e9tique qui prot\u00e8ge la confidentialit\u00e9 de l&#039;\u00e9cran de votre ordinateur contre les regards non autoris\u00e9s. Livr\u00e9 dans une pochette de rangement pratique. Pour \u00e9crans 16,0&quot; 16:10.<\/p>","protected":false},"featured_media":133516,"template":"","meta":{"_acf_changed":false},"product_brand":[],"product_cat":[4242],"product_tag":[4394],"class_list":{"0":"post-117352","1":"product","2":"type-product","3":"status-publish","4":"has-post-thumbnail","6":"product_cat-sekretessfilter","7":"product_tag-antracitgra","8":"product_shipping_class-tunga-paket","9":"pa_brands-durable","10":"pa_farg-antracitgra","11":"tm-no-options","13":"first","14":"instock","15":"sale","16":"taxable","17":"shipping-taxable","18":"purchasable","19":"product-type-simple"},"acf":[],"_links":{"self":[{"href":"https:\/\/secureus.se\/fr\/wp-json\/wp\/v2\/product\/117352","targetHints":{"allow":["GET"]}}],"collection":[{"href":"https:\/\/secureus.se\/fr\/wp-json\/wp\/v2\/product"}],"about":[{"href":"https:\/\/secureus.se\/fr\/wp-json\/wp\/v2\/types\/product"}],"wp:featuredmedia":[{"embeddable":true,"href":"https:\/\/secureus.se\/fr\/wp-json\/wp\/v2\/media\/133516"}],"wp:attachment":[{"href":"https:\/\/secureus.se\/fr\/wp-json\/wp\/v2\/media?parent=117352"}],"wp:term":[{"taxonomy":"product_brand","embeddable":true,"href":"https:\/\/secureus.se\/fr\/wp-json\/wp\/v2\/product_brand?post=117352"},{"taxonomy":"product_cat","embeddable":true,"href":"https:\/\/secureus.se\/fr\/wp-json\/wp\/v2\/product_cat?post=117352"},{"taxonomy":"product_tag","embeddable":true,"href":"https:\/\/secureus.se\/fr\/wp-json\/wp\/v2\/product_tag?post=117352"}],"curies":[{"name":"wp","href":"https:\/\/api.w.org\/{rel}","templated":true}]}}