{"id":117356,"date":"2024-11-20T14:14:58","date_gmt":"2024-11-20T13:14:58","guid":{"rendered":"https:\/\/secureus.se\/?post_type=product&#038;p=117356"},"modified":"2026-01-12T12:06:12","modified_gmt":"2026-01-12T11:06:12","slug":"plastficka-a4l-med-tradbygel-2","status":"publish","type":"product","link":"https:\/\/secureus.se\/fr\/plastficka-a4l-med-tradbygel-2\/","title":{"rendered":"Pochette plastique A4L avec clip m\u00e9tallique"},"content":{"rendered":"<p>Un \u00e9tiquetage clair et global des conteneurs, des rehausses de palettes, des caisses-palettes et des parois grillag\u00e9es am\u00e9liore et rationalise le processus de travail dans les entrep\u00f4ts et les installations de production. Les pochettes en plastique en polypropyl\u00e8ne r\u00e9sistant peuvent \u00eatre lues avec un scanner. Un couvercle signifie que l&#039;inlay est prot\u00e9g\u00e9 contre la salet\u00e9 et l&#039;humidit\u00e9, m\u00eame \u00e0 l&#039;ext\u00e9rieur. Se fixe avec un clip m\u00e9tallique flexible et galvanis\u00e9. Un mod\u00e8le gratuit d&#039;\u00e9tiquette est disponible sur www.duraprint.se.<br \/>\nDimensions int\u00e9rieures\u00a0: A4L (297\u00d7210 mm L x H)<br \/>\nDimensions ext\u00e9rieures\u00a0: 311x280 mm (L x H)<br \/>\nDimensions ext\u00e9rieures avec le fil d&#039;acier : 329\u00d7288 mm (L x H)<br \/>\nAccessoires : \u00c9tiquettes sur feuilles A4, art. N\u00b0 485602<\/p>","protected":false},"excerpt":{"rendered":"<p>Pochette en plastique avec cintre m\u00e9tallique \u00e0 utiliser par exemple sur les filets, les rehausses de palettes, les caisses-palettes. Avec un couvercle de protection sur l&#039;ouverture.<\/p>","protected":false},"featured_media":133732,"template":"","meta":{"_acf_changed":false},"product_brand":[],"product_cat":[4306],"product_tag":[4387],"class_list":{"0":"post-117356","1":"product","2":"type-product","3":"status-publish","4":"has-post-thumbnail","6":"product_cat-markning-pallstall","7":"product_tag-bla","8":"product_shipping_class-tunga-paket","9":"pa_brands-durable","10":"pa_farg-bla","11":"tm-no-options","13":"first","14":"instock","15":"sale","16":"taxable","17":"shipping-taxable","18":"purchasable","19":"product-type-simple"},"acf":[],"_links":{"self":[{"href":"https:\/\/secureus.se\/fr\/wp-json\/wp\/v2\/product\/117356","targetHints":{"allow":["GET"]}}],"collection":[{"href":"https:\/\/secureus.se\/fr\/wp-json\/wp\/v2\/product"}],"about":[{"href":"https:\/\/secureus.se\/fr\/wp-json\/wp\/v2\/types\/product"}],"wp:featuredmedia":[{"embeddable":true,"href":"https:\/\/secureus.se\/fr\/wp-json\/wp\/v2\/media\/133732"}],"wp:attachment":[{"href":"https:\/\/secureus.se\/fr\/wp-json\/wp\/v2\/media?parent=117356"}],"wp:term":[{"taxonomy":"product_brand","embeddable":true,"href":"https:\/\/secureus.se\/fr\/wp-json\/wp\/v2\/product_brand?post=117356"},{"taxonomy":"product_cat","embeddable":true,"href":"https:\/\/secureus.se\/fr\/wp-json\/wp\/v2\/product_cat?post=117356"},{"taxonomy":"product_tag","embeddable":true,"href":"https:\/\/secureus.se\/fr\/wp-json\/wp\/v2\/product_tag?post=117356"}],"curies":[{"name":"wp","href":"https:\/\/api.w.org\/{rel}","templated":true}]}}