{"id":117508,"date":"2024-11-05T16:59:30","date_gmt":"2024-11-05T15:59:30","guid":{"rendered":"https:\/\/secureus.se\/?post_type=product&#038;p=117508"},"modified":"2026-01-12T12:57:23","modified_gmt":"2026-01-12T11:57:23","slug":"kantskydd-e8","status":"publish","type":"product","link":"https:\/\/secureus.se\/fr\/kantskydd-e8\/","title":{"rendered":"Protection des bords E8"},"content":{"rendered":"<p>Les profils d&#039;avertissement et de protection tels que cette protection \u00e0 bord carr\u00e9 sont utilis\u00e9s dans les industries et autres environnements int\u00e9rieurs pour prot\u00e9ger les personnes, les v\u00e9hicules et les meubles en cas de collisions mineures. Les bandes noires\/jaunes avertissent des poutres et des bords saillants et la mousse de polyur\u00e9thane \u00e0 partir de laquelle le profil\u00e9 de protection est constitu\u00e9 absorbe les chocs. La protection de bord autocollante est coup\u00e9e \u00e0 la longueur souhait\u00e9e \u00e0 l&#039;aide d&#039;un couteau bien aiguis\u00e9. Surface adh\u00e9sive solide et autocollante de bonne qualit\u00e9 qui adh\u00e8re, entre autres, au m\u00e9tal, au bois, au carton et au carrelage avec de meilleurs r\u00e9sultats si la temp\u00e9rature est de 10 \u00e0 30\u00b0C. Nuances de couleur selon ASR A1.3 similaires \u00e0 RAL 1004\/9003 (jaune s\u00e9curit\u00e9\/noir s\u00e9curit\u00e9).<br \/>\nTest\u00e9 selon la classification incendie DIN EN 13501-1 classe E.<br \/>\nR\u00e9sistant aux temp\u00e9ratures de -30\u00b0C \u00e0 + 70\u00b0C.<br \/>\nLongueur 1 m. Le profil\u00e9 mesure 25 mm de large, 30 mm de haut, les surfaces adh\u00e9sives sont de 19 + 8 + 19 mm<\/p>","protected":false},"excerpt":{"rendered":"<p>Protection des bords autocollante avec effet amortisseur. Les rayures noires\/jaunes avertissent et attirent l&#039;attention sur les risques potentiels.<\/p>","protected":false},"featured_media":136999,"template":"","meta":{"_acf_changed":false},"product_brand":[],"product_cat":[4239],"product_tag":[4386],"class_list":{"0":"post-117508","1":"product","2":"type-product","3":"status-publish","4":"has-post-thumbnail","6":"product_cat-varnings-skyddsprofiler","7":"product_tag-gul-svart","8":"product_shipping_class-tunga-paket","9":"pa_brands-durable","10":"pa_farg-gul-svart","11":"tm-no-options","13":"first","14":"instock","15":"sale","16":"taxable","17":"shipping-taxable","18":"purchasable","19":"product-type-simple"},"acf":[],"_links":{"self":[{"href":"https:\/\/secureus.se\/fr\/wp-json\/wp\/v2\/product\/117508","targetHints":{"allow":["GET"]}}],"collection":[{"href":"https:\/\/secureus.se\/fr\/wp-json\/wp\/v2\/product"}],"about":[{"href":"https:\/\/secureus.se\/fr\/wp-json\/wp\/v2\/types\/product"}],"wp:featuredmedia":[{"embeddable":true,"href":"https:\/\/secureus.se\/fr\/wp-json\/wp\/v2\/media\/136999"}],"wp:attachment":[{"href":"https:\/\/secureus.se\/fr\/wp-json\/wp\/v2\/media?parent=117508"}],"wp:term":[{"taxonomy":"product_brand","embeddable":true,"href":"https:\/\/secureus.se\/fr\/wp-json\/wp\/v2\/product_brand?post=117508"},{"taxonomy":"product_cat","embeddable":true,"href":"https:\/\/secureus.se\/fr\/wp-json\/wp\/v2\/product_cat?post=117508"},{"taxonomy":"product_tag","embeddable":true,"href":"https:\/\/secureus.se\/fr\/wp-json\/wp\/v2\/product_tag?post=117508"}],"curies":[{"name":"wp","href":"https:\/\/api.w.org\/{rel}","templated":true}]}}