{"id":117539,"date":"2024-11-20T14:16:24","date_gmt":"2024-11-20T13:16:24","guid":{"rendered":"https:\/\/secureus.se\/?post_type=product&#038;p=117539"},"modified":"2026-01-12T12:06:15","modified_gmt":"2026-01-12T11:06:15","slug":"plastficka-a6l-sjalvhaftande","status":"publish","type":"product","link":"https:\/\/secureus.se\/fr\/plastficka-a6l-sjalvhaftande\/","title":{"rendered":"Pochette plastique A6L autocollante"},"content":{"rendered":"<p>Un \u00e9tiquetage clair et pr\u00e9cis des \u00e9tag\u00e8res, armoires, portes, palettes, conteneurs et autres espaces am\u00e9liore et rationalise les processus de travail dans les entrep\u00f4ts et les sites de production. Les pochettes autocollantes en polypropyl\u00e8ne durable sont lisibles par scanner et prot\u00e8gent les \u00e9tiquettes rempla\u00e7ables de la salet\u00e9. Deux bandes adh\u00e9sives au dos maintiennent la pochette en place. Un mod\u00e8le d&#039;\u00e9tiquette gratuit est disponible sur www.duraprint.se.<br \/>\nDimensions int\u00e9rieures\u00a0: A6L (148 x 105 mm L x H)<br \/>\nDimensions ext\u00e9rieures : 163\u00d7120 mm (L x H)<br \/>\nAccessoires : \u00c9tiquettes sur feuilles A4, art. N\u00b0 485102<\/p>","protected":false},"excerpt":{"rendered":"<p>Pochette en plastique avec deux bandes autocollantes au dos. Pour une utilisation plus permanente sur par exemple des palettes et des conteneurs.<\/p>","protected":false},"featured_media":133789,"template":"","meta":{"_acf_changed":false},"product_brand":[],"product_cat":[4306],"product_tag":[4387],"class_list":{"0":"post-117539","1":"product","2":"type-product","3":"status-publish","4":"has-post-thumbnail","6":"product_cat-markning-pallstall","7":"product_tag-bla","8":"product_shipping_class-tunga-paket","9":"pa_brands-durable","10":"pa_farg-bla","11":"tm-no-options","13":"first","14":"instock","15":"sale","16":"taxable","17":"shipping-taxable","18":"purchasable","19":"product-type-simple"},"acf":[],"_links":{"self":[{"href":"https:\/\/secureus.se\/fr\/wp-json\/wp\/v2\/product\/117539","targetHints":{"allow":["GET"]}}],"collection":[{"href":"https:\/\/secureus.se\/fr\/wp-json\/wp\/v2\/product"}],"about":[{"href":"https:\/\/secureus.se\/fr\/wp-json\/wp\/v2\/types\/product"}],"wp:featuredmedia":[{"embeddable":true,"href":"https:\/\/secureus.se\/fr\/wp-json\/wp\/v2\/media\/133789"}],"wp:attachment":[{"href":"https:\/\/secureus.se\/fr\/wp-json\/wp\/v2\/media?parent=117539"}],"wp:term":[{"taxonomy":"product_brand","embeddable":true,"href":"https:\/\/secureus.se\/fr\/wp-json\/wp\/v2\/product_brand?post=117539"},{"taxonomy":"product_cat","embeddable":true,"href":"https:\/\/secureus.se\/fr\/wp-json\/wp\/v2\/product_cat?post=117539"},{"taxonomy":"product_tag","embeddable":true,"href":"https:\/\/secureus.se\/fr\/wp-json\/wp\/v2\/product_tag?post=117539"}],"curies":[{"name":"wp","href":"https:\/\/api.w.org\/{rel}","templated":true}]}}