{"id":117561,"date":"2024-11-05T16:46:54","date_gmt":"2024-11-05T15:46:54","guid":{"rendered":"https:\/\/secureus.se\/?post_type=product&#038;p=117561"},"modified":"2026-01-12T12:56:21","modified_gmt":"2026-01-12T11:56:21","slug":"surfplattehallare-tough-floor","status":"publish","type":"product","link":"https:\/\/secureus.se\/fr\/surfplattehallare-tough-floor\/","title":{"rendered":"Support pour planche de surf TOUGH FLOOR"},"content":{"rendered":"<p>Support de tablette TOUGH FLOOR est un support au sol avec un support pour tablettes de tailles 7&quot;-13&quot; (160-275 mm) d&#039;une \u00e9paisseur maximale de 8 mm. Pour le partage d\u2019informations et les pr\u00e9sentations en magasins, r\u00e9ceptions, ventes et showrooms. Fabriqu\u00e9 en mat\u00e9riau ignifuge. Le support, dot\u00e9 de surfaces recouvertes de caoutchouc qui prot\u00e8gent la tablette des rayures et des dommages, peut pivoter \u00e0 360\u00b0. Ergonomique gr\u00e2ce au col de cygne flexible qui permet un r\u00e9glage individuel et continu de la hauteur. La tablette est facile \u00e0 ins\u00e9rer et \u00e0 retirer du support, qui est verrouill\u00e9 avec une cl\u00e9 sp\u00e9ciale pour \u00e9viter le vol. De plus, l&#039;ensemble du support de table peut \u00eatre verrouill\u00e9 \u00e0 l&#039;aide d&#039;un c\u00e2ble antivol externe \u00ab Minisaver mobile lock \u00bb de Kensington. Le c\u00e2ble de chargement est connect\u00e9 via une ouverture dans le support.<br \/>\nPoids maximum de la tablette 1 kg.<br \/>\nHauteur maximale du stand 1180 mm<br \/>\nDimensions\u00a0: 305 x 1\u00a0180 x 305 mm (L x H x P)<\/p>","protected":false},"excerpt":{"rendered":"<p>Support au sol avec support pour tablette 7-13\u2033. Avec col de cygne pliable et rotule.<\/p>","protected":false},"featured_media":136508,"template":"","meta":{"_acf_changed":false},"product_brand":[],"product_cat":[4236],"product_tag":[4381],"class_list":{"0":"post-117561","1":"product","2":"type-product","3":"status-publish","4":"has-post-thumbnail","6":"product_cat-surfplattehallare","7":"product_tag-svart","8":"product_shipping_class-tunga-paket","9":"pa_brands-durable","10":"pa_farg-svart","11":"tm-no-options","13":"first","14":"instock","15":"sale","16":"taxable","17":"shipping-taxable","18":"purchasable","19":"product-type-simple"},"acf":[],"_links":{"self":[{"href":"https:\/\/secureus.se\/fr\/wp-json\/wp\/v2\/product\/117561","targetHints":{"allow":["GET"]}}],"collection":[{"href":"https:\/\/secureus.se\/fr\/wp-json\/wp\/v2\/product"}],"about":[{"href":"https:\/\/secureus.se\/fr\/wp-json\/wp\/v2\/types\/product"}],"wp:featuredmedia":[{"embeddable":true,"href":"https:\/\/secureus.se\/fr\/wp-json\/wp\/v2\/media\/136508"}],"wp:attachment":[{"href":"https:\/\/secureus.se\/fr\/wp-json\/wp\/v2\/media?parent=117561"}],"wp:term":[{"taxonomy":"product_brand","embeddable":true,"href":"https:\/\/secureus.se\/fr\/wp-json\/wp\/v2\/product_brand?post=117561"},{"taxonomy":"product_cat","embeddable":true,"href":"https:\/\/secureus.se\/fr\/wp-json\/wp\/v2\/product_cat?post=117561"},{"taxonomy":"product_tag","embeddable":true,"href":"https:\/\/secureus.se\/fr\/wp-json\/wp\/v2\/product_tag?post=117561"}],"curies":[{"name":"wp","href":"https:\/\/api.w.org\/{rel}","templated":true}]}}