{"id":117615,"date":"2024-11-05T16:58:57","date_gmt":"2024-11-05T15:58:57","guid":{"rendered":"https:\/\/secureus.se\/?post_type=product&#038;p=117615"},"modified":"2026-01-12T12:35:30","modified_gmt":"2026-01-12T11:35:30","slug":"sekretessfilter-magnetic-macbook-pro-16-2021","status":"publish","type":"product","link":"https:\/\/secureus.se\/fr\/sekretessfilter-magnetic-macbook-pro-16-2021\/","title":{"rendered":"Filtre de confidentialit\u00e9 MAGNETIQUE MacBook\u00ae Pro 16\u2033 (2021)"},"content":{"rendered":"<p>Comme il est courant de travailler dans plus d&#039;endroits que le bureau \u2013 dans les trains, les avions ou les lieux publics tr\u00e8s fr\u00e9quent\u00e9s comme les caf\u00e9s, le risque que des personnes non autoris\u00e9es aper\u00e7oivent ou voient des informations que nous ne voulons pas ou ne devrions pas partager augmente \u00e9galement. Prot\u00e9gez l&#039;\u00e9cran de votre ordinateur avec des filtres de confidentialit\u00e9 contre le piratage visuel et les regards indiscrets. Les aimants situ\u00e9s sur le bord sup\u00e9rieur du filtre facilitent la fixation et le retrait du filtre de confidentialit\u00e9 du bord magn\u00e9tique de l&#039;\u00e9cran du MacBook. Lorsque le filtre n&#039;est pas utilis\u00e9, il peut \u00eatre stock\u00e9 dans le dossier de stockage inclus. Le filtre de confidentialit\u00e9 assombrit l&#039;\u00e9cran des deux c\u00f4t\u00e9s \u00e0 un angle de 30\u00b0, mais donne \u00e0 l&#039;utilisateur une image claire de l&#039;\u00e9cran de face. Vu de c\u00f4t\u00e9, le filtre de confidentialit\u00e9 emp\u00eache les \u00ab aper\u00e7us \u00bb \u00e0 un angle de 60\u00b0. La finition mate du filtre r\u00e9duit la fatigue oculaire et r\u00e9duit la lumi\u00e8re bleue nocive. L&#039;\u00e9cran de l&#039;ordinateur est prot\u00e9g\u00e9 contre les rayures et la poussi\u00e8re gr\u00e2ce au filtre de confidentialit\u00e9 et peut \u00e9galement \u00eatre utilis\u00e9 sur les \u00e9crans tactiles. Un chiffon en microfibre est inclus pour nettoyer l&#039;\u00e9cran de l&#039;ordinateur et le filtre de confidentialit\u00e9.<br \/>\nCe filtre de confidentialit\u00e9 est destin\u00e9 aux \u00e9crans MacBook* Pro\u00ae 16\u2033 (2021). Les dimensions du filtre de confidentialit\u00e9 sont de 353 x 229,3 mm (LxH).<br \/>\n* marque d\u00e9pos\u00e9e d&#039;Apple Inc., One Apple Park Way, Cupertino CA 95014, \u00c9tats-Unis<\/p>","protected":false},"excerpt":{"rendered":"<p>Filtre de confidentialit\u00e9 avec fixation magn\u00e9tique qui prot\u00e8ge la confidentialit\u00e9 de l&#039;\u00e9cran de votre ordinateur contre les regards non autoris\u00e9s. Livr\u00e9 dans une pochette de rangement pratique. Pour MacBook Pro\u00ae16&quot; (2021)<\/p>","protected":false},"featured_media":136054,"template":"","meta":{"_acf_changed":false},"product_brand":[],"product_cat":[4242],"product_tag":[4394],"class_list":{"0":"post-117615","1":"product","2":"type-product","3":"status-publish","4":"has-post-thumbnail","6":"product_cat-sekretessfilter","7":"product_tag-antracitgra","8":"product_shipping_class-tunga-paket","9":"pa_brands-durable","10":"pa_farg-antracitgra","11":"tm-no-options","13":"first","14":"instock","15":"sale","16":"taxable","17":"shipping-taxable","18":"purchasable","19":"product-type-simple"},"acf":[],"_links":{"self":[{"href":"https:\/\/secureus.se\/fr\/wp-json\/wp\/v2\/product\/117615","targetHints":{"allow":["GET"]}}],"collection":[{"href":"https:\/\/secureus.se\/fr\/wp-json\/wp\/v2\/product"}],"about":[{"href":"https:\/\/secureus.se\/fr\/wp-json\/wp\/v2\/types\/product"}],"wp:featuredmedia":[{"embeddable":true,"href":"https:\/\/secureus.se\/fr\/wp-json\/wp\/v2\/media\/136054"}],"wp:attachment":[{"href":"https:\/\/secureus.se\/fr\/wp-json\/wp\/v2\/media?parent=117615"}],"wp:term":[{"taxonomy":"product_brand","embeddable":true,"href":"https:\/\/secureus.se\/fr\/wp-json\/wp\/v2\/product_brand?post=117615"},{"taxonomy":"product_cat","embeddable":true,"href":"https:\/\/secureus.se\/fr\/wp-json\/wp\/v2\/product_cat?post=117615"},{"taxonomy":"product_tag","embeddable":true,"href":"https:\/\/secureus.se\/fr\/wp-json\/wp\/v2\/product_tag?post=117615"}],"curies":[{"name":"wp","href":"https:\/\/api.w.org\/{rel}","templated":true}]}}