{"id":117639,"date":"2024-11-05T16:58:40","date_gmt":"2024-11-05T15:58:40","guid":{"rendered":"https:\/\/secureus.se\/?post_type=product&#038;p=117639"},"modified":"2026-01-12T12:34:12","modified_gmt":"2026-01-12T11:34:12","slug":"skarmstativ-select-2-skarmar-bordsfaste","status":"publish","type":"product","link":"https:\/\/secureus.se\/fr\/skarmstativ-select-2-skarmar-bordsfaste\/","title":{"rendered":"Support d&#039;\u00e9cran SELECT 2 \u00e9crans, support de table"},"content":{"rendered":"<p>Support d&#039;\u00e9cran pour 2 \u00e9crans, fixation sur table par support passe-c\u00e2bles ou support de table.<br \/>\nLa hauteur, l&#039;inclinaison et la position des \u00e9crans peuvent \u00eatre r\u00e9gl\u00e9es facilement et individuellement pour faciliter un travail ergonomique.<br \/>\nPeut pivoter \u00e0 360\u00b0 pour une utilisation en position portrait ou paysage.<br \/>\nLes bras \u00e0 3 articulations peuvent \u00eatre rallong\u00e9s jusqu&#039;\u00e0 36 cm.<br \/>\nR\u00e9glage en hauteur des \u00e9crans en continu sur pied de 44 cm de hauteur<br \/>\nSupport VESA universel (75 x 75 mm ou 100 x 100 mm)<br \/>\nPour \u00e9crans standards jusqu&#039;\u00e0 27&quot; et max. 8 kg par \u00e9cran<br \/>\nGestion des c\u00e2bles : Le c\u00e2ble de l&#039;\u00e9cran est guid\u00e9 le long du support \u00e0 l&#039;aide de 5 colliers de serrage qui prot\u00e8gent contre la rupture du c\u00e2ble.<\/p>","protected":false},"excerpt":{"rendered":"<p>Support d&#039;\u00e9cran SELECT avec bras pour 2 \u00e9crans, support de table<\/p>","protected":false},"featured_media":136075,"template":"","meta":{"_acf_changed":false},"product_brand":[],"product_cat":[4243],"product_tag":[4382],"class_list":{"0":"post-117639","1":"product","2":"type-product","3":"status-publish","4":"has-post-thumbnail","6":"product_cat-skarmhallare","7":"product_tag-silver","8":"product_shipping_class-tunga-paket","9":"pa_brands-durable","10":"pa_farg-silver","11":"tm-no-options","13":"first","14":"instock","15":"sale","16":"taxable","17":"shipping-taxable","18":"purchasable","19":"product-type-simple"},"acf":[],"_links":{"self":[{"href":"https:\/\/secureus.se\/fr\/wp-json\/wp\/v2\/product\/117639","targetHints":{"allow":["GET"]}}],"collection":[{"href":"https:\/\/secureus.se\/fr\/wp-json\/wp\/v2\/product"}],"about":[{"href":"https:\/\/secureus.se\/fr\/wp-json\/wp\/v2\/types\/product"}],"wp:featuredmedia":[{"embeddable":true,"href":"https:\/\/secureus.se\/fr\/wp-json\/wp\/v2\/media\/136075"}],"wp:attachment":[{"href":"https:\/\/secureus.se\/fr\/wp-json\/wp\/v2\/media?parent=117639"}],"wp:term":[{"taxonomy":"product_brand","embeddable":true,"href":"https:\/\/secureus.se\/fr\/wp-json\/wp\/v2\/product_brand?post=117639"},{"taxonomy":"product_cat","embeddable":true,"href":"https:\/\/secureus.se\/fr\/wp-json\/wp\/v2\/product_cat?post=117639"},{"taxonomy":"product_tag","embeddable":true,"href":"https:\/\/secureus.se\/fr\/wp-json\/wp\/v2\/product_tag?post=117639"}],"curies":[{"name":"wp","href":"https:\/\/api.w.org\/{rel}","templated":true}]}}