{"id":117671,"date":"2024-11-05T16:58:33","date_gmt":"2024-11-05T15:58:33","guid":{"rendered":"https:\/\/secureus.se\/?post_type=product&#038;p=117671"},"modified":"2026-01-12T12:34:52","modified_gmt":"2026-01-12T11:34:52","slug":"skarmstativ-select-plus-1-skarm-bordsfaste","status":"publish","type":"product","link":"https:\/\/secureus.se\/fr\/skarmstativ-select-plus-1-skarm-bordsfaste\/","title":{"rendered":"Support d&#039;\u00e9cran SELECT PLUS 1 \u00e9cran, support de table"},"content":{"rendered":"<p>Support d&#039;\u00e9cran avec bras mobile pour 1 \u00e9cran, fixation sur table \u00e0 l&#039;aide d&#039;un support passe-c\u00e2bles ou d&#039;un support de table.<br \/>\nLa hauteur, l&#039;inclinaison et la position de l&#039;\u00e9cran peuvent \u00eatre r\u00e9gl\u00e9es facilement et individuellement pour faciliter un travail ergonomique.<br \/>\nPeut pivoter \u00e0 90\u00b0 pour une utilisation en position portrait ou paysage<br \/>\nPlacement possible du bras dans la position souhait\u00e9e gr\u00e2ce au r\u00e9glage individuel du ressort.<br \/>\nSupport VESA universel (75 x 75 mm ou 100 x 100 mm)<br \/>\nPour \u00e9crans standards jusqu&#039;\u00e0 32&quot; et max. 8 kg<br \/>\nGestion des c\u00e2bles\u00a0: le c\u00e2ble de l&#039;\u00e9cran est achemin\u00e9 le long du support via des canaux de c\u00e2bles internes et un collier de serrage qui prot\u00e8ge contre la rupture du c\u00e2ble.<\/p>","protected":false},"excerpt":{"rendered":"<p>Support pour \u00e9cran SELECT PLUS avec bras mobile pour 1 \u00e9cran, support de table<\/p>","protected":false},"featured_media":135815,"template":"","meta":{"_acf_changed":false},"product_brand":[],"product_cat":[4243],"product_tag":[4382],"class_list":{"0":"post-117671","1":"product","2":"type-product","3":"status-publish","4":"has-post-thumbnail","6":"product_cat-skarmhallare","7":"product_tag-silver","8":"product_shipping_class-tunga-paket","9":"pa_brands-durable","10":"pa_farg-silver","11":"tm-no-options","13":"first","14":"instock","15":"sale","16":"taxable","17":"shipping-taxable","18":"purchasable","19":"product-type-simple"},"acf":[],"_links":{"self":[{"href":"https:\/\/secureus.se\/fr\/wp-json\/wp\/v2\/product\/117671","targetHints":{"allow":["GET"]}}],"collection":[{"href":"https:\/\/secureus.se\/fr\/wp-json\/wp\/v2\/product"}],"about":[{"href":"https:\/\/secureus.se\/fr\/wp-json\/wp\/v2\/types\/product"}],"wp:featuredmedia":[{"embeddable":true,"href":"https:\/\/secureus.se\/fr\/wp-json\/wp\/v2\/media\/135815"}],"wp:attachment":[{"href":"https:\/\/secureus.se\/fr\/wp-json\/wp\/v2\/media?parent=117671"}],"wp:term":[{"taxonomy":"product_brand","embeddable":true,"href":"https:\/\/secureus.se\/fr\/wp-json\/wp\/v2\/product_brand?post=117671"},{"taxonomy":"product_cat","embeddable":true,"href":"https:\/\/secureus.se\/fr\/wp-json\/wp\/v2\/product_cat?post=117671"},{"taxonomy":"product_tag","embeddable":true,"href":"https:\/\/secureus.se\/fr\/wp-json\/wp\/v2\/product_tag?post=117671"}],"curies":[{"name":"wp","href":"https:\/\/api.w.org\/{rel}","templated":true}]}}