{"id":117767,"date":"2024-11-05T16:57:51","date_gmt":"2024-11-05T15:57:51","guid":{"rendered":"https:\/\/secureus.se\/?post_type=product&#038;p=117767"},"modified":"2026-01-12T12:24:11","modified_gmt":"2026-01-12T11:24:11","slug":"golvstativ-snappram-a3","status":"publish","type":"product","link":"https:\/\/secureus.se\/fr\/golvstativ-snappram-a3\/","title":{"rendered":"Cadre \u00e0 clipser pour support de sol A3"},"content":{"rendered":"<p>Support d&#039;affichage avec cadre \u00e0 pression et pied t\u00e9lescopique chrom\u00e9 r\u00e9glable de 86 \u00e0 129 cm (en portrait A4). Tr\u00e8s utile dans les mus\u00e9es, expositions, r\u00e9ceptions et autres lieux pour afficher des informations qui pourraient devoir \u00eatre remplac\u00e9es \u00e0 un moment donn\u00e9. Changez l&#039;insert en repliant les 4 profils lat\u00e9raux et en retirant la fa\u00e7ade en plastique anti-UV et antireflet qui prot\u00e8ge l&#039;insert. Le cadre est constitu\u00e9 d&#039;un profil\u00e9 en aluminium anodis\u00e9, ce qui rend la surface en aluminium plus durable. L&#039;arri\u00e8re du stand d&#039;information est en polystyr\u00e8ne durable. Angle de lecture r\u00e9glable et rotatif pour \u00eatre plac\u00e9 en format portrait ou paysage. Pied rond (\u00d8 25 cm) dot\u00e9 d&#039;un anneau en caoutchouc en dessous pour prot\u00e9ger le sol des rayures. Le pied peut \u00e9galement \u00eatre rempli de 1,1 kg de sable pour plus de stabilit\u00e9.<br \/>\nAccessoires : 1,5 kg de sable, r\u00e9f. 333516.<\/p>","protected":false},"excerpt":{"rendered":"<p>Porte-affiche au sol avec cadre \u00e0 pression pour format A3. R\u00e9glable en hauteur et en angle de lecture et orientable au format portrait ou paysage.<\/p>","protected":false},"featured_media":135843,"template":"","meta":{"_acf_changed":false},"product_brand":[],"product_cat":[4304],"product_tag":[4382],"class_list":{"0":"post-117767","1":"product","2":"type-product","3":"status-publish","4":"has-post-thumbnail","6":"product_cat-broschyrstall-golvstativ","7":"product_tag-silver","8":"product_shipping_class-tunga-paket","9":"pa_brands-durable","10":"pa_farg-silver","11":"tm-no-options","13":"first","14":"instock","15":"sale","16":"taxable","17":"shipping-taxable","18":"purchasable","19":"product-type-simple"},"acf":[],"_links":{"self":[{"href":"https:\/\/secureus.se\/fr\/wp-json\/wp\/v2\/product\/117767","targetHints":{"allow":["GET"]}}],"collection":[{"href":"https:\/\/secureus.se\/fr\/wp-json\/wp\/v2\/product"}],"about":[{"href":"https:\/\/secureus.se\/fr\/wp-json\/wp\/v2\/types\/product"}],"wp:featuredmedia":[{"embeddable":true,"href":"https:\/\/secureus.se\/fr\/wp-json\/wp\/v2\/media\/135843"}],"wp:attachment":[{"href":"https:\/\/secureus.se\/fr\/wp-json\/wp\/v2\/media?parent=117767"}],"wp:term":[{"taxonomy":"product_brand","embeddable":true,"href":"https:\/\/secureus.se\/fr\/wp-json\/wp\/v2\/product_brand?post=117767"},{"taxonomy":"product_cat","embeddable":true,"href":"https:\/\/secureus.se\/fr\/wp-json\/wp\/v2\/product_cat?post=117767"},{"taxonomy":"product_tag","embeddable":true,"href":"https:\/\/secureus.se\/fr\/wp-json\/wp\/v2\/product_tag?post=117767"}],"curies":[{"name":"wp","href":"https:\/\/api.w.org\/{rel}","templated":true}]}}