{"id":117840,"date":"2024-11-05T16:57:18","date_gmt":"2024-11-05T15:57:18","guid":{"rendered":"https:\/\/secureus.se\/?post_type=product&#038;p=117840"},"modified":"2026-01-12T12:00:58","modified_gmt":"2026-01-12T11:00:58","slug":"markeringstejp-duraline-basic-50-016-4","status":"publish","type":"product","link":"https:\/\/secureus.se\/fr\/markeringstejp-duraline-basic-50-016-4\/","title":{"rendered":"Ruban de marquage DURALINE\u00ae BASIC 50\/016"},"content":{"rendered":"<p>Ruban de marquage autocollant qui peut \u00eatre fa\u00e7onn\u00e9 sur des surfaces in\u00e9gales ou autour des bords et des coins. L&#039;adh\u00e9sif en caoutchouc du ruban, en plus d&#039;\u00eatre mall\u00e9able, signifie \u00e9galement qu&#039;il peut \u00eatre facilement retir\u00e9 sans laisser de r\u00e9sidus d&#039;adh\u00e9sif, ce qui le rend parfait pour le marquage temporaire ou plus permanent de surfaces et d&#039;objets. Pour une utilisation en int\u00e9rieur sur des surfaces propres, sans huile et sans poussi\u00e8re. Assurez-vous que les sols, piliers, balustrades, portes, etc., qui peuvent pr\u00e9senter un risque, sont clairement marqu\u00e9s et correctement remarqu\u00e9s par ceux qui les entourent. Le ruban est lisse et n&#039;a aucune classe antid\u00e9rapante. Instructions de montage incluses. Largeur: 50 mm \u00c9paisseur\u00a0: 0,16 mm Longueur\u00a0: 33 m<\/p>","protected":false},"excerpt":{"rendered":"<p>Ruban de marquage pour marquer, coder par couleur et attirer l&#039;attention, par exemple, sur les dangers et les risques \u00e0 l&#039;int\u00e9rieur<\/p>","protected":false},"featured_media":137063,"template":"","meta":{"_acf_changed":false},"product_brand":[],"product_cat":[4303],"product_tag":[4398],"class_list":{"0":"post-117840","1":"product","2":"type-product","3":"status-publish","4":"has-post-thumbnail","6":"product_cat-golvtejp","7":"product_tag-gron","8":"product_shipping_class-tunga-paket","9":"pa_brands-durable","10":"pa_farg-gron","11":"tm-no-options","13":"first","14":"instock","15":"sale","16":"taxable","17":"shipping-taxable","18":"purchasable","19":"product-type-simple"},"acf":[],"_links":{"self":[{"href":"https:\/\/secureus.se\/fr\/wp-json\/wp\/v2\/product\/117840","targetHints":{"allow":["GET"]}}],"collection":[{"href":"https:\/\/secureus.se\/fr\/wp-json\/wp\/v2\/product"}],"about":[{"href":"https:\/\/secureus.se\/fr\/wp-json\/wp\/v2\/types\/product"}],"wp:featuredmedia":[{"embeddable":true,"href":"https:\/\/secureus.se\/fr\/wp-json\/wp\/v2\/media\/137063"}],"wp:attachment":[{"href":"https:\/\/secureus.se\/fr\/wp-json\/wp\/v2\/media?parent=117840"}],"wp:term":[{"taxonomy":"product_brand","embeddable":true,"href":"https:\/\/secureus.se\/fr\/wp-json\/wp\/v2\/product_brand?post=117840"},{"taxonomy":"product_cat","embeddable":true,"href":"https:\/\/secureus.se\/fr\/wp-json\/wp\/v2\/product_cat?post=117840"},{"taxonomy":"product_tag","embeddable":true,"href":"https:\/\/secureus.se\/fr\/wp-json\/wp\/v2\/product_tag?post=117840"}],"curies":[{"name":"wp","href":"https:\/\/api.w.org\/{rel}","templated":true}]}}