{"id":117964,"date":"2024-11-05T17:02:51","date_gmt":"2024-11-05T16:02:51","guid":{"rendered":"https:\/\/secureus.se\/?post_type=product&#038;p=117964"},"modified":"2026-01-12T12:04:19","modified_gmt":"2026-01-12T11:04:19","slug":"varseldekal-anvand-horselskydd","status":"publish","type":"product","link":"https:\/\/secureus.se\/fr\/varseldekal-anvand-horselskydd\/","title":{"rendered":"Autocollant d\u2019avertissement \u00ab\u00a0Utilisez une protection auditive\u00a0\u00bb"},"content":{"rendered":"<p>Un grand autocollant de sol autocollant \u00ab Utiliser une protection auditive \u00bb informe clairement les visiteurs et le personnel de suivre les recommandations afin de r\u00e9duire les risques de blessures. Se fixe sur des sols en b\u00e9ton propres et secs. Durable et durable avec indice antid\u00e9rapant R9 selon DIN 51130. Les panneaux r\u00e9pondent aux exigences de la norme ISO 7010.<br \/>\nDimensions : \u00d8 430 mm, \u00e9paisseur 0,4 mm<\/p>","protected":false},"excerpt":{"rendered":"<p>Panneau autocollant obligatoire pour application au sol. Informe clairement sur la protection de l&#039;audition et contribue \u00e0 accro\u00eetre la sensibilisation \u00e0 la s\u00e9curit\u00e9 et aux risques.<\/p>","protected":false},"featured_media":135544,"template":"","meta":{"_acf_changed":false},"product_brand":[],"product_cat":[4307],"product_tag":[4387],"class_list":{"0":"post-117964","1":"product","2":"type-product","3":"status-publish","4":"has-post-thumbnail","6":"product_cat-sakerhetsmarkning","7":"product_tag-bla","8":"product_shipping_class-tunga-paket","9":"pa_brands-durable","10":"pa_farg-bla","11":"tm-no-options","13":"first","14":"instock","15":"sale","16":"taxable","17":"shipping-taxable","18":"purchasable","19":"product-type-simple"},"acf":[],"_links":{"self":[{"href":"https:\/\/secureus.se\/fr\/wp-json\/wp\/v2\/product\/117964","targetHints":{"allow":["GET"]}}],"collection":[{"href":"https:\/\/secureus.se\/fr\/wp-json\/wp\/v2\/product"}],"about":[{"href":"https:\/\/secureus.se\/fr\/wp-json\/wp\/v2\/types\/product"}],"wp:featuredmedia":[{"embeddable":true,"href":"https:\/\/secureus.se\/fr\/wp-json\/wp\/v2\/media\/135544"}],"wp:attachment":[{"href":"https:\/\/secureus.se\/fr\/wp-json\/wp\/v2\/media?parent=117964"}],"wp:term":[{"taxonomy":"product_brand","embeddable":true,"href":"https:\/\/secureus.se\/fr\/wp-json\/wp\/v2\/product_brand?post=117964"},{"taxonomy":"product_cat","embeddable":true,"href":"https:\/\/secureus.se\/fr\/wp-json\/wp\/v2\/product_cat?post=117964"},{"taxonomy":"product_tag","embeddable":true,"href":"https:\/\/secureus.se\/fr\/wp-json\/wp\/v2\/product_tag?post=117964"}],"curies":[{"name":"wp","href":"https:\/\/api.w.org\/{rel}","templated":true}]}}