{"id":117985,"date":"2024-11-20T14:17:32","date_gmt":"2024-11-20T13:17:32","guid":{"rendered":"https:\/\/secureus.se\/?post_type=product&#038;p=117985"},"modified":"2026-01-12T12:45:33","modified_gmt":"2026-01-12T11:45:33","slug":"scanfix-1-m-x-30-mm","status":"publish","type":"product","link":"https:\/\/secureus.se\/fr\/scanfix-1-m-x-30-mm\/","title":{"rendered":"SCANFIX\u00ae 1 x 30 mm"},"content":{"rendered":"<p>Porte-\u00e9tiquette autocollant SCANFIX\u00ae pour l&#039;\u00e9tiquetage et la num\u00e9risation, par exemple des prix et des codes-barres sur les bords des \u00e9tag\u00e8res, les rayonnages \u00e0 palettes et les bo\u00eetes de stockage. Des \u00e9tiquettes blanches sont incluses et le support peut \u00eatre coup\u00e9 \u00e0 la longueur souhait\u00e9e. Ouverts en haut et sur le c\u00f4t\u00e9, ils conviennent aux \u00e9tiquettes qui doivent \u00eatre chang\u00e9es fr\u00e9quemment. Des mod\u00e8les gratuits pour concevoir et imprimer des \u00e9tiquettes \u00e9l\u00e9gantes sont disponibles sur www.duraprint.se. Dimensions : 1000 x 30 mm (LxH)<br \/>\nAccessoires:<br \/>\n\u00c9tiquettes suppl\u00e9mentaires sur feuilles A5 \u00e0 imprimer dans une imprimante, r\u00e9f. 804102. Ces \u00e9tiquettes suppl\u00e9mentaires mesurent 20 cm de long.<\/p>","protected":false},"excerpt":{"rendered":"<p>Porte-\u00e9tiquette autocollant et num\u00e9risable pour \u00e9tiqueter par exemple les bords d&#039;\u00e9tag\u00e8res. Ouvert en haut et sur le c\u00f4t\u00e9. Hauteur d&#039;\u00e9criture 3 cm, longueur 1 m\u00e8tre.<\/p>","protected":false},"featured_media":133599,"template":"","meta":{"_acf_changed":false},"product_brand":[],"product_cat":[4312],"product_tag":[4376],"class_list":{"0":"post-117985","1":"product","2":"type-product","3":"status-publish","4":"has-post-thumbnail","6":"product_cat-etikettremsor-skanningsbara","7":"product_tag-transparent","8":"product_shipping_class-tunga-paket","9":"pa_brands-durable","10":"pa_farg-transparent","11":"tm-no-options","13":"first","14":"instock","15":"sale","16":"taxable","17":"shipping-taxable","18":"purchasable","19":"product-type-simple"},"acf":[],"_links":{"self":[{"href":"https:\/\/secureus.se\/fr\/wp-json\/wp\/v2\/product\/117985","targetHints":{"allow":["GET"]}}],"collection":[{"href":"https:\/\/secureus.se\/fr\/wp-json\/wp\/v2\/product"}],"about":[{"href":"https:\/\/secureus.se\/fr\/wp-json\/wp\/v2\/types\/product"}],"wp:featuredmedia":[{"embeddable":true,"href":"https:\/\/secureus.se\/fr\/wp-json\/wp\/v2\/media\/133599"}],"wp:attachment":[{"href":"https:\/\/secureus.se\/fr\/wp-json\/wp\/v2\/media?parent=117985"}],"wp:term":[{"taxonomy":"product_brand","embeddable":true,"href":"https:\/\/secureus.se\/fr\/wp-json\/wp\/v2\/product_brand?post=117985"},{"taxonomy":"product_cat","embeddable":true,"href":"https:\/\/secureus.se\/fr\/wp-json\/wp\/v2\/product_cat?post=117985"},{"taxonomy":"product_tag","embeddable":true,"href":"https:\/\/secureus.se\/fr\/wp-json\/wp\/v2\/product_tag?post=117985"}],"curies":[{"name":"wp","href":"https:\/\/api.w.org\/{rel}","templated":true}]}}