{"id":118034,"date":"2024-11-05T16:55:12","date_gmt":"2024-11-05T15:55:12","guid":{"rendered":"https:\/\/secureus.se\/?post_type=product&#038;p=118034"},"modified":"2026-01-12T12:01:58","modified_gmt":"2026-01-12T11:01:58","slug":"pallficka-hard-cover-1-2-a5l-210x74","status":"publish","type":"product","link":"https:\/\/secureus.se\/fr\/pallficka-hard-cover-1-2-a5l-210x74\/","title":{"rendered":"Pochette palette HARD COVER 1\/2 A5L, 210\u00d774"},"content":{"rendered":"<p>Un \u00e9tiquetage clair et complet des rehausses de palettes, des palettes et des cartons am\u00e9liore et rationalise le processus de travail dans les entrep\u00f4ts et dans les installations de production. Les pochettes transparentes en plastique PET rigide sont lisibles avec un scanner. La pochette pour palette peut \u00eatre suspendue par exemple sur les bords des rehausses de palette d&#039;une longueur maximale de 22 mm. Chaque porte-\u00e9tiquette est recouvert d&#039;un film plastique transparent qui prot\u00e8ge des rayures lors du transport et du stockage. Le film protecteur s\u2019enl\u00e8ve facilement lors de l\u2019utilisation du produit. Un mod\u00e8le gratuit d&#039;\u00e9tiquette est disponible sur www.duraprint.se.<br \/>\nDimensions int\u00e9rieures\u00a0: 1\/2 A5L (210 x 74 mm L x H), conform\u00e9ment \u00e0 la norme VDA<br \/>\nDimensions ext\u00e9rieures : 213 x 77 mm L x H<br \/>\nAccessoires : \u00c9tiquettes sur feuilles A4, r\u00e9f. 102802.<\/p>","protected":false},"excerpt":{"rendered":"<p>Pochette palette en plastique PET rigide transparent \u00e0 suspendre sur le bord des rehausses de palettes et des cartons. <\/p>","protected":false},"featured_media":137129,"template":"","meta":{"_acf_changed":false},"product_brand":[],"product_cat":[4306],"product_tag":[4376],"class_list":{"0":"post-118034","1":"product","2":"type-product","3":"status-publish","4":"has-post-thumbnail","6":"product_cat-markning-pallstall","7":"product_tag-transparent","8":"product_shipping_class-tunga-paket","9":"pa_brands-durable","10":"pa_farg-transparent","11":"tm-no-options","13":"first","14":"instock","15":"sale","16":"taxable","17":"shipping-taxable","18":"purchasable","19":"product-type-simple"},"acf":[],"_links":{"self":[{"href":"https:\/\/secureus.se\/fr\/wp-json\/wp\/v2\/product\/118034","targetHints":{"allow":["GET"]}}],"collection":[{"href":"https:\/\/secureus.se\/fr\/wp-json\/wp\/v2\/product"}],"about":[{"href":"https:\/\/secureus.se\/fr\/wp-json\/wp\/v2\/types\/product"}],"wp:featuredmedia":[{"embeddable":true,"href":"https:\/\/secureus.se\/fr\/wp-json\/wp\/v2\/media\/137129"}],"wp:attachment":[{"href":"https:\/\/secureus.se\/fr\/wp-json\/wp\/v2\/media?parent=118034"}],"wp:term":[{"taxonomy":"product_brand","embeddable":true,"href":"https:\/\/secureus.se\/fr\/wp-json\/wp\/v2\/product_brand?post=118034"},{"taxonomy":"product_cat","embeddable":true,"href":"https:\/\/secureus.se\/fr\/wp-json\/wp\/v2\/product_cat?post=118034"},{"taxonomy":"product_tag","embeddable":true,"href":"https:\/\/secureus.se\/fr\/wp-json\/wp\/v2\/product_tag?post=118034"}],"curies":[{"name":"wp","href":"https:\/\/api.w.org\/{rel}","templated":true}]}}