{"id":118067,"date":"2024-11-05T16:54:40","date_gmt":"2024-11-05T15:54:40","guid":{"rendered":"https:\/\/secureus.se\/?post_type=product&#038;p=118067"},"modified":"2026-01-12T12:01:54","modified_gmt":"2026-01-12T11:01:54","slug":"etiketthallare-sjalvhaftande-hard-cover-100x38-mm","status":"publish","type":"product","link":"https:\/\/secureus.se\/fr\/etiketthallare-sjalvhaftande-hard-cover-100x38-mm\/","title":{"rendered":"Porte-\u00e9tiquette autocollant HARD COVER 100\u00d738 mm"},"content":{"rendered":"<p>Un \u00e9tiquetage clair et complet des \u00e9tag\u00e8res, armoires, portes, palettes, conteneurs et autres espaces am\u00e9liore et rationalise le processus de travail dans les entrep\u00f4ts et les installations de production. Les porte-\u00e9tiquettes transparents et autocollants en plastique PET rigide peuvent \u00eatre lus avec un scanner. Les \u00e9tiquettes sont faciles \u00e0 changer car les supports sont ouverts en haut et des deux c\u00f4t\u00e9s et disposent \u00e9galement de coins chanfrein\u00e9s pour un acc\u00e8s facile \u00e0 l&#039;\u00e9tiquette. Install\u00e9 avec des bandes adh\u00e9sives amovibles sans laisser de r\u00e9sidus d&#039;adh\u00e9sif une fois retir\u00e9es. Chaque porte-\u00e9tiquette est recouvert d&#039;un film plastique transparent qui prot\u00e8ge des rayures lors du transport et du stockage. Le film protecteur s\u2019enl\u00e8ve facilement lors de l\u2019utilisation du produit. Un mod\u00e8le gratuit d&#039;\u00e9tiquette est disponible sur www.duraprint.se.<br \/>\nDimensions int\u00e9rieures : 100 x 38 mm (L x H)<br \/>\n Dimensions ext\u00e9rieures : 103 x 43 mm (L x H)<br \/>\nAccessoires : \u00c9tiquettes sur feuilles A4, art. N\u00b0 102202<\/p>","protected":false},"excerpt":{"rendered":"<p>Porte-\u00e9tiquette en plastique PET avec bandes adh\u00e9sives autocollantes et amovibles au dos. \u00c0 utiliser par exemple sur les bords des \u00e9tag\u00e8res.<\/p>","protected":false},"featured_media":135694,"template":"","meta":{"_acf_changed":false},"product_brand":[],"product_cat":[4335],"product_tag":[4376],"class_list":{"0":"post-118067","1":"product","2":"type-product","3":"status-publish","4":"has-post-thumbnail","6":"product_cat-etiketthallare","7":"product_tag-transparent","8":"product_shipping_class-tunga-paket","9":"pa_brands-durable","10":"pa_farg-transparent","11":"tm-no-options","13":"first","14":"instock","15":"sale","16":"taxable","17":"shipping-taxable","18":"purchasable","19":"product-type-simple"},"acf":[],"_links":{"self":[{"href":"https:\/\/secureus.se\/fr\/wp-json\/wp\/v2\/product\/118067","targetHints":{"allow":["GET"]}}],"collection":[{"href":"https:\/\/secureus.se\/fr\/wp-json\/wp\/v2\/product"}],"about":[{"href":"https:\/\/secureus.se\/fr\/wp-json\/wp\/v2\/types\/product"}],"wp:featuredmedia":[{"embeddable":true,"href":"https:\/\/secureus.se\/fr\/wp-json\/wp\/v2\/media\/135694"}],"wp:attachment":[{"href":"https:\/\/secureus.se\/fr\/wp-json\/wp\/v2\/media?parent=118067"}],"wp:term":[{"taxonomy":"product_brand","embeddable":true,"href":"https:\/\/secureus.se\/fr\/wp-json\/wp\/v2\/product_brand?post=118067"},{"taxonomy":"product_cat","embeddable":true,"href":"https:\/\/secureus.se\/fr\/wp-json\/wp\/v2\/product_cat?post=118067"},{"taxonomy":"product_tag","embeddable":true,"href":"https:\/\/secureus.se\/fr\/wp-json\/wp\/v2\/product_tag?post=118067"}],"curies":[{"name":"wp","href":"https:\/\/api.w.org\/{rel}","templated":true}]}}