{"id":118076,"date":"2024-12-07T15:21:17","date_gmt":"2024-12-07T14:21:17","guid":{"rendered":"https:\/\/secureus.se\/?post_type=product&#038;p=118076"},"modified":"2026-01-12T12:36:40","modified_gmt":"2026-01-12T11:36:40","slug":"sherpa-motion-10","status":"publish","type":"product","link":"https:\/\/secureus.se\/fr\/sherpa-motion-10\/","title":{"rendered":"SHERPA\u00ae MOUVEMENT 10"},"content":{"rendered":"<p>Des stands d\u2019information et de pr\u00e9sentation qui portent de nombreux noms diff\u00e9rents ; panneau, afficheur, syst\u00e8me de vue d&#039;ensemble, registre d&#039;aile, porte PLU, porte document, lat dog.... Quel que soit son nom, il a de nombreuses utilisations dans les bureaux, magasins, cuisines, caisses, expositions, etc. Les informations fr\u00e9quemment utilis\u00e9es sont stock\u00e9es, rapidement trouv\u00e9es et facilement consultables dans le syst\u00e8me de synth\u00e8se. SHERPA\u00ae MOTION est un support de table complet dot\u00e9 de 10 pochettes en plastique polypropyl\u00e8ne antireflet et num\u00e9risables pour documents au format A4. La boule galvanis\u00e9e permet de le faire pivoter \u00e0 360\u00b0 et \u00e9galement de l&#039;incliner vers le haut ou vers le bas pour r\u00e9gler l&#039;angle de lecture entre 25\u00b0 et 70\u00b0. Support d&#039;en-t\u00eate amovible de 58 mm inclus. Lors de l&#039;insertion et du retrait des poches, il est bon de plier l\u00e9g\u00e8rement la poche au milieu le long du c\u00f4t\u00e9 long int\u00e9rieur, afin qu&#039;il soit facile d&#039;ins\u00e9rer et de retirer la poche sans endommager les pointes du support. Les pieds en caoutchouc lui permettent de tenir fermement. Garantie 5 ans. Les conditions de garantie peuvent \u00eatre consult\u00e9es ici\u00a0: https:\/\/www.durable.se\/sv_SE\/service\/garanti\/garanti-foer-sherpa-vario\/<\/p>","protected":false},"excerpt":{"rendered":"<p>Support de table complet et rotatif avec 10 panneaux d\u00e9roulants pour avoir rapidement et clairement les informations fr\u00e9quemment utilis\u00e9es \u00e0 port\u00e9e de main. <\/p>","protected":false},"featured_media":135684,"template":"","meta":{"_acf_changed":false},"product_brand":[],"product_cat":[4298],"product_tag":[4404],"class_list":{"0":"post-118076","1":"product","2":"type-product","3":"status-publish","4":"has-post-thumbnail","6":"product_cat-bladderstall-bord","7":"product_tag-grafitgra","8":"product_shipping_class-tunga-paket","9":"pa_brands-durable","10":"pa_farg-grafitgra","11":"tm-no-options","13":"first","14":"instock","15":"sale","16":"taxable","17":"shipping-taxable","18":"purchasable","19":"product-type-simple"},"acf":[],"_links":{"self":[{"href":"https:\/\/secureus.se\/fr\/wp-json\/wp\/v2\/product\/118076","targetHints":{"allow":["GET"]}}],"collection":[{"href":"https:\/\/secureus.se\/fr\/wp-json\/wp\/v2\/product"}],"about":[{"href":"https:\/\/secureus.se\/fr\/wp-json\/wp\/v2\/types\/product"}],"wp:featuredmedia":[{"embeddable":true,"href":"https:\/\/secureus.se\/fr\/wp-json\/wp\/v2\/media\/135684"}],"wp:attachment":[{"href":"https:\/\/secureus.se\/fr\/wp-json\/wp\/v2\/media?parent=118076"}],"wp:term":[{"taxonomy":"product_brand","embeddable":true,"href":"https:\/\/secureus.se\/fr\/wp-json\/wp\/v2\/product_brand?post=118076"},{"taxonomy":"product_cat","embeddable":true,"href":"https:\/\/secureus.se\/fr\/wp-json\/wp\/v2\/product_cat?post=118076"},{"taxonomy":"product_tag","embeddable":true,"href":"https:\/\/secureus.se\/fr\/wp-json\/wp\/v2\/product_tag?post=118076"}],"curies":[{"name":"wp","href":"https:\/\/api.w.org\/{rel}","templated":true}]}}