{"id":118096,"date":"2024-11-05T16:54:07","date_gmt":"2024-11-05T15:54:07","guid":{"rendered":"https:\/\/secureus.se\/?post_type=product&#038;p=118096"},"modified":"2026-03-11T14:45:44","modified_gmt":"2026-03-11T13:45:44","slug":"etiketthallare-magnetisk-hard-cover-100x38-mm","status":"publish","type":"product","link":"https:\/\/secureus.se\/fr\/etiketthallare-magnetisk-hard-cover-100x38-mm\/","title":{"rendered":"Porte-\u00e9tiquette magn\u00e9tique HARD COVER 100\u00d738 mm"},"content":{"rendered":"<p>Un \u00e9tiquetage clair et pr\u00e9cis des \u00e9tag\u00e8res, armoires, portes, palettes, conteneurs et autres espaces am\u00e9liore et rationalise les processus de travail dans les entrep\u00f4ts et les sites de production. Les porte-\u00e9tiquettes magn\u00e9tiques transparents, en plastique PET rigide, sont lisibles par scanner. Le changement d&#039;\u00e9tiquettes est ais\u00e9 gr\u00e2ce \u00e0 l&#039;ouverture des pochettes sur le dessus et les c\u00f4t\u00e9s, ainsi qu&#039;\u00e0 leurs coins biseaut\u00e9s facilitant l&#039;acc\u00e8s \u00e0 l&#039;\u00e9tiquette. Deux bandes magn\u00e9tiques au dos assurent une fixation optimale de la pochette. Chaque porte-\u00e9tiquette est recouvert d&#039;un film plastique transparent qui le prot\u00e8ge des rayures pendant le transport et le stockage. Ce film protecteur se retire facilement avant utilisation. Un mod\u00e8le d&#039;\u00e9tiquette gratuit est disponible sur www.duraprint.se.<br \/>\nDimensions int\u00e9rieures : 100 x 38 mm (L x H)<br \/>\nDimensions ext\u00e9rieures : 103 x 43 mm (L x H)<br \/>\nAccessoires : \u00c9tiquettes sur feuilles A4, art. N\u00b0 102202<\/p>","protected":false},"excerpt":{"rendered":"<p>Porte-\u00e9tiquette en plastique PET avec deux bandes magn\u00e9tiques au dos. \u00c0 utiliser par exemple sur les bords d&#039;\u00e9tag\u00e8res m\u00e9talliques.<\/p>","protected":false},"featured_media":135886,"template":"","meta":{"_acf_changed":false},"product_brand":[],"product_cat":[4335],"product_tag":[4376],"class_list":{"0":"post-118096","1":"product","2":"type-product","3":"status-publish","4":"has-post-thumbnail","6":"product_cat-etiketthallare","7":"product_tag-transparent","8":"product_shipping_class-tunga-paket","9":"pa_brands-durable","10":"pa_farg-transparent","11":"tm-no-options","13":"first","14":"instock","15":"sale","16":"taxable","17":"shipping-taxable","18":"purchasable","19":"product-type-simple"},"acf":[],"_links":{"self":[{"href":"https:\/\/secureus.se\/fr\/wp-json\/wp\/v2\/product\/118096","targetHints":{"allow":["GET"]}}],"collection":[{"href":"https:\/\/secureus.se\/fr\/wp-json\/wp\/v2\/product"}],"about":[{"href":"https:\/\/secureus.se\/fr\/wp-json\/wp\/v2\/types\/product"}],"wp:featuredmedia":[{"embeddable":true,"href":"https:\/\/secureus.se\/fr\/wp-json\/wp\/v2\/media\/135886"}],"wp:attachment":[{"href":"https:\/\/secureus.se\/fr\/wp-json\/wp\/v2\/media?parent=118096"}],"wp:term":[{"taxonomy":"product_brand","embeddable":true,"href":"https:\/\/secureus.se\/fr\/wp-json\/wp\/v2\/product_brand?post=118096"},{"taxonomy":"product_cat","embeddable":true,"href":"https:\/\/secureus.se\/fr\/wp-json\/wp\/v2\/product_cat?post=118096"},{"taxonomy":"product_tag","embeddable":true,"href":"https:\/\/secureus.se\/fr\/wp-json\/wp\/v2\/product_tag?post=118096"}],"curies":[{"name":"wp","href":"https:\/\/api.w.org\/{rel}","templated":true}]}}