{"id":118146,"date":"2024-11-05T16:53:01","date_gmt":"2024-11-05T15:53:01","guid":{"rendered":"https:\/\/secureus.se\/?post_type=product&#038;p=118146"},"modified":"2026-01-12T12:44:40","modified_gmt":"2026-01-12T11:44:40","slug":"etiketthallare-labelfix-200x20-mm","status":"publish","type":"product","link":"https:\/\/secureus.se\/fr\/etiketthallare-labelfix-200x20-mm\/","title":{"rendered":"Porte-\u00e9tiquette LABELFIX\u00ae 200\u00d720 mm"},"content":{"rendered":"<p>Porte-\u00e9tiquette autocollant LABELFIX\u00ae pour l&#039;\u00e9tiquetage des bords d&#039;\u00e9tag\u00e8res, des compartiments, des tiroirs et des armoires. Des \u00e9tiquettes blanches sont incluses et le support peut \u00eatre coup\u00e9 \u00e0 la longueur souhait\u00e9e. Ouverture sur le c\u00f4t\u00e9 pour les \u00e9tiquettes qu&#039;il n&#039;est pas n\u00e9cessaire de changer tr\u00e8s souvent. Des mod\u00e8les gratuits pour concevoir et imprimer des \u00e9tiquettes \u00e9l\u00e9gantes sont disponibles sur www.duraprint.se. Dimensions : 200 x 20 mm (LxH)<br \/>\nAccessoires:<br \/>\n\u00c9tiquettes suppl\u00e9mentaires sur feuilles A5 pour impression dans une imprimante, r\u00e9f.<\/p>","protected":false},"excerpt":{"rendered":"<p>Porte-\u00e9tiquette autocollant pour \u00e9tiqueter par exemple les bords d&#039;\u00e9tag\u00e8res ou les cartons. Ouvert sur le c\u00f4t\u00e9. Hauteur d&#039;\u00e9criture 2 cm, longueur 20 cm.<\/p>","protected":false},"featured_media":137143,"template":"","meta":{"_acf_changed":false},"product_brand":[],"product_cat":[4335],"product_tag":[4376],"class_list":{"0":"post-118146","1":"product","2":"type-product","3":"status-publish","4":"has-post-thumbnail","6":"product_cat-etiketthallare","7":"product_tag-transparent","8":"product_shipping_class-tunga-paket","9":"pa_brands-durable","10":"pa_farg-transparent","11":"tm-no-options","13":"first","14":"instock","15":"sale","16":"taxable","17":"shipping-taxable","18":"purchasable","19":"product-type-simple"},"acf":[],"_links":{"self":[{"href":"https:\/\/secureus.se\/fr\/wp-json\/wp\/v2\/product\/118146","targetHints":{"allow":["GET"]}}],"collection":[{"href":"https:\/\/secureus.se\/fr\/wp-json\/wp\/v2\/product"}],"about":[{"href":"https:\/\/secureus.se\/fr\/wp-json\/wp\/v2\/types\/product"}],"wp:featuredmedia":[{"embeddable":true,"href":"https:\/\/secureus.se\/fr\/wp-json\/wp\/v2\/media\/137143"}],"wp:attachment":[{"href":"https:\/\/secureus.se\/fr\/wp-json\/wp\/v2\/media?parent=118146"}],"wp:term":[{"taxonomy":"product_brand","embeddable":true,"href":"https:\/\/secureus.se\/fr\/wp-json\/wp\/v2\/product_brand?post=118146"},{"taxonomy":"product_cat","embeddable":true,"href":"https:\/\/secureus.se\/fr\/wp-json\/wp\/v2\/product_cat?post=118146"},{"taxonomy":"product_tag","embeddable":true,"href":"https:\/\/secureus.se\/fr\/wp-json\/wp\/v2\/product_tag?post=118146"}],"curies":[{"name":"wp","href":"https:\/\/api.w.org\/{rel}","templated":true}]}}