{"id":118223,"date":"2024-11-05T16:51:32","date_gmt":"2024-11-05T15:51:32","guid":{"rendered":"https:\/\/secureus.se\/?post_type=product&#038;p=118223"},"modified":"2026-01-12T12:23:02","modified_gmt":"2026-01-12T11:23:02","slug":"dokumentficka-a4-magnetisk-5-st-frp","status":"publish","type":"product","link":"https:\/\/secureus.se\/fr\/dokumentficka-a4-magnetisk-5-st-frp\/","title":{"rendered":"Pochette pour documents A4 magn\u00e9tique 5 pcs\/frp"},"content":{"rendered":"<p>Pochette pour documents magn\u00e9tiquement adh\u00e9sive en polypropyl\u00e8ne pour afficher et prot\u00e9ger des informations temporaires lors de foires et d&#039;\u00e9v\u00e9nements, dans les magasins et les bureaux. Stable aux UV jusqu&#039;\u00e0 2 ans, r\u00e9siste \u00e0 la chaleur jusqu&#039;\u00e0 environ 50\u00b0 et au refroidissement jusqu&#039;\u00e0 environ -10\u00b0.<br \/>\nPlacez la feuille de protection non r\u00e9fl\u00e9chissante \u2013 avec trois bandes magn\u00e9tiques au dos \u2013 sur le document et fixez-la sur un support m\u00e9tallique. Clair! Manipulation propre et plus facile que par exemple le ruban adh\u00e9sif. Les bandes magn\u00e9tiques peuvent \u00eatre s\u00e9par\u00e9es de la feuille de plastique afin que le mat\u00e9riau puisse \u00eatre tri\u00e9 \u00e0 la source pour \u00eatre recycl\u00e9 dans le 50% lorsque la pochette doit \u00eatre \u00e9limin\u00e9e.<br \/>\nPour documents au format A4, dimensions int\u00e9rieures 298\u00d7211 mm. Dimensions ext\u00e9rieures 323\u00d7236 mm.<br \/>\nCouleur : bord gris mouchet\u00e9<br \/>\nEmballage de 5 pi\u00e8ces.<\/p>","protected":false},"excerpt":{"rendered":"<p>Cadre d&#039;information magn\u00e9tiquement adh\u00e9sif qui encadre et prot\u00e8ge l&#039;incrustation contre la salet\u00e9. Pour information au format A4, \u00e0 apposer sur des surfaces int\u00e9rieures lisses.<\/p>","protected":false},"featured_media":137152,"template":"","meta":{"_acf_changed":false},"product_brand":[],"product_cat":[4296],"product_tag":[4394],"class_list":{"0":"post-118223","1":"product","2":"type-product","3":"status-publish","4":"has-post-thumbnail","6":"product_cat-inforamar-for-slata-ytor","7":"product_tag-antracitgra","8":"product_shipping_class-tunga-paket","9":"pa_brands-durable","10":"pa_farg-antracitgra","11":"tm-no-options","13":"first","14":"instock","15":"sale","16":"taxable","17":"shipping-taxable","18":"purchasable","19":"product-type-simple"},"acf":[],"_links":{"self":[{"href":"https:\/\/secureus.se\/fr\/wp-json\/wp\/v2\/product\/118223","targetHints":{"allow":["GET"]}}],"collection":[{"href":"https:\/\/secureus.se\/fr\/wp-json\/wp\/v2\/product"}],"about":[{"href":"https:\/\/secureus.se\/fr\/wp-json\/wp\/v2\/types\/product"}],"wp:featuredmedia":[{"embeddable":true,"href":"https:\/\/secureus.se\/fr\/wp-json\/wp\/v2\/media\/137152"}],"wp:attachment":[{"href":"https:\/\/secureus.se\/fr\/wp-json\/wp\/v2\/media?parent=118223"}],"wp:term":[{"taxonomy":"product_brand","embeddable":true,"href":"https:\/\/secureus.se\/fr\/wp-json\/wp\/v2\/product_brand?post=118223"},{"taxonomy":"product_cat","embeddable":true,"href":"https:\/\/secureus.se\/fr\/wp-json\/wp\/v2\/product_cat?post=118223"},{"taxonomy":"product_tag","embeddable":true,"href":"https:\/\/secureus.se\/fr\/wp-json\/wp\/v2\/product_tag?post=118223"}],"curies":[{"name":"wp","href":"https:\/\/api.w.org\/{rel}","templated":true}]}}