{"id":118293,"date":"2024-11-05T16:49:56","date_gmt":"2024-11-05T15:49:56","guid":{"rendered":"https:\/\/secureus.se\/?post_type=product&#038;p=118293"},"modified":"2026-01-12T12:32:35","modified_gmt":"2026-01-12T11:32:35","slug":"skarmstall-effect","status":"publish","type":"product","link":"https:\/\/secureus.se\/fr\/skarmstall-effect\/","title":{"rendered":"EFFET support d&#039;\u00e9cran"},"content":{"rendered":"<p>Un support d&#039;\u00e9cran place l&#039;\u00e9cran de l&#039;ordinateur \u00e0 une bonne hauteur ergonomique : le bord sup\u00e9rieur de l&#039;\u00e9cran doit \u00eatre au niveau des yeux ou juste en dessous, ce qui fait que le regard tombe obliquement vers le bas et repose sur les yeux. Le support lib\u00e8re de l&#039;espace sur la table, combin\u00e9 \u00e0 une bo\u00eete pour ranger stylos, documents, c\u00e2bles, etc., le bureau reste bien rang\u00e9. La s\u00e9rie EFFECT, dont fait partie ce support, est en grande partie constitu\u00e9e d&#039;un mat\u00e9riau en feutre doux, insonorisant et durable. La couverture est fabriqu\u00e9e en plastique PET, dont 60% est issu de plastique PET collect\u00e9 et recycl\u00e9 (rPET). Les produits de la s\u00e9rie sont recyclables \u00e0 100 % et sont emball\u00e9s de mani\u00e8re durable avec des mat\u00e9riaux \u00e9conomes en ressources et sans plastique. L&#039;\u00e9tag\u00e8re en m\u00e9tal peut \u00eatre plac\u00e9e \u00e0 trois hauteurs diff\u00e9rentes, de 9 \u00e0 12 \u00e0 15 cm, \u00e0 l&#039;aide de deux attaches - aucun vissage ou collage fastidieux n&#039;est n\u00e9cessaire. Ouverture pour c\u00e2ble de chargement. Le support est stable et supporte une charge maximale de 10 kg. Dimensions : 49,6 x 16,2 x 26 cm (L x H x P)<br \/>\nAccessoires : Bo\u00eete EFFECT, r\u00e9f. 508201.<\/p>","protected":false},"excerpt":{"rendered":"<p>Support d&#039;\u00e9cran r\u00e9glable en hauteur pour une position de travail plus ergonomique et un bureau organis\u00e9. <\/p>","protected":false},"featured_media":136184,"template":"","meta":{"_acf_changed":false},"product_brand":[],"product_cat":[4243],"product_tag":[4390],"class_list":{"0":"post-118293","1":"product","2":"type-product","3":"status-publish","4":"has-post-thumbnail","6":"product_cat-skarmhallare","7":"product_tag-morkgra","8":"product_shipping_class-tunga-paket","9":"pa_brands-durable","10":"pa_farg-morkgra","11":"tm-no-options","13":"first","14":"instock","15":"sale","16":"taxable","17":"shipping-taxable","18":"purchasable","19":"product-type-simple"},"acf":[],"_links":{"self":[{"href":"https:\/\/secureus.se\/fr\/wp-json\/wp\/v2\/product\/118293","targetHints":{"allow":["GET"]}}],"collection":[{"href":"https:\/\/secureus.se\/fr\/wp-json\/wp\/v2\/product"}],"about":[{"href":"https:\/\/secureus.se\/fr\/wp-json\/wp\/v2\/types\/product"}],"wp:featuredmedia":[{"embeddable":true,"href":"https:\/\/secureus.se\/fr\/wp-json\/wp\/v2\/media\/136184"}],"wp:attachment":[{"href":"https:\/\/secureus.se\/fr\/wp-json\/wp\/v2\/media?parent=118293"}],"wp:term":[{"taxonomy":"product_brand","embeddable":true,"href":"https:\/\/secureus.se\/fr\/wp-json\/wp\/v2\/product_brand?post=118293"},{"taxonomy":"product_cat","embeddable":true,"href":"https:\/\/secureus.se\/fr\/wp-json\/wp\/v2\/product_cat?post=118293"},{"taxonomy":"product_tag","embeddable":true,"href":"https:\/\/secureus.se\/fr\/wp-json\/wp\/v2\/product_tag?post=118293"}],"curies":[{"name":"wp","href":"https:\/\/api.w.org\/{rel}","templated":true}]}}