{"id":118300,"date":"2024-11-05T16:49:23","date_gmt":"2024-11-05T15:49:23","guid":{"rendered":"https:\/\/secureus.se\/?post_type=product&#038;p=118300"},"modified":"2026-01-12T12:29:33","modified_gmt":"2026-01-12T11:29:33","slug":"snappram-aluminium-a1","status":"publish","type":"product","link":"https:\/\/secureus.se\/fr\/snappram-aluminium-a1\/","title":{"rendered":"Cadre \u00e0 pression aluminium A1"},"content":{"rendered":"<p>Les cadres \u00e0 pression classiques sont utiles, par exemple, dans les salles de sport, les bureaux, les h\u00f4tels, les salons et les magasins pour afficher de mani\u00e8re ordonn\u00e9e les informations qui doivent \u00eatre remplac\u00e9es. Changez l&#039;insert en repliant les 4 profils lat\u00e9raux et en retirant la fa\u00e7ade en plastique anti-UV et antireflet qui prot\u00e8ge l&#039;insert. Le cadre est constitu\u00e9 d&#039;un profil\u00e9 en aluminium anodis\u00e9 de 25 mm de large, ce qui rend la surface en aluminium plus durable. L&#039;arri\u00e8re du cadre clic est en polystyr\u00e8ne durable. Trous dissimul\u00e9s pour vis et chevilles incluses et 4 bandes autocollantes incluses, pour un montage mural en option au format portrait ou paysage.<br \/>\nDimensions ext\u00e9rieures : 660 x 900 x 12 mm, H x L x P<br \/>\nDimensions int\u00e9rieures : 630 x 870 mm, H x L<\/p>","protected":false},"excerpt":{"rendered":"<p>Cadre \u00e0 pression avec profil en aluminium de 25 mm, pour inserts au format A1<\/p>","protected":false},"featured_media":136226,"template":"","meta":{"_acf_changed":false},"product_brand":[],"product_cat":[4336],"product_tag":[4382],"class_list":{"0":"post-118300","1":"product","2":"type-product","3":"status-publish","4":"has-post-thumbnail","6":"product_cat-snappram","7":"product_tag-silver","8":"product_shipping_class-tunga-paket","9":"pa_brands-durable","10":"pa_farg-silver","11":"tm-no-options","13":"first","14":"instock","15":"sale","16":"taxable","17":"shipping-taxable","18":"purchasable","19":"product-type-simple"},"acf":[],"_links":{"self":[{"href":"https:\/\/secureus.se\/fr\/wp-json\/wp\/v2\/product\/118300","targetHints":{"allow":["GET"]}}],"collection":[{"href":"https:\/\/secureus.se\/fr\/wp-json\/wp\/v2\/product"}],"about":[{"href":"https:\/\/secureus.se\/fr\/wp-json\/wp\/v2\/types\/product"}],"wp:featuredmedia":[{"embeddable":true,"href":"https:\/\/secureus.se\/fr\/wp-json\/wp\/v2\/media\/136226"}],"wp:attachment":[{"href":"https:\/\/secureus.se\/fr\/wp-json\/wp\/v2\/media?parent=118300"}],"wp:term":[{"taxonomy":"product_brand","embeddable":true,"href":"https:\/\/secureus.se\/fr\/wp-json\/wp\/v2\/product_brand?post=118300"},{"taxonomy":"product_cat","embeddable":true,"href":"https:\/\/secureus.se\/fr\/wp-json\/wp\/v2\/product_cat?post=118300"},{"taxonomy":"product_tag","embeddable":true,"href":"https:\/\/secureus.se\/fr\/wp-json\/wp\/v2\/product_tag?post=118300"}],"curies":[{"name":"wp","href":"https:\/\/api.w.org\/{rel}","templated":true}]}}