{"id":118309,"date":"2024-11-05T17:15:14","date_gmt":"2024-11-05T16:15:14","guid":{"rendered":"https:\/\/secureus.se\/?post_type=product&#038;p=118309"},"modified":"2025-12-31T21:19:57","modified_gmt":"2025-12-31T20:19:57","slug":"surfplattehallare-varicolor","status":"publish","type":"product","link":"https:\/\/secureus.se\/fr\/surfplattehallare-varicolor\/","title":{"rendered":"Support tablette VARICOLOR\u00b0"},"content":{"rendered":"<p>Support de tablette pratique avec une surface caoutchout\u00e9e douce qui maintient la tablette stable et l\u00e9g\u00e8rement inclin\u00e9e lorsqu&#039;elle est sur le support. Si la tablette est plac\u00e9e dans le support - que ce soit en format paysage ou portrait - l&#039;angle de lecture est diff\u00e9rent. La tablette peut \u00eatre plac\u00e9e dans le \u00ab foss\u00e9 \u00bb avec ou sans \u00e9tui de protection. Le support de tablette peut pivoter \u00e0 360\u00b0 et \u00e9galement \u00eatre verrouill\u00e9 dans la position souhait\u00e9e. Les pieds en caoutchouc prot\u00e8gent la surface des rayures et la maintiennent fermement. Dimensions : 145 x 59 mm (\u00d8 x H)<\/p>","protected":false},"excerpt":{"rendered":"<p>Support pour planche de surf orientable \u00e0 360\u00b0. Pour tablettes avec et sans \u00e9tui de protection.<\/p>","protected":false},"featured_media":135538,"template":"","meta":{"_acf_changed":false},"product_brand":[],"product_cat":[4236],"product_tag":[4390],"class_list":{"0":"post-118309","1":"product","2":"type-product","3":"status-publish","4":"has-post-thumbnail","6":"product_cat-surfplattehallare","7":"product_tag-morkgra","8":"product_shipping_class-tunga-paket","9":"pa_brands-durable","10":"pa_farg-morkgra","11":"tm-no-options","13":"first","14":"instock","15":"sale","16":"taxable","17":"shipping-taxable","18":"purchasable","19":"product-type-simple"},"acf":[],"_links":{"self":[{"href":"https:\/\/secureus.se\/fr\/wp-json\/wp\/v2\/product\/118309","targetHints":{"allow":["GET"]}}],"collection":[{"href":"https:\/\/secureus.se\/fr\/wp-json\/wp\/v2\/product"}],"about":[{"href":"https:\/\/secureus.se\/fr\/wp-json\/wp\/v2\/types\/product"}],"wp:featuredmedia":[{"embeddable":true,"href":"https:\/\/secureus.se\/fr\/wp-json\/wp\/v2\/media\/135538"}],"wp:attachment":[{"href":"https:\/\/secureus.se\/fr\/wp-json\/wp\/v2\/media?parent=118309"}],"wp:term":[{"taxonomy":"product_brand","embeddable":true,"href":"https:\/\/secureus.se\/fr\/wp-json\/wp\/v2\/product_brand?post=118309"},{"taxonomy":"product_cat","embeddable":true,"href":"https:\/\/secureus.se\/fr\/wp-json\/wp\/v2\/product_cat?post=118309"},{"taxonomy":"product_tag","embeddable":true,"href":"https:\/\/secureus.se\/fr\/wp-json\/wp\/v2\/product_tag?post=118309"}],"curies":[{"name":"wp","href":"https:\/\/api.w.org\/{rel}","templated":true}]}}