{"id":118415,"date":"2024-11-05T17:13:35","date_gmt":"2024-11-05T16:13:35","guid":{"rendered":"https:\/\/secureus.se\/?post_type=product&#038;p=118415"},"modified":"2026-01-12T12:53:51","modified_gmt":"2026-01-12T11:53:51","slug":"tablet-holder-table-clamp","status":"publish","type":"product","link":"https:\/\/secureus.se\/fr\/tablet-holder-table-clamp\/","title":{"rendered":"SUPPORT DE TABLETTE PINCE DE TABLE"},"content":{"rendered":"<p>Support de tablette au design \u00e9l\u00e9gant et fonctionnel pour tablettes de taille 7\u2033-13\u2033 (160-275 mm) avec bras articul\u00e9 et support pour fixation sur une table ou un plan de travail, qui lib\u00e8re de l&#039;espace sur le bureau. Le support vertical mesure 295 mm de haut et peut \u00eatre fix\u00e9 sur des plateaux de table jusqu&#039;\u00e0 40 mm d&#039;\u00e9paisseur. Le support, dot\u00e9 de surfaces recouvertes de caoutchouc qui prot\u00e8gent la tablette des rayures et des dommages, peut pivoter \u00e0 360\u00b0 avec quatre positions d&#039;arr\u00eat tous les 90\u00b0, pour une utilisation en format portrait ou paysage. De plus, il est tr\u00e8s facile \u00e0 adapter selon les besoins gr\u00e2ce au fait qu&#039;il peut \u00eatre inclin\u00e9 de haut en bas \u00e0 l&#039;infini de -6\u00b0 \u00e0 + 46\u00b0 et pivot\u00e9 de 170\u00b0 vers la droite et la gauche. La tablette est facile \u00e0 ins\u00e9rer et \u00e0 retirer du support, qui est verrouill\u00e9 avec une cl\u00e9 sp\u00e9ciale pour \u00e9viter le vol. Le c\u00e2ble de chargement est connect\u00e9 via une ouverture dans le support. Le bras est orientable lat\u00e9ralement \u00e0 180\u00b0 et extensible jusqu&#039;\u00e0 365 mm.<br \/>\nPoids maximum de la tablette 1 kg.<br \/>\nMat\u00e9riaux : t\u00f4le, aluminium, plastique ABS<br \/>\nDimensions : 100 x 440 x 210 mm (L x H x P)<\/p>","protected":false},"excerpt":{"rendered":"<p>Support de tablette. Avec support de table et bras oscillant articul\u00e9 pour montage sur un bureau par exemple.<\/p>","protected":false},"featured_media":135743,"template":"","meta":{"_acf_changed":false},"product_brand":[],"product_cat":[4236],"product_tag":[4382],"class_list":{"0":"post-118415","1":"product","2":"type-product","3":"status-publish","4":"has-post-thumbnail","6":"product_cat-surfplattehallare","7":"product_tag-silver","8":"product_shipping_class-tunga-paket","9":"pa_brands-durable","10":"pa_farg-silver","11":"tm-no-options","13":"first","14":"instock","15":"sale","16":"taxable","17":"shipping-taxable","18":"purchasable","19":"product-type-simple"},"acf":[],"_links":{"self":[{"href":"https:\/\/secureus.se\/fr\/wp-json\/wp\/v2\/product\/118415","targetHints":{"allow":["GET"]}}],"collection":[{"href":"https:\/\/secureus.se\/fr\/wp-json\/wp\/v2\/product"}],"about":[{"href":"https:\/\/secureus.se\/fr\/wp-json\/wp\/v2\/types\/product"}],"wp:featuredmedia":[{"embeddable":true,"href":"https:\/\/secureus.se\/fr\/wp-json\/wp\/v2\/media\/135743"}],"wp:attachment":[{"href":"https:\/\/secureus.se\/fr\/wp-json\/wp\/v2\/media?parent=118415"}],"wp:term":[{"taxonomy":"product_brand","embeddable":true,"href":"https:\/\/secureus.se\/fr\/wp-json\/wp\/v2\/product_brand?post=118415"},{"taxonomy":"product_cat","embeddable":true,"href":"https:\/\/secureus.se\/fr\/wp-json\/wp\/v2\/product_cat?post=118415"},{"taxonomy":"product_tag","embeddable":true,"href":"https:\/\/secureus.se\/fr\/wp-json\/wp\/v2\/product_tag?post=118415"}],"curies":[{"name":"wp","href":"https:\/\/api.w.org\/{rel}","templated":true}]}}