{"id":118424,"date":"2024-11-05T17:13:01","date_gmt":"2024-11-05T16:13:01","guid":{"rendered":"https:\/\/secureus.se\/?post_type=product&#038;p=118424"},"modified":"2026-01-12T12:54:39","modified_gmt":"2026-01-12T11:54:39","slug":"tablet-holder-wall-pro","status":"publish","type":"product","link":"https:\/\/secureus.se\/fr\/tablet-holder-wall-pro\/","title":{"rendered":"SUPPORT TABLETTE MUR PRO"},"content":{"rendered":"<p>Support de tablette mural au design \u00e9l\u00e9gant et fonctionnel pour tablettes de tailles 7\u2033-13\u2033 (160-275 mm). Pour une utilisation interactive dans les installations de production, mais aussi pour un usage domestique. Le bras a un r\u00e9glage d&#039;angle continu de 0\u00b0 \u00e0 88\u00b0. Le support, dot\u00e9 de surfaces recouvertes de caoutchouc qui prot\u00e8gent la tablette des rayures et des dommages, peut pivoter \u00e0 360\u00b0 avec quatre positions d&#039;arr\u00eat tous les 90\u00b0, pour une utilisation au format portrait ou paysage. La tablette est facile \u00e0 ins\u00e9rer et \u00e0 retirer du support, qui est verrouill\u00e9 avec une cl\u00e9 sp\u00e9ciale pour \u00e9viter le vol. Le c\u00e2ble de chargement est connect\u00e9 via une ouverture dans le support. Support mural facile \u00e0 installer, solide et s\u00e9curis\u00e9, comprenant vis et bouchon.<br \/>\nPoids maximum de la tablette 1 kg.<br \/>\nMat\u00e9riaux : t\u00f4le, aluminium, plastique ABS<br \/>\nDimensions : 80 x 65 x 270 mm (L x H x P)<\/p>","protected":false},"excerpt":{"rendered":"<p>Support de tablette. Support mural pour une utilisation interactive des tablettes, par exemple dans les installations de production.<\/p>","protected":false},"featured_media":135379,"template":"","meta":{"_acf_changed":false},"product_brand":[],"product_cat":[4236],"product_tag":[4382],"class_list":{"0":"post-118424","1":"product","2":"type-product","3":"status-publish","4":"has-post-thumbnail","6":"product_cat-surfplattehallare","7":"product_tag-silver","8":"product_shipping_class-tunga-paket","9":"pa_brands-durable","10":"pa_farg-silver","11":"tm-no-options","13":"first","14":"instock","15":"sale","16":"taxable","17":"shipping-taxable","18":"purchasable","19":"product-type-simple"},"acf":[],"_links":{"self":[{"href":"https:\/\/secureus.se\/fr\/wp-json\/wp\/v2\/product\/118424","targetHints":{"allow":["GET"]}}],"collection":[{"href":"https:\/\/secureus.se\/fr\/wp-json\/wp\/v2\/product"}],"about":[{"href":"https:\/\/secureus.se\/fr\/wp-json\/wp\/v2\/types\/product"}],"wp:featuredmedia":[{"embeddable":true,"href":"https:\/\/secureus.se\/fr\/wp-json\/wp\/v2\/media\/135379"}],"wp:attachment":[{"href":"https:\/\/secureus.se\/fr\/wp-json\/wp\/v2\/media?parent=118424"}],"wp:term":[{"taxonomy":"product_brand","embeddable":true,"href":"https:\/\/secureus.se\/fr\/wp-json\/wp\/v2\/product_brand?post=118424"},{"taxonomy":"product_cat","embeddable":true,"href":"https:\/\/secureus.se\/fr\/wp-json\/wp\/v2\/product_cat?post=118424"},{"taxonomy":"product_tag","embeddable":true,"href":"https:\/\/secureus.se\/fr\/wp-json\/wp\/v2\/product_tag?post=118424"}],"curies":[{"name":"wp","href":"https:\/\/api.w.org\/{rel}","templated":true}]}}