{"id":120155,"date":"2024-11-21T10:54:34","date_gmt":"2024-11-21T09:54:34","guid":{"rendered":"https:\/\/secureus.se\/?post_type=product&#038;p=120155"},"modified":"2026-04-12T15:10:54","modified_gmt":"2026-04-12T13:10:54","slug":"sim-kort-till-larm-100mb-manad-12-manader","status":"publish","type":"product","link":"https:\/\/secureus.se\/fr\/sim-kort-till-larm-100mb-manad-12-manader\/","title":{"rendered":"Carte SIM pour Alarme - 100Mo\/mois - 12 mois"},"content":{"rendered":"<h1 data-start=\"804\" data-end=\"856\">Carte SIM IoT pour alarmes - 100MB\/mois - 12 mois<\/h1>\n<p data-start=\"857\" data-end=\"922\"><strong data-start=\"857\" data-end=\"922\">Connexion professionnelle et s\u00e9curis\u00e9e pour les alarmes et les transmetteurs d'alarme.<\/strong><\/p>\n<hr data-start=\"924\" data-end=\"927\" \/>\n<h3 data-start=\"929\" data-end=\"987\"><strong data-start=\"933\" data-end=\"985\">Une communication fiable - quand c'est le plus important<\/strong><\/h3>\n<p data-start=\"988\" data-end=\"1226\">Cette carte SIM IoT est sp\u00e9cialement con\u00e7ue pour les applications critiques en mati\u00e8re de s\u00e9curit\u00e9, telles que les alarmes et les transmetteurs d'alarme. Avec un trafic prioritaire via le r\u00e9seau de Tele2 et un APN priv\u00e9, vous b\u00e9n\u00e9ficiez d'une connexion stable, s\u00e9curis\u00e9e et rapide, m\u00eame en cas de forte charge du r\u00e9seau.<\/p>\n<p data-start=\"1228\" data-end=\"1369\">Parfaitement adapt\u00e9 pour <strong data-start=\"1247\" data-end=\"1255\">Ajax<\/strong> et d'autres syst\u00e8mes d'alarme avanc\u00e9s, \u00e0 la fois comme connexion principale et comme solution de secours en cas de panne de l'internet fixe.<\/p>\n<hr data-start=\"1371\" data-end=\"1374\" \/>\n<h3 data-start=\"1376\" data-end=\"1411\"><strong data-start=\"1380\" data-end=\"1409\">Avantages de notre SIM IoT<\/strong><\/h3>\n<ul data-start=\"1412\" data-end=\"1816\">\n<li data-start=\"1412\" data-end=\"1473\">\n<p data-start=\"1414\" data-end=\"1473\"><strong data-start=\"1414\" data-end=\"1430\">100 Mo\/mois<\/strong> - suffisant pour la plupart des syst\u00e8mes d'alarme.<\/p>\n<\/li>\n<li data-start=\"1474\" data-end=\"1549\">\n<p data-start=\"1476\" data-end=\"1549\"><strong data-start=\"1476\" data-end=\"1502\">Priorit\u00e9 au trafic de donn\u00e9es<\/strong> - connexion stable m\u00eame en cas de charge \u00e9lev\u00e9e.<\/p>\n<\/li>\n<li data-start=\"1550\" data-end=\"1638\">\n<p data-start=\"1552\" data-end=\"1638\"><strong data-start=\"1552\" data-end=\"1566\">Priv\u00e9 APN<\/strong> - une s\u00e9curit\u00e9 accrue et une connectivit\u00e9 d\u00e9di\u00e9e via <code data-start=\"1613\" data-end=\"1635\">stonehouse.tele2.com<\/code>.<\/p>\n<\/li>\n<li data-start=\"1639\" data-end=\"1740\">\n<p data-start=\"1641\" data-end=\"1740\"><strong data-start=\"1641\" data-end=\"1664\">Solution de r\u00e9seau flexible<\/strong> - standard via Tele2, mais il est automatiquement commut\u00e9 sur le meilleur op\u00e9rateur\/m\u00e2t de votre r\u00e9gion.<\/p>\n<\/li>\n<li data-start=\"1741\" data-end=\"1816\">\n<p data-start=\"1743\" data-end=\"1816\"><strong data-start=\"1743\" data-end=\"1760\">Contr\u00f4le total<\/strong> - g\u00e9rer et renouveler votre abonnement via votre portail client.<\/p>\n<\/li>\n<\/ul>\n<hr data-start=\"1818\" data-end=\"1821\" \/>\n<h3 data-start=\"1823\" data-end=\"1848\"><strong data-start=\"1827\" data-end=\"1846\">Caract\u00e9ristiques<\/strong><\/h3>\n<ul data-start=\"1849\" data-end=\"2086\">\n<li data-start=\"1849\" data-end=\"1919\">\n<p data-start=\"1851\" data-end=\"1919\"><strong data-start=\"1851\" data-end=\"1863\">R\u00e9seau:<\/strong> Tele2.<\/p>\n<\/li>\n<li data-start=\"1920\" data-end=\"1953\">\n<p data-start=\"1922\" data-end=\"1953\"><strong data-start=\"1922\" data-end=\"1937\">Trafic de donn\u00e9es\u00a0:<\/strong> 100 Mo\/mois.<\/p>\n<\/li>\n<li data-start=\"1954\" data-end=\"2006\">\n<p data-start=\"1956\" data-end=\"2006\"><strong data-start=\"1956\" data-end=\"1971\">Abonnements :<\/strong> 12 mois (paiement anticip\u00e9).<\/p>\n<\/li>\n<li data-start=\"2007\" data-end=\"2041\">\n<p data-start=\"2009\" data-end=\"2041\"><strong data-start=\"2009\" data-end=\"2018\">Prix:<\/strong> 460 par 365 jours (TVA comprise).<\/p>\n<\/li>\n<li data-start=\"2042\" data-end=\"2086\">\n<p data-start=\"2044\" data-end=\"2086\"><strong data-start=\"2044\" data-end=\"2052\">Taper:<\/strong> Carte de donn\u00e9es - pas de SMS ni d'appels.<\/p>\n<\/li>\n<\/ul>\n<hr data-start=\"2088\" data-end=\"2091\" \/>\n<h3 data-start=\"2093\" data-end=\"2135\"><strong data-start=\"2097\" data-end=\"2133\">Installation - rapide et facile<\/strong><\/h3>\n<ol data-start=\"2136\" data-end=\"2277\">\n<li data-start=\"2136\" data-end=\"2172\">\n<p data-start=\"2139\" data-end=\"2172\">Ins\u00e9rez la carte SIM dans votre appareil et activez l'itin\u00e9rance.<\/p>\n<\/li>\n<li data-start=\"2173\" data-end=\"2211\">\n<p data-start=\"2176\" data-end=\"2211\">Saisissez l'APN : <code data-start=\"2186\" data-end=\"2208\">stonehouse.tele2.com<\/code>.<\/p>\n<\/li>\n<li data-start=\"2212\" data-end=\"2277\">\n<p data-start=\"2215\" data-end=\"2277\">C'est fait - votre syst\u00e8me d'alarme est maintenant en ligne avec un trafic prioritaire.<\/p>\n<\/li>\n<\/ol>\n<blockquote data-start=\"2279\" data-end=\"2430\">\n<p data-start=\"2281\" data-end=\"2430\"><strong data-start=\"2281\" data-end=\"2289\">Remarque !<\/strong> La carte n'est pas adapt\u00e9e aux cam\u00e9ras vid\u00e9o, car la diffusion vid\u00e9o n\u00e9cessite des volumes de donn\u00e9es plus importants. Pour la surveillance par cam\u00e9ra, nous proposons des cartes SIM sp\u00e9ciales. La premi\u00e8re connexion peut prendre un certain temps car la carte SIM est activ\u00e9e d\u00e8s la premi\u00e8re connexion ! Vous devrez peut-\u00eatre red\u00e9marrer votre appareil si vous avez ins\u00e9r\u00e9 la carte SIM dans un appareil allum\u00e9.<\/p>\n<\/blockquote>\n<hr data-start=\"2432\" data-end=\"2435\" \/>\n<h3 data-start=\"2437\" data-end=\"2481\"><strong data-start=\"2441\" data-end=\"2479\">Ce qu'il faut savoir avant de commander<\/strong><\/h3>\n<p data-start=\"2482\" data-end=\"2578\">Pour commander ce produit, vous devez cr\u00e9er un compte au moment de la commande, ce qui est facile \u00e0 faire au moment de la commande. Ceci est n\u00e9cessaire pour :<\/p>\n<ul data-start=\"2579\" data-end=\"2713\">\n<li data-start=\"2579\" data-end=\"2615\">\n<p data-start=\"2581\" data-end=\"2615\">G\u00e9rer et renouveler votre abonnement.<\/p>\n<\/li>\n<li data-start=\"2616\" data-end=\"2651\">\n<p data-start=\"2618\" data-end=\"2651\">Annuler le service \u00e0 tout moment.<\/p>\n<\/li>\n<li data-start=\"2652\" data-end=\"2713\">\n<p data-start=\"2654\" data-end=\"2713\">Veillez \u00e0 ce que votre carte SIM soit manipul\u00e9e correctement et en toute s\u00e9curit\u00e9.<\/p>\n<\/li>\n<\/ul>\n<hr data-start=\"2715\" data-end=\"2718\" \/>\n<p data-start=\"2720\" data-end=\"2801\">\u2705 <strong data-start=\"2722\" data-end=\"2731\">Prix:<\/strong> 460 SEK par 365 jours (TVA incluse)<br data-start=\"2751\" data-end=\"2754\" \/>\ud83d\udce6 <strong data-start=\"2757\" data-end=\"2770\">Livraison :<\/strong> Exp\u00e9dition sous 1 \u00e0 2 jours ouvrables<\/p>","protected":false},"excerpt":{"rendered":"<p data-start=\"280\" data-end=\"603\"><strong data-start=\"280\" data-end=\"332\">Carte SIM IoT pour alarmes - 100MB\/mois - 12 mois<\/strong><br data-start=\"332\" data-end=\"335\" \/>S\u00e9curisez votre syst\u00e8me d'alarme avec une SIM IoT professionnelle optimis\u00e9e pour les communications critiques en mati\u00e8re de s\u00e9curit\u00e9. Trafic de donn\u00e9es prioritaire via le r\u00e9seau Tele2, APN priv\u00e9 (<code data-start=\"485\" data-end=\"507\">stonehouse.tele2.com<\/code>) et une grande fiabilit\u00e9 garantissent une connectivit\u00e9 stable - id\u00e9ale pour Ajax et d'autres syst\u00e8mes d'alarme.<\/p>\n<p data-start=\"605\" data-end=\"770\"><strong data-start=\"605\" data-end=\"617\">Important :<\/strong> Pour acheter ce produit, vous devrez cr\u00e9er un compte \u00e0 la caisse si vous n'en avez pas d\u00e9j\u00e0 un. Cela peut \u00eatre fait facilement au moment de la commande. Ce compte est n\u00e9cessaire pour g\u00e9rer, renouveler ou annuler l'abonnement via notre portail client.<\/p>","protected":false},"featured_media":146587,"template":"","meta":{"_acf_changed":false},"product_brand":[],"product_cat":[1551],"product_tag":[],"class_list":{"0":"post-120155","1":"product","2":"type-product","3":"status-publish","4":"has-post-thumbnail","6":"product_cat-larmoverforing","7":"product_shipping_class-postnord-varubrev","8":"pa_brands-secureus","9":"pa_brands-tele2","10":"tm-no-options","12":"first","13":"instock","14":"taxable","15":"shipping-taxable","16":"purchasable","17":"product-type-simple"},"acf":[],"_links":{"self":[{"href":"https:\/\/secureus.se\/fr\/wp-json\/wp\/v2\/product\/120155","targetHints":{"allow":["GET"]}}],"collection":[{"href":"https:\/\/secureus.se\/fr\/wp-json\/wp\/v2\/product"}],"about":[{"href":"https:\/\/secureus.se\/fr\/wp-json\/wp\/v2\/types\/product"}],"wp:featuredmedia":[{"embeddable":true,"href":"https:\/\/secureus.se\/fr\/wp-json\/wp\/v2\/media\/146587"}],"wp:attachment":[{"href":"https:\/\/secureus.se\/fr\/wp-json\/wp\/v2\/media?parent=120155"}],"wp:term":[{"taxonomy":"product_brand","embeddable":true,"href":"https:\/\/secureus.se\/fr\/wp-json\/wp\/v2\/product_brand?post=120155"},{"taxonomy":"product_cat","embeddable":true,"href":"https:\/\/secureus.se\/fr\/wp-json\/wp\/v2\/product_cat?post=120155"},{"taxonomy":"product_tag","embeddable":true,"href":"https:\/\/secureus.se\/fr\/wp-json\/wp\/v2\/product_tag?post=120155"}],"curies":[{"name":"wp","href":"https:\/\/api.w.org\/{rel}","templated":true}]}}