{"id":120194,"date":"2024-10-24T13:02:30","date_gmt":"2024-10-24T11:02:30","guid":{"rendered":"https:\/\/secureus.se\/passerkort-rfid-kort-kombi-4200-mifare4k-chip\/"},"modified":"2026-03-27T14:12:08","modified_gmt":"2026-03-27T13:12:08","slug":"passerkort-rfid-kort-kombi-em-mifare4k-chip","status":"publish","type":"product","link":"https:\/\/secureus.se\/fr\/passerkort-rfid-kort-kombi-em-mifare4k-chip\/","title":{"rendered":"Carte d&#039;acc\u00e8s \/ Carte RFID Puce compatible Combi EM\/MIFARE4k"},"content":{"rendered":"<p>Carte d&#039;acc\u00e8s \/ Carte RFID Puce compatible Combi EM\/MIFARE4k<\/p>\n<p>Notre carte combin\u00e9e offre deux puces dans une seule carte, vous offrant une flexibilit\u00e9 maximale pour diff\u00e9rents syst\u00e8mes d&#039;acc\u00e8s et applications. La carte est \u00e9quip\u00e9e du Fudan S50, qui correspond \u00e0 MIFARE1k, ainsi que du HT4168, qui est compatible avec la technologie EM4200.<\/p>\n<p>Cette carte est la solution id\u00e9ale pour les environnements o\u00f9 plusieurs syst\u00e8mes sont utilis\u00e9s en m\u00eame temps, par exemple sur les lieux de travail ou dans les immeubles d&#039;habitation. Le mat\u00e9riau plastique de haute qualit\u00e9 garantit une durabilit\u00e9 et une longue dur\u00e9e de vie. De plus, nous offrons une garantie de 2 ans pour assurer votre tranquillit\u00e9 d&#039;esprit.<\/p>\n<p>**Caract\u00e9ristiques:**<br \/>\n\u2013 **Compatibilit\u00e9\u00a0:**<br \/>\n\u2013 **Fudan S70\u00a0:** MIFARE4k<br \/>\n\u2013 **HT4168\u00a0:** EM4200<br \/>\n\u2013 **Caract\u00e9ristique\u00a0:** Technologie \u00e0 double puce pour une utilisation dans plusieurs syst\u00e8mes<br \/>\n\u2013 **Mat\u00e9riaux\u00a0:** Plastique de haute qualit\u00e9<br \/>\n\u2013 **Garantie\u00a0:** 2 ans<\/p>\n<p>Avec cette carte combin\u00e9e, vous obtenez une solution polyvalente et fiable pour le contr\u00f4le d&#039;acc\u00e8s et l&#039;identification. Choisissez la qualit\u00e9 et la fonctionnalit\u00e9 dans une seule et m\u00eame carte !<\/p>","protected":false},"excerpt":{"rendered":"<p>Ce produit est con\u00e7u pour r\u00e9pondre aux m\u00eames exigences et fonctions que celles requises par la puce NXP, mais avec une puce compatible et \u00e0 un prix inf\u00e9rieur.<\/p>\n<p>Nous offrons une garantie de 2 ans sur le fonctionnement et le contenu de la carte.<\/p>","protected":false},"featured_media":136040,"template":"","meta":{"_acf_changed":false},"product_brand":[],"product_cat":[4346],"product_tag":[4415,2958],"class_list":{"0":"post-120194","1":"product","2":"type-product","3":"status-publish","4":"has-post-thumbnail","6":"product_cat-mifare4k-em4200-kombinerade","7":"product_tag-kompatibelt-chip","8":"product_tag-stonehouse-produkt","9":"product_shipping_class-postnord-varubrev","10":"pa_brands-stonehouse-security","11":"pa_farg-vit","12":"pa_plastkort-teknik-kombi-em-mifare4k","13":"tm-has-options","15":"first","16":"instock","17":"sale","18":"featured","19":"taxable","20":"shipping-taxable","21":"purchasable","22":"product-type-simple"},"acf":[],"_links":{"self":[{"href":"https:\/\/secureus.se\/fr\/wp-json\/wp\/v2\/product\/120194","targetHints":{"allow":["GET"]}}],"collection":[{"href":"https:\/\/secureus.se\/fr\/wp-json\/wp\/v2\/product"}],"about":[{"href":"https:\/\/secureus.se\/fr\/wp-json\/wp\/v2\/types\/product"}],"wp:featuredmedia":[{"embeddable":true,"href":"https:\/\/secureus.se\/fr\/wp-json\/wp\/v2\/media\/136040"}],"wp:attachment":[{"href":"https:\/\/secureus.se\/fr\/wp-json\/wp\/v2\/media?parent=120194"}],"wp:term":[{"taxonomy":"product_brand","embeddable":true,"href":"https:\/\/secureus.se\/fr\/wp-json\/wp\/v2\/product_brand?post=120194"},{"taxonomy":"product_cat","embeddable":true,"href":"https:\/\/secureus.se\/fr\/wp-json\/wp\/v2\/product_cat?post=120194"},{"taxonomy":"product_tag","embeddable":true,"href":"https:\/\/secureus.se\/fr\/wp-json\/wp\/v2\/product_tag?post=120194"}],"curies":[{"name":"wp","href":"https:\/\/api.w.org\/{rel}","templated":true}]}}