{"id":120490,"date":"2024-11-19T15:32:54","date_gmt":"2024-11-19T14:32:54","guid":{"rendered":"https:\/\/secureus.se\/batteri-100ah-12v-helios-8-10-ar\/"},"modified":"2026-04-20T10:16:36","modified_gmt":"2026-04-20T08:16:36","slug":"batteri-100ah-12v-helios","status":"publish","type":"product","link":"https:\/\/secureus.se\/fr\/batteri-100ah-12v-helios\/","title":{"rendered":"Batterie 12V 100Ah HELIOS Version Pro 8-10 ans"},"content":{"rendered":"<h4><strong>Batterie 100Ah 12V HELIOS \u2013 Pour une alimentation \u00e9lectrique fiable<\/strong><\/h4>\n<p>H\u00c9LIOS <strong>batterie 100Ah<\/strong> est d\u00e9velopp\u00e9 pour r\u00e9pondre aux exigences les plus \u00e9lev\u00e9es en mati\u00e8re de fiabilit\u00e9 et de performances. Avec une longue dur\u00e9e de vie de 8 \u00e0 10 ans et un taux de d\u00e9faillance extr\u00eamement faible de 0,03 % en sortie d&#039;usine, ce <strong>Batterie 100 Ah<\/strong> le choix \u00e9vident pour les cellules solaires, l&#039;alimentation de secours et les applications marines.<\/p>\n<hr \/>\n<h4><strong>Pourquoi choisir la batterie HELIOS 100Ah ?<\/strong><\/h4>\n<ul>\n<li><strong>Capacit\u00e9 optimale\u00a0:<\/strong> 12 V et 100 Ah pour un fonctionnement stable et efficace.<\/li>\n<li><strong>Longue dur\u00e9e de conservation\u00a0:<\/strong> Sa dur\u00e9e de vie allant jusqu&#039;\u00e0 10 ans en fait une solution rentable.<\/li>\n<li><strong>Haute qualit\u00e9:<\/strong> Fabriqu\u00e9 avec la technologie AGM avanc\u00e9e et un contr\u00f4le de qualit\u00e9 strict.<\/li>\n<li><strong>Agr\u00e9\u00e9:<\/strong> CE, UL, ROSH et ISO9000, ISO14000, ISO18000 pour les normes de s\u00e9curit\u00e9 et environnementales.<\/li>\n<li><strong>Taux d&#039;erreur minimal\u00a0:<\/strong> Seulement 0,03 taux de d\u00e9faillance % en usine.<\/li>\n<\/ul>\n<hr \/>\n<h4><strong>Caract\u00e9ristiques:<\/strong><\/h4>\n<ul>\n<li><strong>Capacit\u00e9:<\/strong> 100Ah<\/li>\n<li><strong>tension:<\/strong> 12V<\/li>\n<li><strong>Mesure:<\/strong> 35x19x28 cm<\/li>\n<li><strong>Poids:<\/strong> 30,8 kg<\/li>\n<li><strong>Vie:<\/strong> 8 \u00e0 10 ans<\/li>\n<\/ul>\n<hr \/>\n<h4><strong>Domaines d&#039;utilisation :<\/strong><\/h4>\n<ul>\n<li><strong>Cellules solaires\u00a0:<\/strong> Pour une \u00e9nergie optimale dans les syst\u00e8mes hors r\u00e9seau.<\/li>\n<li><strong>Sauvegarde:<\/strong> Parfait comme alimentation de secours pour la maison et l&#039;entreprise.<\/li>\n<li><strong>Syst\u00e8me de s\u00e9curit\u00e9\u00a0:<\/strong> \u00c9nergie fiable pour les alarmes et la surveillance.<\/li>\n<li><strong>Applications marines\u00a0:<\/strong> R\u00e9siste aux environnements difficiles et assure un fonctionnement stable.<\/li>\n<\/ul>\n<hr \/>\n<h4><strong>Batterie Helios 100Ah \u2013 Un investissement dans l\u2019\u00e9nergie durable<\/strong><\/h4>\n<p>H\u00c9LIOS <strong>Batterie 100 Ah<\/strong> est con\u00e7u pour offrir les meilleures performances possibles au prix le plus bas. Notre ambition est de fournir des solutions puissantes et abordables qui r\u00e9pondent aux normes les plus \u00e9lev\u00e9es.<\/p>","protected":false},"excerpt":{"rendered":"<p><strong>Batterie 100Ah 12V HELIOS<\/strong> est une batterie AGM durable avec une dur\u00e9e de vie de 8 \u00e0 10 ans. Parfait pour les cellules solaires, les syst\u00e8mes de s\u00e9curit\u00e9 et les applications marines. Certifi\u00e9 selon les normes CE, UL et ISO.<\/p>","protected":false},"featured_media":134943,"template":"","meta":{"_acf_changed":false},"product_brand":[],"product_cat":[1596,1324],"product_tag":[4406,2419],"class_list":{"0":"post-120490","1":"product","2":"type-product","3":"status-publish","4":"has-post-thumbnail","6":"product_cat-ackumulatorer-12v-agm-batterier","7":"product_cat-outlet","8":"product_tag-batteri-13-45-ah","9":"product_tag-rel-batteri","10":"product_shipping_class-tunga-paket","11":"pa_brands-stonehouse-security","12":"tm-no-options","14":"first","15":"instock","16":"sale","17":"featured","18":"taxable","19":"shipping-taxable","20":"purchasable","21":"product-type-simple"},"acf":[],"_links":{"self":[{"href":"https:\/\/secureus.se\/fr\/wp-json\/wp\/v2\/product\/120490","targetHints":{"allow":["GET"]}}],"collection":[{"href":"https:\/\/secureus.se\/fr\/wp-json\/wp\/v2\/product"}],"about":[{"href":"https:\/\/secureus.se\/fr\/wp-json\/wp\/v2\/types\/product"}],"wp:featuredmedia":[{"embeddable":true,"href":"https:\/\/secureus.se\/fr\/wp-json\/wp\/v2\/media\/134943"}],"wp:attachment":[{"href":"https:\/\/secureus.se\/fr\/wp-json\/wp\/v2\/media?parent=120490"}],"wp:term":[{"taxonomy":"product_brand","embeddable":true,"href":"https:\/\/secureus.se\/fr\/wp-json\/wp\/v2\/product_brand?post=120490"},{"taxonomy":"product_cat","embeddable":true,"href":"https:\/\/secureus.se\/fr\/wp-json\/wp\/v2\/product_cat?post=120490"},{"taxonomy":"product_tag","embeddable":true,"href":"https:\/\/secureus.se\/fr\/wp-json\/wp\/v2\/product_tag?post=120490"}],"curies":[{"name":"wp","href":"https:\/\/api.w.org\/{rel}","templated":true}]}}