{"id":132356,"date":"2024-11-26T10:28:52","date_gmt":"2024-11-26T09:28:52","guid":{"rendered":"https:\/\/secureus.se\/?post_type=product&#038;p=132356"},"modified":"2026-02-18T13:50:16","modified_gmt":"2026-02-18T12:50:16","slug":"risco-rw432kpp802a-panda-wireless-2-way-keypad-for-lightsys","status":"publish","type":"product","link":"https:\/\/secureus.se\/fr\/risco-rw432kpp802a-panda-wireless-2-way-keypad-for-lightsys\/","title":{"rendered":"Clavier sans fil bidirectionnel RISCO avec capteur de proximit\u00e9 \u2013 pour LightSYS Air et LightSYS+ (blanc)"},"content":{"rendered":"<p data-start=\"673\" data-end=\"733\"><strong data-start=\"673\" data-end=\"731\">RISCO RW432KPP802A \u2013 Clavier bidirectionnel sans fil avec capteur de proximit\u00e9<\/strong><\/p>\n<p data-start=\"735\" data-end=\"1005\">RISCO RW432KPP802A est un <strong data-start=\"760\" data-end=\"789\">clavier bidirectionnel sans fil<\/strong> avec \u00e9cran LCD, d\u00e9velopp\u00e9 pour \u00eatre utilis\u00e9 avec <strong data-start=\"836\" data-end=\"866\">LightSYS Air et LightSYS+<\/strong>Il combine <strong data-start=\"883\" data-end=\"935\">Design moderne, utilisation facile et haute s\u00e9curit\u00e9<\/strong> une solution flexible adapt\u00e9e aux propri\u00e9t\u00e9s r\u00e9sidentielles et commerciales.<\/p>\n<p data-start=\"1007\" data-end=\"1448\"><strong data-start=\"1009\" data-end=\"1033\">installation sans fil<\/strong> \u2013 montage rapide gr\u00e2ce au support int\u00e9gr\u00e9<br data-start=\"1069\" data-end=\"1072\" \/><strong data-start=\"1074\" data-end=\"1089\">\u00c9cran LCD<\/strong> \u2013 \u00e9tat du syst\u00e8me clair et navigation facile<br data-start=\"1132\" data-end=\"1135\" \/><strong data-start=\"1137\" data-end=\"1171\">Lecteur RFID MIFARE (13,56 MHz)<\/strong> \u2013 Acc\u00e8s rapide et s\u00e9curis\u00e9 gr\u00e2ce aux cartes de proximit\u00e9<br data-start=\"1210\" data-end=\"1213\" \/><strong data-start=\"1215\" data-end=\"1239\">Indicateurs visuels<\/strong> \u2013 affiche l&#039;\u00e9tat du syst\u00e8me, la connexion au cloud Risco, les erreurs et les alarmes<br data-start=\"1303\" data-end=\"1306\" \/><strong data-start=\"1308\" data-end=\"1328\">Boutons tactiques<\/strong> \u2013 r\u00e9actif et durable pour une utilisation fiable<br data-start=\"1378\" data-end=\"1381\" \/><strong data-start=\"1383\" data-end=\"1408\">Communication \u00e0 868 MHz<\/strong> \u2013 connexion sans fil s\u00e9curis\u00e9e et stable<\/p>\n<p data-start=\"1450\" data-end=\"1561\">Le clavier est aliment\u00e9 par <strong data-start=\"1473\" data-end=\"1497\">4 piles CR123A<\/strong> et est \u00e9quip\u00e9 de <strong data-start=\"1518\" data-end=\"1539\">protection anti-sabotage<\/strong> Pour plus de s\u00e9curit\u00e9.<\/p>\n<hr data-start=\"1563\" data-end=\"1566\" \/>\n<h3 data-start=\"1568\" data-end=\"1593\"><strong data-start=\"1572\" data-end=\"1591\">Caract\u00e9ristiques<\/strong><\/h3>\n<ul data-start=\"1594\" data-end=\"1950\">\n<li data-start=\"1594\" data-end=\"1622\">\n<p data-start=\"1596\" data-end=\"1622\"><strong data-start=\"1596\" data-end=\"1607\">Mod\u00e8le:<\/strong> RW432KPP802A<\/p>\n<\/li>\n<li data-start=\"1623\" data-end=\"1640\">\n<p data-start=\"1625\" data-end=\"1640\"><strong data-start=\"1625\" data-end=\"1634\">Peinture:<\/strong> Blanc<\/p>\n<\/li>\n<li data-start=\"1641\" data-end=\"1689\">\n<p data-start=\"1643\" data-end=\"1689\"><strong data-start=\"1643\" data-end=\"1662\">Compatibilit\u00e9:<\/strong> LightSYS Air et LightSYS+<\/p>\n<\/li>\n<li data-start=\"1690\" data-end=\"1710\">\n<p data-start=\"1692\" data-end=\"1710\"><strong data-start=\"1692\" data-end=\"1704\">Afficher:<\/strong> \u00e9cran LCD<\/p>\n<\/li>\n<li data-start=\"1711\" data-end=\"1741\">\n<p data-start=\"1713\" data-end=\"1741\"><strong data-start=\"1713\" data-end=\"1722\">RFID :<\/strong> MIFARE 13,56 MHz<\/p>\n<\/li>\n<li data-start=\"1742\" data-end=\"1773\">\n<p data-start=\"1744\" data-end=\"1773\"><strong data-start=\"1744\" data-end=\"1763\">Fr\u00e9quence de fonctionnement :<\/strong> 868 MHz<\/p>\n<\/li>\n<li data-start=\"1774\" data-end=\"1820\">\n<p data-start=\"1776\" data-end=\"1820\"><strong data-start=\"1776\" data-end=\"1797\">Alimentation\u00a0:<\/strong> 4 piles CR123A<\/p>\n<\/li>\n<li data-start=\"1821\" data-end=\"1852\">\n<p data-start=\"1823\" data-end=\"1852\"><strong data-start=\"1823\" data-end=\"1832\">Mesure:<\/strong> 180 \u00d7 115 \u00d7 35 mm<\/p>\n<\/li>\n<li data-start=\"1853\" data-end=\"1872\">\n<p data-start=\"1855\" data-end=\"1872\"><strong data-start=\"1855\" data-end=\"1864\">Poids:<\/strong> 287 g<\/p>\n<\/li>\n<li data-start=\"1873\" data-end=\"1922\">\n<p data-start=\"1875\" data-end=\"1922\"><strong data-start=\"1875\" data-end=\"1892\">Installation:<\/strong> Sans fil avec support de fixation<\/p>\n<\/li>\n<li data-start=\"1923\" data-end=\"1950\">\n<p data-start=\"1925\" data-end=\"1950\"><strong data-start=\"1925\" data-end=\"1935\">Protection:<\/strong> Anti-sabotage<\/p>\n<\/li>\n<\/ul>","protected":false},"excerpt":{"rendered":"<p>Le RISCO RW432KPP802A est un clavier sans fil bidirectionnel compatible avec LightSYS Air et LightSYS+. Dot\u00e9 d&#039;un \u00e9cran LCD, d&#039;un lecteur RFID MIFARE et d&#039;un design moderne, il offre un contr\u00f4le simple, s\u00e9curis\u00e9 et flexible.<\/p>","protected":false},"featured_media":133566,"template":"","meta":{"_acf_changed":false},"product_brand":[],"product_cat":[4880],"product_tag":[],"class_list":{"0":"post-132356","1":"product","2":"type-product","3":"status-publish","4":"has-post-thumbnail","6":"product_cat-lightsys-air-v6","7":"product_shipping_class-tunga-paket","8":"pa_brands-4risco","9":"tm-no-options","11":"first","12":"instock","13":"taxable","14":"shipping-taxable","15":"purchasable","16":"product-type-simple"},"acf":[],"_links":{"self":[{"href":"https:\/\/secureus.se\/fr\/wp-json\/wp\/v2\/product\/132356","targetHints":{"allow":["GET"]}}],"collection":[{"href":"https:\/\/secureus.se\/fr\/wp-json\/wp\/v2\/product"}],"about":[{"href":"https:\/\/secureus.se\/fr\/wp-json\/wp\/v2\/types\/product"}],"wp:featuredmedia":[{"embeddable":true,"href":"https:\/\/secureus.se\/fr\/wp-json\/wp\/v2\/media\/133566"}],"wp:attachment":[{"href":"https:\/\/secureus.se\/fr\/wp-json\/wp\/v2\/media?parent=132356"}],"wp:term":[{"taxonomy":"product_brand","embeddable":true,"href":"https:\/\/secureus.se\/fr\/wp-json\/wp\/v2\/product_brand?post=132356"},{"taxonomy":"product_cat","embeddable":true,"href":"https:\/\/secureus.se\/fr\/wp-json\/wp\/v2\/product_cat?post=132356"},{"taxonomy":"product_tag","embeddable":true,"href":"https:\/\/secureus.se\/fr\/wp-json\/wp\/v2\/product_tag?post=132356"}],"curies":[{"name":"wp","href":"https:\/\/api.w.org\/{rel}","templated":true}]}}